{"id":157,"date":"2023-09-25T15:18:30","date_gmt":"2023-09-25T14:18:30","guid":{"rendered":"https:\/\/ambtunisi.esteri.it\/chi-siamo\/contatti\/"},"modified":"2023-11-23T11:23:54","modified_gmt":"2023-11-23T10:23:54","slug":"contatti","status":"publish","type":"page","link":"https:\/\/ambtunisi.esteri.it\/fr\/chi-siamo\/contatti\/","title":{"rendered":"Contacts"},"content":{"rendered":"<p class=\"boxLevel03\"><strong>AMBASSADE D&rsquo;ITALIE A TUNIS<\/strong><\/p>\n<p>1, Rue de Florence (ex Rue de l&rsquo;Alhambra) &#8211; Mutuelleville &#8211; 1002 Tunis<\/p>\n<p>Tel.\u00a000216\/71892231 &#8211; 00216\/71892811<br \/>\nFax. 00216\/71892150<br \/>\n<a href=\"mailto:ambitalia.tunisi@esteri.it\">ambitalia.tunisi@esteri.it<\/a><\/p>\n<p><strong>PEC:<\/strong>\u00a0<a href=\"mailto:amb.tunisi@cert.esteri.it\">amb.tunisi@cert.esteri.it<\/a><\/p>\n<p>Horaire d\u2019ouverture: de lundi \u00e0 vendredi, de 8h \u00e0 18h<\/p>\n<p>En dehors de l\u2019horaire d\u2019ouverture de l&rsquo;Ambassade et exclusivement pour les ressortissants en difficult\u00e9, le suivant\u00a0<strong>num\u00e9ro d\u2019urgence<\/strong>\u00a0est op\u00e9rationnel:\u00a0<strong>00216\/98301496<\/strong>.<\/p>\n<p>&nbsp;<\/p>\n<p><strong>CHANCELLERIE CONSULAIRE<\/strong><\/p>\n<p>113, Avenue Jugurtha &#8211; Mutuelleville, 1002 Tunis<\/p>\n<p>Pour informations et les coordonn\u00e9es des Services consulaires, pri\u00e8re de visiter la Section \u00ab\u00a0<a href=\"https:\/\/ambtunisi.esteri.it\/ambasciata_tunisi\/fr\/informazioni-e-servizi\/servizi_consolari\/\">Services consulaires<\/a>\u00ab\u00a0.<\/p>\n<p><strong>Horaire d\u2019ouverture et d\u2019accueil du public:<\/strong><\/p>\n<p>La Chancellerie Consulaire de l\u2019Ambassade d\u2019Italie \u00e0 Tunis re\u00e7oit le public,\u00a0<strong>seulement sur prise de rendez-vous<\/strong>, pour le traitement des dossiers relatifs au registre d\u2019\u00e9tat civil (inscription aux fichiers consulaires qui permettent l\u2019inscription au Registre des Italiens r\u00e9sidents \u00e0 l\u2019Etranger AIRE), assistance, nationalit\u00e9, service notarial, passeports.<\/p>\n<p>L&rsquo;acc\u00e8s aux services consulaires n&rsquo;est pas garanti sans rendez-vous.<\/p>\n<p><strong>lundi, mardi, mercredi, jeudi, vendredi: de 9h \u00e0 12h (rendez-vous seulement)<\/strong><\/p>\n<p>Pour prendre un rendez-vous, pri\u00e8re contacter le standard de l\u2019Ambassade aux num\u00e9ros 00216\/71892231 &#8211; 00216\/71892811 ou \u00e9crire \u00e0 l\u2019une des adresses mail disponibles dans la Section \u00ab\u00a0<a href=\"https:\/\/ambtunisi.esteri.it\/ambasciata_tunisi\/fr\/informazioni-e-servizi\/servizi_consolari\">Services consulaires<\/a>\u00ab\u00a0. L&rsquo;acc\u00e8s aux services consulaires n&rsquo;est pas garanti sans rendez-vous.<\/p>\n<p>Pour demander des informations qui ne sont d\u00e9j\u00e0 disponibles sur ce site internet, les Services Consulaires donnent l&rsquo;<strong>assistance t\u00e9l\u00e9phonique<\/strong>\u00a0au public\u00a0<strong>du lundi au vendredi, de 14h00 \u00e0 15h00<\/strong>; sauf le Service Assistance, qui repond de 9h00 \u00e0 15h00.<\/p>\n<p>&nbsp;<\/p>\n<p><strong>BUREAU DES VISAS<\/strong><\/p>\n<p>113, Avenue Jugurtha &#8211; Mutuelleville, 1002 Tunisi<\/p>\n<p>Horaire d\u2019ouverture et d\u2019accueil du public: de lundi \u00e0 vendredi, de 9h \u00e0 12h<\/p>\n<p>Pour la remise des passeports: de lundi \u00e0 vendredi, de 14h30 \u00e0 15h<\/p>\n<p>Pour toute information qui ne soit pas pr\u00e9sente dans ce site, le Bureau des Visas peut \u00eatre contact\u00e9 \u00e0 l\u2019adresse e-mail suivante:\u00a0<a href=\"mailto:visti1.tunisi@esteri.it\">visti1.tunisi@esteri.it<\/a>.<\/p>\n<p>Les services de r\u00e9servation d&rsquo;un rendez-vous pour requ\u00eate de visa sont g\u00e9r\u00e9s par la\u00a0<strong>Soci\u00e9t\u00e9 AlmavivA Visa Services<\/strong>, qui se trouve \u00e0 l&rsquo;adresse suivante: 8, rue du Dr. Alphonse Laveran &#8211; Mutuelleville, 1002 Tunisi, Tel. 00216\/71103710,\u00a0<a href=\"http:\/\/www.avs.com.xn--tn-qia\/\">www.avs.com.tn<\/a>.<\/p>\n<p>Pour fixer un rdv pour demande de visa, pri\u00e8re visiter le site web de la Soci\u00e9t\u00e9 AlmavivA Visa Services\u00a0<a href=\"http:\/\/www.avs.com.tn\/\">www.avs.com.tn<\/a>\u00a0ou prendre contact avec le num\u00e9ro suivant: Tel. 00216\/71103710. Le si\u00e8ge de la Soci\u00e9t\u00e9 Almaviva se trouve \u00e0 l&rsquo;adresse suivante: 8, rue du Dr. Alphonse Laveran &#8211; Mutuelleville, 1002 Tunis.<\/p>\n<p>&nbsp;<\/p>\n<p><strong>AVIS AU PUBLIC: FERMETURE JOURS FERIES<\/strong><\/p>\n<p>Au cours de l\u2019ann\u00e9e\u00a0<strong>2023<\/strong>, l&rsquo;Ambassade d&rsquo;Italie observera le calendrier des jours feri\u00e9s suivant:<\/p>\n<p>1er janvier &#8211; Jour de l\u2019An<\/p>\n<p>20 mars \u2013 F\u00eate de l\u2019Ind\u00e9pendance Tunisienne<\/p>\n<p>10 avril &#8211; Lundi de P\u00e2ques<\/p>\n<p>25 avril \u2013 Anniversaire de la Lib\u00e9ration<\/p>\n<p>1er mai \u2013 F\u00eate du Travail<\/p>\n<p>2 juin \u2013 F\u00eate de la R\u00e9publique Italienne<\/p>\n<p>Aid El Fitr *<\/p>\n<p>Aid El Idha *<\/p>\n<p>17 d\u00e9cembre &#8211; F\u00eate de la R\u00e9volution et de la Jeunesse<\/p>\n<p>25 d\u00e9cembre \u2013 Jour de No\u00ebl<\/p>\n<p>26 d\u00e9cembre \u2013 Jour de la Saint Etienne<\/p>\n<p>* La date fait l&rsquo;objet de confirmation de la part des Autorit\u00e9s locales dans les jours pr\u00e9c\u00e9dant imm\u00e9diatement la f\u00eate.<\/p>\n","protected":false},"excerpt":{"rendered":"AMBASSADE D&rsquo;ITALIE A TUNIS 1, Rue de Florence (ex Rue de l&rsquo;Alhambra) &#8211; Mutuelleville &#8211; 1002 Tunis Tel.\u00a000216\/71892231 &#8211; 00216\/71892811 Fax. 00216\/71892150 ambitalia.tunisi@esteri.it PEC:\u00a0amb.tunisi@cert.esteri.it Horaire d\u2019ouverture: de lundi \u00e0 vendredi, de 8h \u00e0 18h En dehors de l\u2019horaire d\u2019ouverture de l&rsquo;Ambassade et exclusivement pour les ressortissants en difficult\u00e9, le suivant\u00a0num\u00e9ro d\u2019urgence\u00a0est op\u00e9rationnel:\u00a000216\/98301496. &nbsp; CHANCELLERIE CONSULAIRE [&hellip;]","protected":false},"author":1,"featured_media":0,"parent":154,"menu_order":4,"comment_status":"closed","ping_status":"closed","template":"","meta":{"footnotes":""},"class_list":["post-157","page","type-page","status-publish","hentry"],"_links":{"self":[{"href":"https:\/\/ambtunisi.esteri.it\/fr\/wp-json\/wp\/v2\/pages\/157","targetHints":{"allow":["GET"]}}],"collection":[{"href":"https:\/\/ambtunisi.esteri.it\/fr\/wp-json\/wp\/v2\/pages"}],"about":[{"href":"https:\/\/ambtunisi.esteri.it\/fr\/wp-json\/wp\/v2\/types\/page"}],"author":[{"embeddable":true,"href":"https:\/\/ambtunisi.esteri.it\/fr\/wp-json\/wp\/v2\/users\/1"}],"replies":[{"embeddable":true,"href":"https:\/\/ambtunisi.esteri.it\/fr\/wp-json\/wp\/v2\/comments?post=157"}],"version-history":[{"count":2,"href":"https:\/\/ambtunisi.esteri.it\/fr\/wp-json\/wp\/v2\/pages\/157\/revisions"}],"predecessor-version":[{"id":425,"href":"https:\/\/ambtunisi.esteri.it\/fr\/wp-json\/wp\/v2\/pages\/157\/revisions\/425"}],"up":[{"embeddable":true,"href":"https:\/\/ambtunisi.esteri.it\/fr\/wp-json\/wp\/v2\/pages\/154"}],"wp:attachment":[{"href":"https:\/\/ambtunisi.esteri.it\/fr\/wp-json\/wp\/v2\/media?parent=157"}],"curies":[{"name":"wp","href":"https:\/\/api.w.org\/{rel}","templated":true}]}}