{"id":162,"date":"2023-04-11T18:10:30","date_gmt":"2023-04-11T17:10:30","guid":{"rendered":"https:\/\/ambtunisi.esteri.it\/diplomazia-economica\/"},"modified":"2025-12-05T12:06:22","modified_gmt":"2025-12-05T11:06:22","slug":"diplomazia-economica","status":"publish","type":"page","link":"https:\/\/ambtunisi.esteri.it\/fr\/italia-e-tunisia\/diplomazia-economica\/","title":{"rendered":"Diplomatie \u00e9conomique"},"content":{"rendered":"<p><strong>Coop\u00e9ration \u00e9conomique<\/strong><\/p>\n<p>L\u2019Italie est le deuxi\u00e8me partenaire commercial de la Tunisie, avec un \u00e9change commercial bilat\u00e9ral d\u2019environ 6.7 milliards d\u2019euros en 2024 (ISTAT). L\u2019Italie est, en outre, le premier fournisseur de la Tunisie et son deuxi\u00e8me client.<\/p>\n<p>&nbsp;<\/p>\n<p><strong>Fonctionnement des entreprises<\/strong><\/p>\n<p>En Tunisie, la pr\u00e9sence des entreprises italiennes est forte et bien \u00e9tablie. D\u2019apr\u00e8s les statistiques de l\u2019Agence de Promotion de l\u2019Investissement Ext\u00e9rieur (FIPA), plus de 1.000 entreprises sont actives dans le pays (dont la plupart sont des entreprises off-shore totalement exportatrices), ce qui repr\u00e9sente plus d&rsquo;un quart des entreprises \u00e0 participation \u00e9trang\u00e8re pr\u00e9sentes.<\/p>\n<p>La plupart d\u2019entre elles sont concentr\u00e9es sur le Grand Tunis et dans les r\u00e9gions c\u00f4ti\u00e8res. Toutefois, gr\u00e2ce \u00e0 une main d\u2019\u0153uvre qualifi\u00e9e pr\u00e9sente sur tout le territoire, les entreprises italiennes s\u2019installent de plus en plus dans l\u2019int\u00e9rieur du Pays.<\/p>\n<p>Selon les statistiques de la FIPA, en 2024, l\u2019Italie \u00e9tait le troisi\u00e8me pays en termes de flux d\u2019investissement.<\/p>\n<p>Au total, plus de 85.000 emplois directs ont \u00e9t\u00e9 cr\u00e9\u00e9s par des entreprises italiennes.<\/p>\n<p>&nbsp;<\/p>\n<p><strong>Secteurs de march\u00e9<\/strong><\/p>\n<p>L&rsquo;Italie est pr\u00e9sente dans les secteurs de l&rsquo;industrie manufacturi\u00e8re, des mat\u00e9riaux de construction et des grands travaux, des composants automobiles, des transports, de la m\u00e9canique, de l&rsquo;\u00e9lectricit\u00e9, de l&rsquo;agroalimentaire et de la pharmacie. L&rsquo;importance du secteur de l&rsquo;\u00e9nergie est \u00e9galement significative. Le secteur marchand, o\u00f9 les entreprises italiennes sont le plus pr\u00e9sentes, reste celui du textile et de l&rsquo;habillement.<\/p>\n<p>Pour en savoir plus\u00a0: <a href=\"https:\/\/www.annuarioimpreseitaliatunisia.com\/fr\/\">Annuaire des Entreprises Italiennes en Tunisie<\/a><\/p>\n<p>&nbsp;<\/p>\n<p><a href=\"https:\/\/www.ice.it\/it\/mercati\/tunisia\/tunisi\"><img loading=\"lazy\" decoding=\"async\" class=\"alignleft size-medium wp-image-502 img-fluid\" src=\"https:\/\/ambtunisi.esteri.it\/wp-content\/uploads\/2023\/11\/ICE-TUNISI-300x300.jpg\" alt=\"\" width=\"300\" height=\"300\" srcset=\"https:\/\/ambtunisi.esteri.it\/wp-content\/uploads\/2023\/11\/ICE-TUNISI-300x300.jpg 300w, https:\/\/ambtunisi.esteri.it\/wp-content\/uploads\/2023\/11\/ICE-TUNISI-150x150.jpg 150w, https:\/\/ambtunisi.esteri.it\/wp-content\/uploads\/2023\/11\/ICE-TUNISI.jpg 667w\" sizes=\"auto, (max-width: 300px) 100vw, 300px\" \/><\/a><a href=\"http:\/\/ctici.org.tn\/\"><img loading=\"lazy\" decoding=\"async\" class=\"alignleft size-medium wp-image-498 img-fluid\" src=\"https:\/\/ambtunisi.esteri.it\/wp-content\/uploads\/2023\/11\/logo-ctici-300x196.jpg\" alt=\"\" width=\"300\" height=\"196\" srcset=\"https:\/\/ambtunisi.esteri.it\/wp-content\/uploads\/2023\/11\/logo-ctici-300x196.jpg 300w, https:\/\/ambtunisi.esteri.it\/wp-content\/uploads\/2023\/11\/logo-ctici.jpg 533w\" sizes=\"auto, (max-width: 300px) 100vw, 300px\" \/><\/a><\/p>\n","protected":false},"excerpt":{"rendered":"Coop\u00e9ration \u00e9conomique L\u2019Italie est le deuxi\u00e8me partenaire commercial de la Tunisie, avec un \u00e9change commercial bilat\u00e9ral d\u2019environ 6.7 milliards d\u2019euros en 2024 (ISTAT). L\u2019Italie est, en outre, le premier fournisseur de la Tunisie et son deuxi\u00e8me client. &nbsp; Fonctionnement des entreprises En Tunisie, la pr\u00e9sence des entreprises italiennes est forte et bien \u00e9tablie. D\u2019apr\u00e8s les [&hellip;]","protected":false},"author":1,"featured_media":0,"parent":178,"menu_order":0,"comment_status":"closed","ping_status":"closed","template":"","meta":{"footnotes":""},"class_list":["post-162","page","type-page","status-publish","hentry"],"_links":{"self":[{"href":"https:\/\/ambtunisi.esteri.it\/fr\/wp-json\/wp\/v2\/pages\/162","targetHints":{"allow":["GET"]}}],"collection":[{"href":"https:\/\/ambtunisi.esteri.it\/fr\/wp-json\/wp\/v2\/pages"}],"about":[{"href":"https:\/\/ambtunisi.esteri.it\/fr\/wp-json\/wp\/v2\/types\/page"}],"author":[{"embeddable":true,"href":"https:\/\/ambtunisi.esteri.it\/fr\/wp-json\/wp\/v2\/users\/1"}],"replies":[{"embeddable":true,"href":"https:\/\/ambtunisi.esteri.it\/fr\/wp-json\/wp\/v2\/comments?post=162"}],"version-history":[{"count":5,"href":"https:\/\/ambtunisi.esteri.it\/fr\/wp-json\/wp\/v2\/pages\/162\/revisions"}],"predecessor-version":[{"id":2834,"href":"https:\/\/ambtunisi.esteri.it\/fr\/wp-json\/wp\/v2\/pages\/162\/revisions\/2834"}],"up":[{"embeddable":true,"href":"https:\/\/ambtunisi.esteri.it\/fr\/wp-json\/wp\/v2\/pages\/178"}],"wp:attachment":[{"href":"https:\/\/ambtunisi.esteri.it\/fr\/wp-json\/wp\/v2\/media?parent=162"}],"curies":[{"name":"wp","href":"https:\/\/api.w.org\/{rel}","templated":true}]}}