{"id":168,"date":"2023-04-11T18:24:38","date_gmt":"2023-04-11T17:24:38","guid":{"rendered":"https:\/\/ambtunisi.esteri.it\/diplomazia-culturale\/studiare-in-italia\/"},"modified":"2023-11-23T14:01:26","modified_gmt":"2023-11-23T13:01:26","slug":"studiare-in-italia","status":"publish","type":"page","link":"https:\/\/ambtunisi.esteri.it\/fr\/italia-e-tunisia\/diplomazia-culturale\/studiare-in-italia\/","title":{"rendered":"\u00c9tudier en Italie"},"content":{"rendered":"<h1>Ecoles en Italie<\/h1>\n<p class=\"boxLevel03\">Une liste compl\u00e8te des\u00a0Ecoles El\u00e9mentaires, Coll\u00e8ges et Lyc\u00e9es \u00e9tatiques italiens\u00a0est constamment mise \u00e0 jour par le Minist\u00e8re de l\u2019Education, de l\u2019Universit\u00e9 et de la Recherche.<\/p>\n<p>Une liste compl\u00e8te des\u00a0Ecoles El\u00e9mentaires, Coll\u00e8ges et Lyc\u00e9es non \u00e9tatiques italiens est disponible sur le site officiel du Minist\u00e8re au lien suivant \u00ab\u00a0<a href=\"https:\/\/www.miur.gov.it\/web\/guest\/scuola\">Scuola &#8211; Miur<\/a> \u00a0\u00bb<\/p>\n<p>Pour effectuer des recherches approfondies, est \u00e9galement disponible le moteur de recherche \u00ab\u00a0<a href=\"https:\/\/cercalatuascuola.istruzione.it\/cercalatuascuola\/\">Scuola in Chiaro\u00a0\u00bb <\/a>.<\/p>\n<p>&nbsp;<\/p>\n<h1>Universit\u00e9s en Italie<\/h1>\n<p>L\u2019Italie a jou\u00e9 un r\u00f4le important dans le cadre de l\u2019enseignement sup\u00e9rieur europ\u00e9en, ayant \u00e9t\u00e9 parmi les premiers quatre pays qui ont promu la cr\u00e9ation de l\u2019ainsi-dit \u00ab Espace Europ\u00e9en de l\u2019Enseignement Sup\u00e9rieur \u00bb (D\u00e9claration de la Sorbonne, mai 1998), en entamant un grand processus d\u2019harmonisation des diff\u00e9rents syst\u00e8mes d\u2019enseignement sup\u00e9rieur connu sous le nom de \u00ab Processus de Bologne \u00bb (D\u00e9claration de Bologna, juin 1999).<\/p>\n<p>M\u00eame par le pass\u00e9, l\u2019Italie a \u00e9t\u00e9 un centre tr\u00e8s actif d\u2019\u00e9tudes universitaires, en plus d\u2019\u00eatre un berceau de civilisations anciennes. Sont connus dans le monde entier ses tr\u00e9sors dans les domaines de l\u2019architecture, de la peinture, de la sculpture, de la mosa\u00efque, de l\u2019art du bois, des \u0153uvres et des d\u00e9couvertes de ses artistes, musiciens, po\u00e8tes, navigateurs et scientifiques, tels que Raffaello Sanzio, Michelangelo da Caravaggio, Giuseppe verdi, Cristoforo Colombo, Leonardo da Vinci, Antonio Meucci, Guglielmo Marconi et Carlo Rubbia.<\/p>\n<p>Au-del\u00e0 de certaines grandes entreprises publiques et priv\u00e9es, l\u2019Italie a d\u00e9velopp\u00e9 en outre un r\u00e9seau solide de petites et de moyennes entreprises, a promu la cr\u00e9ation de parcs scientifiques et encourag\u00e9 aussi bien la recherche de base que la recherche appliqu\u00e9e dans une grande vari\u00e9t\u00e9 de disciplines (biologie, physique, m\u00e9decine, technologies informatiques, etc.).<\/p>\n<p>Des informations d\u2019int\u00e9r\u00eat g\u00e9n\u00e9ral sur l\u2019organisation et sur le fonctionnement des Universit\u00e9s italiennes se trouvent dans la section \u00ab\u00a0<a href=\"https:\/\/www.miur.gov.it\/web\/guest\/universita\">Universit\u00e0 &#8211; Miur<\/a> \u00ab\u00a0.<\/p>\n<p>Une page d\u00e9di\u00e9e aux Universit\u00e9s est \u00e9galement disponible sur le\u00a0<a href=\"https:\/\/www.crui.it\/\">site CRUI \u2013 Conf\u00e9rence des Recteurs des Universit\u00e9s Italiennes<\/a>.<\/p>\n<p>&nbsp;<\/p>\n<p>&nbsp;<\/p>\n<p>Pour conna\u00eetre les\u00a0<strong>PROCEDURES D\u2019ENTREE, DE SEJOUR, ET D\u2019INSCRIPTION UNIVERSITAIRE DES ETUDIANTS ETRANGERS \/INTERNATIONAUX AUX COURS D\u2019ENSEIGNEMENT SUPERIEUR EN ITALIE<\/strong>, visitez le site \u00ab\u00a0<a href=\"http:\/\/www.studiare-in-italia.it\/studentistranieri\/\">Studiare in Italia<\/a>\u00a0\u00bb o\u00f9 est aussi disponible une version en langue anglaise.<\/p>\n<p>&nbsp;<\/p>\n<h1>\u00c9quivalence des dipl\u00f4mes<\/h1>\n<p class=\"boxLevel03\">Les dipl\u00f4mes \u00e9trangers ne sont pas reconnus automatiquement en Italie. Les citoyens \u00e9trangers int\u00e9ress\u00e9s par la d\u00e9claration de valeur et de l\u2019\u00e9quivalence de leurs dipl\u00f4mes \u00e9trangers (obtenus dans les \u00e9tablissements d&rsquo;enseignement reconnus officiellement) par rapport aux dipl\u00f4mes italiens correspondants peuvent pr\u00e9senter une demande \u00e0 travers le Service des \u00e9tudiants aupr\u00e8s de la Chancellerie consulaire. Quant aux citoyens italiens, ils doivent s\u2019adresser directement \u00e0 un Bureau italien d\u2019\u00e9ducation, apr\u00e8s avoir obtenu la \u00ab\u00a0D\u00e9claration de valeur\u00a0\u00bb aupr\u00e8s du Service des \u00e9tudiants.<\/p>\n<p>Les dipl\u00f4mes scolaires obtenus \u00e0 l&rsquo;\u00e9tranger, une fois d\u00e9clar\u00e9s \u00e9quivalents aux dipl\u00f4mes italiens correspondants, ont une valeur l\u00e9gale en Italie; cela signifie, par exemple, que la personne ayant la nationalit\u00e9 italienne a le droit de participer \u00e0 des concours organis\u00e9s par l&rsquo;Administration publique italienne.<\/p>\n<p>Les documents qui doivent \u00eatre soumis \u00e0la Chancellerie consulaire\u00a0pour demander la d\u00e9claration de valeur et de l&rsquo;\u00e9quivalence des dipl\u00f4mes sont:<\/p>\n<ul>\n<li>dipl\u00f4me ou certificat en original ou certifi\u00e9 conforme \u00e0 l\u2019original, portant le sceau ou le cachet de l&rsquo;\u00e9cole ou de l&rsquo;\u00e9tablissement universitaire ainsi que la signature lisible du Fonctionnaire responsable;<\/li>\n<li>traduction du document en italien conforme \u00e0 l\u2019original. La traduction peut \u00eatre effectu\u00e9e par un traducteur; la Chancellerie consulaire\u00a0peut se r\u00e9server le droit d\u2019approuver les traductions pr\u00e9sent\u00e9es par le demandeur.<\/li>\n<\/ul>\n<p>&nbsp;<\/p>\n<p><strong>DEFINITION DES TERMES RELATIFS AUX DIPLOMES<\/strong><\/p>\n<table class=\"table\" border=\"0\">\n<tbody>\n<tr>\n<td><strong>Nombre d&rsquo;ann\u00e9es d&rsquo;\u00e9tudes<\/strong><\/td>\n<td><strong>Dipl\u00f4me italien<\/strong><\/td>\n<td><strong>Dipl\u00f4me tunisien<\/strong><\/td>\n<\/tr>\n<tr>\n<td>13<\/td>\n<td>Maturit\u00e0<\/td>\n<td>Bac<\/td>\n<\/tr>\n<tr>\n<td>3<\/td>\n<td>Laurea ou Laurea Breve ou Laurea Triennale<\/td>\n<td>Licence<\/td>\n<\/tr>\n<tr>\n<td>2<\/td>\n<td>Laurea Magistrale ou Laurea Specialistica<\/td>\n<td>Master<\/td>\n<\/tr>\n<tr>\n<td>5 ou 6<\/td>\n<td>Laurea Magistrale a Ciclo Unico<\/td>\n<td>(*)<\/td>\n<\/tr>\n<tr>\n<td>3<\/td>\n<td>Dottorato di Ricerca<\/td>\n<td>Doctorat<\/td>\n<\/tr>\n<\/tbody>\n<\/table>\n<p>* La \u00ab\u00a0Laurea Magistrale a ciclo unico\u00a0\u00bb correspond \u00e0 un cycle unique pour effectuer des \u00e9tudes de M\u00e9decine, Architecture, Droit&#8230;<\/p>\n<p><strong>Remarque<\/strong>: en Italie, le mot \u00ab\u00a0Master\u00a0\u00bb est utilis\u00e9 pour indiquer une formation professionnelle qui peut\u00a0\u00eatre effectu\u00e9e parall\u00e8lement au cursus universitaire normal. On peut acc\u00e9der au Master \u00ab\u00a0di I Livello\u00a0\u00bb (1er niveau) avec une \u00ab\u00a0Laurea Triennale\u00a0\u00bb et \u00e0 un Master \u00ab\u00a0di II Livello\u00a0\u00bb (2\u00e8me niveau) avec une \u00ab\u00a0Laurea Magistrale\u00a0\u00bb.<\/p>\n","protected":false},"excerpt":{"rendered":"Ecoles en Italie Une liste compl\u00e8te des\u00a0Ecoles El\u00e9mentaires, Coll\u00e8ges et Lyc\u00e9es \u00e9tatiques italiens\u00a0est constamment mise \u00e0 jour par le Minist\u00e8re de l\u2019Education, de l\u2019Universit\u00e9 et de la Recherche. Une liste compl\u00e8te des\u00a0Ecoles El\u00e9mentaires, Coll\u00e8ges et Lyc\u00e9es non \u00e9tatiques italiens est disponible sur le site officiel du Minist\u00e8re au lien suivant \u00ab\u00a0Scuola &#8211; Miur \u00a0\u00bb Pour [&hellip;]","protected":false},"author":1,"featured_media":0,"parent":165,"menu_order":0,"comment_status":"closed","ping_status":"closed","template":"","meta":{"footnotes":""},"class_list":["post-168","page","type-page","status-publish","hentry"],"_links":{"self":[{"href":"https:\/\/ambtunisi.esteri.it\/fr\/wp-json\/wp\/v2\/pages\/168","targetHints":{"allow":["GET"]}}],"collection":[{"href":"https:\/\/ambtunisi.esteri.it\/fr\/wp-json\/wp\/v2\/pages"}],"about":[{"href":"https:\/\/ambtunisi.esteri.it\/fr\/wp-json\/wp\/v2\/types\/page"}],"author":[{"embeddable":true,"href":"https:\/\/ambtunisi.esteri.it\/fr\/wp-json\/wp\/v2\/users\/1"}],"replies":[{"embeddable":true,"href":"https:\/\/ambtunisi.esteri.it\/fr\/wp-json\/wp\/v2\/comments?post=168"}],"version-history":[{"count":4,"href":"https:\/\/ambtunisi.esteri.it\/fr\/wp-json\/wp\/v2\/pages\/168\/revisions"}],"predecessor-version":[{"id":496,"href":"https:\/\/ambtunisi.esteri.it\/fr\/wp-json\/wp\/v2\/pages\/168\/revisions\/496"}],"up":[{"embeddable":true,"href":"https:\/\/ambtunisi.esteri.it\/fr\/wp-json\/wp\/v2\/pages\/165"}],"wp:attachment":[{"href":"https:\/\/ambtunisi.esteri.it\/fr\/wp-json\/wp\/v2\/media?parent=168"}],"curies":[{"name":"wp","href":"https:\/\/api.w.org\/{rel}","templated":true}]}}