{"id":171,"date":"2023-04-11T18:11:52","date_gmt":"2023-04-11T17:11:52","guid":{"rendered":"https:\/\/ambtunisi.esteri.it\/cooperazione-allo-sviluppo\/"},"modified":"2023-11-23T11:41:06","modified_gmt":"2023-11-23T10:41:06","slug":"cooperazione-allo-sviluppo","status":"publish","type":"page","link":"https:\/\/ambtunisi.esteri.it\/fr\/italia-e-tunisia\/cooperazione-allo-sviluppo\/","title":{"rendered":"Coop\u00e9ration au d\u00e9veloppement"},"content":{"rendered":"<p style=\"text-align: justify;\">L&rsquo;Italie est l&rsquo;un des principaux bailleurs de fonds de la Tunisie en mati\u00e8re de coop\u00e9ration au d\u00e9veloppement.\u00a0<b>La Coop\u00e9ration italienne est pr\u00e9sente de mani\u00e8re continue dans le pays depuis sa cr\u00e9ation \u00e0 la fin des ann\u00e9es 1980<\/b>. Elle s&rsquo;est historiquement concentr\u00e9e sur le soutien au secteur priv\u00e9, le renforcement des investissements publics et le soutien au d\u00e9veloppement rural, en particulier dans les r\u00e9gions du sud du pays.<\/p>\n<p style=\"text-align: justify;\">L&rsquo;Agence Italienne pour la Coop\u00e9ration au D\u00e9veloppement (AICS) a renforc\u00e9 l&rsquo;engagement de la Coop\u00e9ration italienne \u00e0 travers le nouveau\u00a0<a href=\"https:\/\/tunisi.aics.gov.it\/wp-content\/uploads\/2022\/04\/MOU-2021-23-Tunisia-firmato.pdf\">Protocole d&rsquo;Accord (Memorandum of Understanding &#8211; MoU)<\/a>\u00a0pour la p\u00e9riode 2021-2023, sign\u00e9 le 16 juin 2021 \u00e0 Rome lors de la visite officielle du Ministre tunisien des Affaires Etrang\u00e8res en Italie et entr\u00e9 en vigueur le 1er f\u00e9vrier 2022. Avec un montant total de\u00a0<b>200 millions d&rsquo;euros (dont 150 millions d&rsquo;euros de cr\u00e9dit et 50 millions d&rsquo;euros de don)<\/b>, la Coop\u00e9ration italienne a ainsi confirm\u00e9 son engagement \u00e0 soutenir le Gouvernement tunisien dans la lutte contre la pauvret\u00e9 et dans la cr\u00e9ation d&rsquo;un mod\u00e8le de d\u00e9veloppement inclusif, \u00e9quitable et durable qui place la valorisation du capital humain et des ressources naturelles au centre de ses priorit\u00e9s.<\/p>\n","protected":false},"excerpt":{"rendered":"L&rsquo;Italie est l&rsquo;un des principaux bailleurs de fonds de la Tunisie en mati\u00e8re de coop\u00e9ration au d\u00e9veloppement.\u00a0La Coop\u00e9ration italienne est pr\u00e9sente de mani\u00e8re continue dans le pays depuis sa cr\u00e9ation \u00e0 la fin des ann\u00e9es 1980. Elle s&rsquo;est historiquement concentr\u00e9e sur le soutien au secteur priv\u00e9, le renforcement des investissements publics et le soutien au [&hellip;]","protected":false},"author":1,"featured_media":0,"parent":178,"menu_order":6,"comment_status":"closed","ping_status":"closed","template":"","meta":{"footnotes":""},"class_list":["post-171","page","type-page","status-publish","hentry"],"_links":{"self":[{"href":"https:\/\/ambtunisi.esteri.it\/fr\/wp-json\/wp\/v2\/pages\/171","targetHints":{"allow":["GET"]}}],"collection":[{"href":"https:\/\/ambtunisi.esteri.it\/fr\/wp-json\/wp\/v2\/pages"}],"about":[{"href":"https:\/\/ambtunisi.esteri.it\/fr\/wp-json\/wp\/v2\/types\/page"}],"author":[{"embeddable":true,"href":"https:\/\/ambtunisi.esteri.it\/fr\/wp-json\/wp\/v2\/users\/1"}],"replies":[{"embeddable":true,"href":"https:\/\/ambtunisi.esteri.it\/fr\/wp-json\/wp\/v2\/comments?post=171"}],"version-history":[{"count":2,"href":"https:\/\/ambtunisi.esteri.it\/fr\/wp-json\/wp\/v2\/pages\/171\/revisions"}],"predecessor-version":[{"id":452,"href":"https:\/\/ambtunisi.esteri.it\/fr\/wp-json\/wp\/v2\/pages\/171\/revisions\/452"}],"up":[{"embeddable":true,"href":"https:\/\/ambtunisi.esteri.it\/fr\/wp-json\/wp\/v2\/pages\/178"}],"wp:attachment":[{"href":"https:\/\/ambtunisi.esteri.it\/fr\/wp-json\/wp\/v2\/media?parent=171"}],"curies":[{"name":"wp","href":"https:\/\/api.w.org\/{rel}","templated":true}]}}