{"id":172,"date":"2023-04-11T17:08:57","date_gmt":"2023-04-11T16:08:57","guid":{"rendered":"https:\/\/ambtunisi.esteri.it\/servizi-consolari-e-visti\/"},"modified":"2026-02-10T13:39:39","modified_gmt":"2026-02-10T12:39:39","slug":"servizi-consolari-e-visti","status":"publish","type":"page","link":"https:\/\/ambtunisi.esteri.it\/fr\/servizi-consolari-e-visti\/","title":{"rendered":"Services consulaires et visas"},"content":{"rendered":"<ol>\n<li><strong><span style=\"text-decoration: underline;\">PRENDRE UN RENDEZ-VOUS<\/span><\/strong><\/li>\n<\/ol>\n<p style=\"text-align: justify;\">A partir du 14 novembre 2022, le service de prise en ligne de rendez-vous pour les services consulaires (Portail \u201cPrenot@Mi\u201d) <a href=\"http:\/\/prenotami.esteri.it\">https:\/\/prenotami.esteri.it\/<\/a> est actif.<\/p>\n<p style=\"text-align: justify;\">Les services consulaires concern\u00e9s par le syst\u00e8me de prise en ligne de rendez-vous sont les suivants :<\/p>\n<ul>\n<li style=\"text-align: justify;\">Passeports ;<\/li>\n<li style=\"text-align: justify;\">Etat civil ;<\/li>\n<li style=\"text-align: justify;\">AIRE- Registre des Italiens R\u00e9sidents \u00e0 l\u2019Etranger ;<\/li>\n<li style=\"text-align: justify;\">Nationalit\u00e9 et services notariaux ;<\/li>\n<li style=\"text-align: justify;\">D\u00e9claration de valeur ;<\/li>\n<li>Carte d&rsquo;identit\u00e9 \u00e9lectronique.<\/li>\n<\/ul>\n<p style=\"text-align: justify;\">Pour informations, pri\u00e8re contacter le standard de l\u2019Ambassade aux num\u00e9ros +216 71892811 \/ 71892231 \/ 71892258 \/ 71892275 \/ 31321811 ou contacter les adresses \u00e9lectroniques suivantes :<\/p>\n<ul>\n<li style=\"text-align: justify;\"><strong>Passeports<\/strong> : passaporti.tunisi@esteri.it ;<\/li>\n<li style=\"text-align: justify;\"><strong>Etat civil<\/strong> : statocivile.tunisi@esteri.it ;<\/li>\n<li style=\"text-align: justify;\"><strong>AIRE- Registre des Italiens R\u00e9sidents \u00e0 l\u2019Etranger<\/strong> : aire.tunisi@esteri.it ;<\/li>\n<li style=\"text-align: justify;\"><strong>Nationalit\u00e9 et services notariaux<\/strong> : tunisi.cittadinanza@esteri.it ;<\/li>\n<li style=\"text-align: justify;\"><strong>L\u00e9galisation et d\u00e9claration de valeur<\/strong> : legalizza.tunisi@esteri.it ;<\/li>\n<li><strong>Carte d&rsquo;identit\u00e9 \u00e9lectronique<\/strong> : tunisi.cie@esteri.it ;<\/li>\n<li><strong>Navigation<\/strong> : navigazione.tunisi@esteri.it.<\/li>\n<\/ul>\n<p>Pour toute information compl\u00e9mentaire et\/ou communication : consolare.tunisi@esteri.it.<\/p>\n<p>Il est possible de s&rsquo;inscrire \u00e0 <strong>l&rsquo;AIRE en ligne<\/strong> sur le portail <a href=\"https:\/\/serviziconsolari.esteri.it\/ScoFE\/index.sco\">FAST-IT<\/a> des services consulaires.<\/p>\n<p>Nous invitons tous nos concitoyens \u00e0 se m\u00e9fier des personnes qui pr\u00e9tendent pouvoir obtenir des rendez-vous plus rapidement en \u00e9change d&rsquo;une somme d&rsquo;argent, et nous leur recommandons de ne pas payer pour de tels services. L&rsquo;Ambassade se dissocie totalement et sans \u00e9quivoque de tout site Internet, agence, association ou individu pr\u00e9tendant exercer une telle activit\u00e9 et continuera \u00e0 exercer des contr\u00f4les de plus en plus stricts sur la prise de rendez-vous, se r\u00e9servant le droit de prendre les mesures n\u00e9cessaires dans les enceintes appropri\u00e9es.<\/p>\n<p>Les personnes qui entrent dans la Chancellerie consulaire sont pri\u00e9es de porter des <strong>v\u00eatements appropri\u00e9s et respectueux<\/strong> de l&rsquo;Institution. En particulier, il ne sera pas permis d&rsquo;entrer en portant des v\u00eatements de plage, des v\u00eatements trop courts ou des v\u00eatements qui ne sont pas appropri\u00e9s aux locaux de cette Chancellerie.<\/p>\n<p style=\"text-align: justify;\"><span style=\"text-decoration: underline;\"><strong>2. JOURS DE FETE ET DATES DE FERMETURE &#8211; 2026<\/strong><\/span><\/p>\n<p>En 2026, la Chancellerie consulaire sera ferm\u00e9e les jours suivants : 1er janvier, 20 mars, Aid El Fitr, 6 avril, 25 avril, 1er mai, Aid El Idha, 2 juin, 4 octobre, 8 d\u00e9cembre, 25-26 d\u00e9cembre.<\/p>\n<p style=\"text-align: justify;\"><span style=\"text-decoration: underline;\"><strong><br \/>\n3. HORAIRE DE L&rsquo;ATTENTION AU TELEPHONE<\/strong><\/span><\/p>\n<p style=\"text-align: justify;\">Pour demander des informations qui ne sont d\u00e9j\u00e0 disponibles sur ce site internet. Les bureaux consulaires sont joignables du lundi au jeudi de 14h00 \u00e0 15h00, uniquement pour des besoins sp\u00e9cifiques, \u00e0 l&rsquo;exception du bureau d&rsquo;assistance qui assure une permanence t\u00e9l\u00e9phonique de 9h00 \u00e0 15h00. S&rsquo;il n&rsquo;est pas possible de joindre les bureaux par t\u00e9l\u00e9phone, veuillez envoyer un courriel au bureau responsable.<\/p>\n<p style=\"text-align: justify;\"><span style=\"text-decoration: underline;\"><strong>4. URGENCES<\/strong><\/span><\/p>\n<p style=\"text-align: justify;\">En dehors de l\u2019horaire d\u2019ouverture de l&rsquo;Ambassade, un service de garde est mis en place <strong>pour les urgences r\u00e9elles uniquement<\/strong>, et non pour les demandes concernant les affaires courantes de l&rsquo;Ambassade, telles que la prise de rendez-vous ou les proc\u00e9dures d&rsquo;obtention de visas.<\/p>\n<p style=\"text-align: justify;\">Les situations d&rsquo;urgence sont d\u00e9finies comme des accidents graves, des d\u00e9c\u00e8s ou toute question impliquant des risques ou des situations mettant en danger la sant\u00e9 ou la s\u00e9curit\u00e9 personnelle des <strong>citoyens italiens<\/strong> \u00e0 l&rsquo;\u00e9tranger et n\u00e9cessitant une intervention urgente des autorit\u00e9s consulaires.<\/p>\n<p>Le num\u00e9ro de t\u00e9l\u00e9phone \u00e0 contacter <strong>en cas d&rsquo;urgence uniquement<\/strong> est le suivant : +216 98301496.<\/p>\n<p>Veuillez noter que le service d&rsquo;urgence de l&rsquo;Ambassade d&rsquo;Italie est disponible apr\u00e8s 18 heures en semaine et 24 heures sur 24 les jours f\u00e9ri\u00e9s.<\/p>\n<p style=\"text-align: justify;\"><strong>LISTE DES PROFESSIONNELS CONNUS A L\u2019AMBASSADE<\/strong><\/p>\n<p style=\"text-align: justify;\">Les professionnels ci-dessous sont des prestataires de service libres; les rapports avec les clients restent strictement personnels.<\/p>\n<ul style=\"text-align: justify;\">\n<li><a href=\"https:\/\/ambtunisi.esteri.it\/wp-content\/uploads\/2026\/02\/ELENCO-AVVOCATI.-Ambasciata-Tunisi.-02.2026-2.pdf\">Liste des Avocats<\/a><\/li>\n<li><a href=\"https:\/\/ambtunisi.esteri.it\/wp-content\/uploads\/2024\/10\/Lista-traduttori-25-10-2024.pdf\">Liste des traducteurs asserment\u00e9s<\/a><\/li>\n<li><a href=\"https:\/\/ambtunisi.esteri.it\/wp-content\/uploads\/2024\/07\/lista-POMPE-FUNEBRI.pdf\">Liste des pompes fun\u00e8bres<\/a><\/li>\n<\/ul>\n<p style=\"text-align: justify;\"><a href=\"https:\/\/ambtunisi.esteri.it\/ambasciata_tunisi\/resource\/doc\/2021\/02\/informativa_sulla_protezione_delle_persone_fisiche_con_riguardo_al_trattamento_dei_dati_personali_servizi_consolari_fr.pdf\"><strong>NOTE D\u2019INFORMATION SUR LA PROTECTION DES PERSONNES PHYSIQUES A L\u2019EGARD DU TRAITEMENT DES DONNEES PERSONNELLES REQUISES POUR LA PRESTATION DES SERVICES CONSULAIRES (A L\u2019EXCEPTION DE LA DELIVRANCE DES VISAS ET DES DEMANDES DE NATIONALITE) &#8211; REGLEMENT GENERAL SUR LA PROTECTION DES DONNEES (UE) 2016\/679, ART. 13<\/strong><\/a><\/p>\n","protected":false},"excerpt":{"rendered":"PRENDRE UN RENDEZ-VOUS A partir du 14 novembre 2022, le service de prise en ligne de rendez-vous pour les services consulaires (Portail \u201cPrenot@Mi\u201d) https:\/\/prenotami.esteri.it\/ est actif. Les services consulaires concern\u00e9s par le syst\u00e8me de prise en ligne de rendez-vous sont les suivants : Passeports ; Etat civil ; AIRE- Registre des Italiens R\u00e9sidents \u00e0 l\u2019Etranger [&hellip;]","protected":false},"author":1,"featured_media":0,"parent":0,"menu_order":6,"comment_status":"closed","ping_status":"closed","template":"","meta":{"footnotes":""},"class_list":["post-172","page","type-page","status-publish","hentry"],"_links":{"self":[{"href":"https:\/\/ambtunisi.esteri.it\/fr\/wp-json\/wp\/v2\/pages\/172","targetHints":{"allow":["GET"]}}],"collection":[{"href":"https:\/\/ambtunisi.esteri.it\/fr\/wp-json\/wp\/v2\/pages"}],"about":[{"href":"https:\/\/ambtunisi.esteri.it\/fr\/wp-json\/wp\/v2\/types\/page"}],"author":[{"embeddable":true,"href":"https:\/\/ambtunisi.esteri.it\/fr\/wp-json\/wp\/v2\/users\/1"}],"replies":[{"embeddable":true,"href":"https:\/\/ambtunisi.esteri.it\/fr\/wp-json\/wp\/v2\/comments?post=172"}],"version-history":[{"count":6,"href":"https:\/\/ambtunisi.esteri.it\/fr\/wp-json\/wp\/v2\/pages\/172\/revisions"}],"predecessor-version":[{"id":3084,"href":"https:\/\/ambtunisi.esteri.it\/fr\/wp-json\/wp\/v2\/pages\/172\/revisions\/3084"}],"wp:attachment":[{"href":"https:\/\/ambtunisi.esteri.it\/fr\/wp-json\/wp\/v2\/media?parent=172"}],"curies":[{"name":"wp","href":"https:\/\/api.w.org\/{rel}","templated":true}]}}