{"id":173,"date":"2023-04-11T17:53:01","date_gmt":"2023-04-11T16:53:01","guid":{"rendered":"https:\/\/ambtunisi.esteri.it\/chi-siamo\/lambasciatore\/"},"modified":"2024-06-26T14:38:11","modified_gmt":"2024-06-26T13:38:11","slug":"lambasciatore","status":"publish","type":"page","link":"https:\/\/ambtunisi.esteri.it\/fr\/chi-siamo\/lambasciatore\/","title":{"rendered":"L&rsquo;Ambassadeur"},"content":{"rendered":"<p><img decoding=\"async\" src=\"https:\/\/ambtunisi.esteri.it\/wp-content\/uploads\/2024\/02\/Amb.-Prunas-245x300.png\" \/><\/p>\n<p>Alessandro Prunas est n\u00e9 \u00e0 Ankara (Turquie) le 9 d\u00e9cembre 1969.<\/p>\n<p>En mai 1995, il est dipl\u00f4m\u00e9 en sciences politiques de l&rsquo;universit\u00e9 de Florence.<\/p>\n<p>Il est entr\u00e9 dans la carri\u00e8re diplomatique en 2000, d&rsquo;abord \u00e0 la Direction G\u00e9n\u00e9rale de la Promotion Culturelle et de la Coop\u00e9ration, puis \u00e0 la Direction G\u00e9n\u00e9rale des Pays M\u00e9diterran\u00e9ens et du Moyen-Orient.<\/p>\n<p>De 2002 \u00e0 2006, il a \u00e9t\u00e9 Consul \u00e0 Durban, en Afrique du Sud, puis a travaill\u00e9 \u00e0 Bruxelles, \u00e0 la Repr\u00e9sentation Permanente aupr\u00e8s de l&rsquo;Union europ\u00e9enne.<\/p>\n<p>En 2010, il retourne \u00e0 la Farnesina, d&rsquo;abord \u00e0 la Direction G\u00e9n\u00e9rale de l&rsquo;Union europ\u00e9enne, puis, au cabinet du Ministre des Affaires Etrang\u00e8res, au Bureau des relations avec le Parlement, o\u00f9 il reste, \u00e9galement en tant que Chef de bureau, jusqu&rsquo;en 2019.<\/p>\n<p>En janvier 2020, il prend le poste d&rsquo;Ambassadeur d&rsquo;Italie \u00e0 Doha, au Qatar.<br \/>\nIl revient \u00e0 Rome \u00e0 l&rsquo;automne 2022 pour travailler chez Fincantieri en tant que responsable des relations institutionnelles internationales.<\/p>\n<p>\u00c0 partir de f\u00e9vrier 2024, il est Ambassadeur d&rsquo;Italie en Tunisie.<\/p>\n<p>Il est Commandeur de l&rsquo;Ordre du M\u00e9rite de la R\u00e9publique Italienne.<\/p>\n<p>&nbsp;<\/p>\n","protected":false},"excerpt":{"rendered":"Alessandro Prunas est n\u00e9 \u00e0 Ankara (Turquie) le 9 d\u00e9cembre 1969. En mai 1995, il est dipl\u00f4m\u00e9 en sciences politiques de l&rsquo;universit\u00e9 de Florence. Il est entr\u00e9 dans la carri\u00e8re diplomatique en 2000, d&rsquo;abord \u00e0 la Direction G\u00e9n\u00e9rale de la Promotion Culturelle et de la Coop\u00e9ration, puis \u00e0 la Direction G\u00e9n\u00e9rale des Pays M\u00e9diterran\u00e9ens et [&hellip;]","protected":false},"author":1,"featured_media":0,"parent":154,"menu_order":0,"comment_status":"closed","ping_status":"closed","template":"","meta":{"footnotes":""},"class_list":["post-173","page","type-page","status-publish","hentry"],"_links":{"self":[{"href":"https:\/\/ambtunisi.esteri.it\/fr\/wp-json\/wp\/v2\/pages\/173","targetHints":{"allow":["GET"]}}],"collection":[{"href":"https:\/\/ambtunisi.esteri.it\/fr\/wp-json\/wp\/v2\/pages"}],"about":[{"href":"https:\/\/ambtunisi.esteri.it\/fr\/wp-json\/wp\/v2\/types\/page"}],"author":[{"embeddable":true,"href":"https:\/\/ambtunisi.esteri.it\/fr\/wp-json\/wp\/v2\/users\/1"}],"replies":[{"embeddable":true,"href":"https:\/\/ambtunisi.esteri.it\/fr\/wp-json\/wp\/v2\/comments?post=173"}],"version-history":[{"count":4,"href":"https:\/\/ambtunisi.esteri.it\/fr\/wp-json\/wp\/v2\/pages\/173\/revisions"}],"predecessor-version":[{"id":1790,"href":"https:\/\/ambtunisi.esteri.it\/fr\/wp-json\/wp\/v2\/pages\/173\/revisions\/1790"}],"up":[{"embeddable":true,"href":"https:\/\/ambtunisi.esteri.it\/fr\/wp-json\/wp\/v2\/pages\/154"}],"wp:attachment":[{"href":"https:\/\/ambtunisi.esteri.it\/fr\/wp-json\/wp\/v2\/media?parent=173"}],"curies":[{"name":"wp","href":"https:\/\/api.w.org\/{rel}","templated":true}]}}