{"id":175,"date":"2023-04-11T18:01:19","date_gmt":"2023-04-11T17:01:19","guid":{"rendered":"https:\/\/ambtunisi.esteri.it\/chi-siamo\/gli-uffici\/"},"modified":"2026-02-09T14:22:56","modified_gmt":"2026-02-09T13:22:56","slug":"gli-uffici","status":"publish","type":"page","link":"https:\/\/ambtunisi.esteri.it\/fr\/chi-siamo\/gli-uffici\/","title":{"rendered":"Les bureaux"},"content":{"rendered":"<p><b>Ambassadeur <\/b><\/p>\n<p>ALESSANDRO PRUNAS<\/p>\n<p><a href=\"mailto:segreteria.tunisi@esteri.it\">segreteria.tunisi@esteri.it<\/a><\/p>\n<p><strong>Chef de Mission adjoint<\/strong><\/p>\n<p>LUIGI GENTILE<\/p>\n<p><a href=\"mailto:segreteria.tunisi@esteri.it\">segreteria.tunisi@esteri.it<\/a><\/p>\n<p><strong>Chef de la Section Economique et Commerciale<\/strong><\/p>\n<p>ANDREA GISSARA<\/p>\n<p><a href=\"mailto:commerciale1.tunisi@esteri.it\">commerciale1.tunisi@esteri.it<\/a><\/p>\n<p><strong>Chef de la Chancellerie Consulaire<\/strong><\/p>\n<p>LORENZO CIARLO<\/p>\n<p><a href=\"mailto:consolare.tunisi@esteri.it\">consolare.tunisi@esteri.it<\/a><\/p>\n<p><strong>Chef de Cabinet, Section Presse, Promotion et Diplomatie Publique<\/strong><\/p>\n<p>GIUSEPPE DANNA<\/p>\n<p><a href=\"mailto:segreteria.tunisi@esteri.it\">segreteria.tunisi@esteri.it<\/a><\/p>\n<p><a href=\"mailto:stampa.tunisi@esteri.it\">stampa.tunisi@esteri.it<\/a><\/p>\n<p><strong>Section Politique et Coop\u00e9ration au D\u00e9veloppement\u00a0<\/strong><\/p>\n<p>GIOVANNI PAVESI<\/p>\n<p><strong>Administration<\/strong><\/p>\n<p>Attach\u00e9 administratif NICOLA GUARNIERI<\/p>\n<p><a href=\"mailto:ammi.tunisi@esteri.it\">ammi.tunisi@esteri.it<\/a><\/p>\n<p><strong>AICS \u2013 Bureau de Coop\u00e9ration au d\u00e9v\u00e9loppement<\/strong><\/p>\n<p>Directrice ISABELLA LUCAFERRI<\/p>\n<p><a href=\"mailto:segreteria.tunisi@aics.gov.it\">segreteria.tunisi@aics.gov.it<\/a><\/p>\n<p><strong>IIC-Istituto Italiano di Cultura<\/strong><\/p>\n<p>Directeur FABIO RUGGIRELLO<\/p>\n<p><a href=\"mailto:segreteria.iictunisi@esteri.it\">segreteria.iictunisi@esteri.it<\/a><\/p>\n<p><strong>Bureau de l\u2019Attach\u00e9 Militaire<\/strong><\/p>\n<p>Attach\u00e9 Militaire C.V. EMILIANO PEZZIN<\/p>\n<p><a href=\"mailto:difeitalia.tunisi@smd.difesa.it\">difeitalia.tunisi@smd.difesa.it<\/a><\/p>\n<p><strong>Bureau ICE-Agence Italienne pour le Commerce Ext\u00e9rieur<\/strong><\/p>\n<p>Directeur BERNARD PREVETE<\/p>\n<p><a href=\"mailto:tunisi@ice.it\">tunisi@ice.it<\/a><\/p>\n<p><a href=\"http:\/\/www.ice.gov.it\/\">http:\/\/www.ice.gov.it<\/a><\/p>\n","protected":false},"excerpt":{"rendered":"Ambassadeur ALESSANDRO PRUNAS segreteria.tunisi@esteri.it Chef de Mission adjoint LUIGI GENTILE segreteria.tunisi@esteri.it Chef de la Section Economique et Commerciale ANDREA GISSARA commerciale1.tunisi@esteri.it Chef de la Chancellerie Consulaire LORENZO CIARLO consolare.tunisi@esteri.it Chef de Cabinet, Section Presse, Promotion et Diplomatie Publique GIUSEPPE DANNA segreteria.tunisi@esteri.it stampa.tunisi@esteri.it Section Politique et Coop\u00e9ration au D\u00e9veloppement\u00a0 GIOVANNI PAVESI Administration Attach\u00e9 administratif NICOLA GUARNIERI [&hellip;]","protected":false},"author":1,"featured_media":0,"parent":154,"menu_order":4,"comment_status":"closed","ping_status":"closed","template":"","meta":{"footnotes":""},"class_list":["post-175","page","type-page","status-publish","hentry"],"_links":{"self":[{"href":"https:\/\/ambtunisi.esteri.it\/fr\/wp-json\/wp\/v2\/pages\/175","targetHints":{"allow":["GET"]}}],"collection":[{"href":"https:\/\/ambtunisi.esteri.it\/fr\/wp-json\/wp\/v2\/pages"}],"about":[{"href":"https:\/\/ambtunisi.esteri.it\/fr\/wp-json\/wp\/v2\/types\/page"}],"author":[{"embeddable":true,"href":"https:\/\/ambtunisi.esteri.it\/fr\/wp-json\/wp\/v2\/users\/1"}],"replies":[{"embeddable":true,"href":"https:\/\/ambtunisi.esteri.it\/fr\/wp-json\/wp\/v2\/comments?post=175"}],"version-history":[{"count":6,"href":"https:\/\/ambtunisi.esteri.it\/fr\/wp-json\/wp\/v2\/pages\/175\/revisions"}],"predecessor-version":[{"id":3050,"href":"https:\/\/ambtunisi.esteri.it\/fr\/wp-json\/wp\/v2\/pages\/175\/revisions\/3050"}],"up":[{"embeddable":true,"href":"https:\/\/ambtunisi.esteri.it\/fr\/wp-json\/wp\/v2\/pages\/154"}],"wp:attachment":[{"href":"https:\/\/ambtunisi.esteri.it\/fr\/wp-json\/wp\/v2\/media?parent=175"}],"curies":[{"name":"wp","href":"https:\/\/api.w.org\/{rel}","templated":true}]}}