{"id":182,"date":"2023-04-11T18:17:44","date_gmt":"2023-04-11T17:17:44","guid":{"rendered":"https:\/\/ambtunisi.esteri.it\/servizi-consolari-e-visti\/servizi-per-il-cittadino-italiano\/emergency-travel-documents-etd\/"},"modified":"2025-12-22T12:23:37","modified_gmt":"2025-12-22T11:23:37","slug":"emergency-travel-documents-etd","status":"publish","type":"page","link":"https:\/\/ambtunisi.esteri.it\/fr\/servizi-consolari-e-visti\/servizi-per-il-cittadino-italiano\/emergency-travel-documents-etd\/","title":{"rendered":"Documents de voyage d&rsquo;urgence (ETD)"},"content":{"rendered":"<p style=\"text-align: justify;\">En cas exceptionel de vol, perte ou destruction du passeport ou d\u2019un autre document de voyage de la part d\u2019un citoyen italien en Tunisie, la Chancellerie Consulaire peut d\u00e9livrer un document provisoire de voyage (appel\u00e9 aussi E.T.D. \u2013 <em>Emergency Travel Document<\/em>). Ce document valable seulement pour le voyage de retour en Italie (ou dans le pays de r\u00e9sidence permanente) et ne peut \u00eatre d\u00e9livr\u00e9 pour une autre destination que dans des cas exceptionnels.<\/p>\n<p>Pour obtenir un ETD, il est n\u00e9cessaire de prendre rendez-vous en \u00e9crivant \u00e0 l&rsquo;adresse e-mail passaporti.tunisi@esteri.it.<\/p>\n<p style=\"text-align: justify;\">La demande d&rsquo;ETD est pr\u00e9sent\u00e9e au moyen du formulaire pr\u00e9vu \u00e0 cet effet (<a href=\"https:\/\/ambtunisi.esteri.it\/wp-content\/uploads\/2025\/12\/Modulo-richiesta-ETD-1.docx\">ci-joint<\/a>) et doit \u00eatre accompagn\u00e9e des documents suivants :<\/p>\n<p style=\"text-align: justify;\">1) plainte pour vol ou perte du passeport ou autre document de voyage aupr\u00e8s des Autorit\u00e9s tunisiennes ;<br \/>\n2) 2 photos d\u2019identit\u00e9 ;<br \/>\n3) Titre de voyage ;<br \/>\n4) Autre pi\u00e8ce d\u2019identit\u00e9 ou photocopie du document perdu ;<br \/>\n5) Pour les citoyens italo-tunisiens, un document ou un acte prouvant la possession de la nationalit\u00e9 italienne.<\/p>\n<p>Le b\u00e9n\u00e9ficiaire d&rsquo;un document de voyage provisoire est tenu, une fois arriv\u00e9 \u00e0 destination, de remettre le document \u00e0 la police des fronti\u00e8res ou \u00e0 un autre poste de police, quelle que soit sa dur\u00e9e de validit\u00e9 restante. Si le b\u00e9n\u00e9ficiaire d&rsquo;un ETD<br \/>\nvoyage vers un pays autre que l&rsquo;Italie, il est tenu de restituer le document au bureau consulaire territorialement comp\u00e9tent pour le lieu de destination.<\/p>\n<p style=\"text-align: justify;\">La veille des jours f\u00e9ri\u00e9s et pendant les jours f\u00e9ri\u00e9s cette forme d\u2019assistance pourrait \u00eatre suspendue \u00e0 cause de la fermeture des bureaux de l\u2019Ambassade et renvoy\u00e9e \u2013 sauf en cas de situations exceptionnelles d\u2019extr\u00eame urgence- au premier jour de la reprise de travail.<\/p>\n<p style=\"text-align: justify;\">Il est conseill\u00e9 de conserver dans un endroit diff\u00e9rent de celui des documents originaux, une photocopie des documents de grande importance (passeport, carte d\u2019identit\u00e9, carte de cr\u00e9dit) pour faciliter les proc\u00e9dures d\u2019assistance en cas de vol ou de perte.<\/p>\n","protected":false},"excerpt":{"rendered":"En cas exceptionel de vol, perte ou destruction du passeport ou d\u2019un autre document de voyage de la part d\u2019un citoyen italien en Tunisie, la Chancellerie Consulaire peut d\u00e9livrer un document provisoire de voyage (appel\u00e9 aussi E.T.D. \u2013 Emergency Travel Document). Ce document valable seulement pour le voyage de retour en Italie (ou dans le [&hellip;]","protected":false},"author":1,"featured_media":0,"parent":180,"menu_order":2,"comment_status":"closed","ping_status":"closed","template":"","meta":{"footnotes":""},"class_list":["post-182","page","type-page","status-publish","hentry"],"_links":{"self":[{"href":"https:\/\/ambtunisi.esteri.it\/fr\/wp-json\/wp\/v2\/pages\/182","targetHints":{"allow":["GET"]}}],"collection":[{"href":"https:\/\/ambtunisi.esteri.it\/fr\/wp-json\/wp\/v2\/pages"}],"about":[{"href":"https:\/\/ambtunisi.esteri.it\/fr\/wp-json\/wp\/v2\/types\/page"}],"author":[{"embeddable":true,"href":"https:\/\/ambtunisi.esteri.it\/fr\/wp-json\/wp\/v2\/users\/1"}],"replies":[{"embeddable":true,"href":"https:\/\/ambtunisi.esteri.it\/fr\/wp-json\/wp\/v2\/comments?post=182"}],"version-history":[{"count":4,"href":"https:\/\/ambtunisi.esteri.it\/fr\/wp-json\/wp\/v2\/pages\/182\/revisions"}],"predecessor-version":[{"id":2915,"href":"https:\/\/ambtunisi.esteri.it\/fr\/wp-json\/wp\/v2\/pages\/182\/revisions\/2915"}],"up":[{"embeddable":true,"href":"https:\/\/ambtunisi.esteri.it\/fr\/wp-json\/wp\/v2\/pages\/180"}],"wp:attachment":[{"href":"https:\/\/ambtunisi.esteri.it\/fr\/wp-json\/wp\/v2\/media?parent=182"}],"curies":[{"name":"wp","href":"https:\/\/api.w.org\/{rel}","templated":true}]}}