{"id":183,"date":"2023-04-11T18:18:08","date_gmt":"2023-04-11T17:18:08","guid":{"rendered":"https:\/\/ambtunisi.esteri.it\/servizi-consolari-e-visti\/servizi-per-il-cittadino-italiano\/stato-civile\/"},"modified":"2026-03-18T12:24:10","modified_gmt":"2026-03-18T11:24:10","slug":"stato-civile","status":"publish","type":"page","link":"https:\/\/ambtunisi.esteri.it\/fr\/servizi-consolari-e-visti\/servizi-per-il-cittadino-italiano\/stato-civile\/","title":{"rendered":"\u00c9tat civil"},"content":{"rendered":"<p>L\u2019Etat Civil concerne l\u2019ensemble des faits ou manifestations de volont\u00e9 inh\u00e9rents \u00e0 la vie du citoyen : naissance, mariage, d\u00e9c\u00e8s, divorce, nationalit\u00e9. L\u2019enregistrement de ces faits fait partie des comp\u00e9tences de l\u2019Agent de l\u2019Etat Civil, dont les fonctions sont exerc\u00e9es en Italie de la part des Communes et \u00e0 l\u2019\u00e9tranger par les Bureaux consulaires. Le Bureau de l\u2019Etat Civil d\u2019une Repr\u00e9sentation diplomatique ou consulaire s\u2019occupe de :<\/p>\n<ul>\n<li>la gestion des registres de l\u2019\u00e9tat civil (qui sont quatre : nationalit\u00e9, naissance, mariage et d\u00e9c\u00e8s) pour les actes stipul\u00e9s dans le Consulat m\u00eame ;<\/li>\n<li>la r\u00e9ception des actes \u00e9mis par les Autorit\u00e9s \u00e9trang\u00e8res et de la transmission aux Communes italiennes pour la transcription ;<\/li>\n<li>la r\u00e9ception des jugements et dispositions \u00e9mis \u00e0 l\u2019\u00e9tranger (ex. divorce, adoption etc.) et de leur transmission aux institutions italiennes comp\u00e9tentes ;<\/li>\n<li>la r\u00e9daction des proc\u00e8s verbaux des publications de mariage et de l\u2019affichage on line sur le registre consulaire.<\/li>\n<li>la c\u00e9l\u00e9bration du mariage consulaire si les lois locales ne s\u2019y opposent pas. La c\u00e9l\u00e9bration peut \u00eatre refus\u00e9e quand les parties ne r\u00e9sident pas dans la circonscription consulaire.<\/li>\n<\/ul>\n<p>Les citoyens italiens doivent d\u00e9clarer toutes les variations d\u2019\u00e9tat civil (en produisant les actes ou toute autre documentation y aff\u00e9rent) durant leur permanence \u00e0 l\u2019\u00e9tranger aupr\u00e8s du Bureau consulaire comp\u00e9tent dans le lieu de l\u2019\u00e9v\u00e9nement.<\/p>\n<p>Les actes d\u2019\u00e9tat civil relatifs aux \u00e9v\u00e9nements ayant lieu \u00e0 l\u2019\u00e9tranger peuvent \u00eatre pr\u00e9sent\u00e9s par les int\u00e9ress\u00e9s ou par celui qui y a int\u00e9r\u00eat, directement \u00e0 la Commune italienne d\u2019appartenance (voir art.12, comma 11, DPR 396\/2000) ou au Bureau consulaire comp\u00e9tent (celui de la r\u00e9sidence de l\u2019int\u00e9ress\u00e9 ou celui de la circonscription dans lequel les actes ont \u00e9t\u00e9 stipul\u00e9s).<\/p>\n<p><a href=\"https:\/\/ambtunisi.esteri.it\/ambasciata_tunisi\/resource\/doc\/2019\/03\/procedura_nulla_osta_matrimonio_fr.pdf\">PROCEDURE POUR OBTENIR L\u2019AUTORISATION AU MARIAGE<\/a><\/p>\n<p><span style=\"text-decoration: underline;\"><strong>PROCEDURES POUR LA TRANSCRIPTION DE LA NAISSANCE A L\u2019ETRANGER:<\/strong><\/span><\/p>\n<p>Le d\u00e9cret-loi n\u00b0 36 du 28 mars 2025 a \u00e9t\u00e9 converti, avec modifications, en loi n\u00b0 74 du 23 mai 2025, avec effet au 24 mai 2025. La loi de conversion r\u00e9forme la loi n\u00b0 91 du 5 f\u00e9vrier 1992, dont le nouveau texte int\u00e9gral est disponible sur le site : <a href=\"https:\/\/www.normattiva.it\/uri-res\/N2Ls?urn:nir:stato:legge:1992-02-05;91!vig\">LOI n\u00b0 91 du 5 f\u00e9vrier 1992 \u2013 Normattiva<\/a><br \/>\nEn vertu de la nouvelle loi n\u00b0 91 de 1992, <strong><span style=\"text-decoration: underline;\">une personne n\u00e9e \u00e0 l&rsquo;\u00e9tranger d&rsquo;un parent de nationalit\u00e9 italienne n&rsquo;est pas automatiquement italienne<\/span><\/strong>. Pour plus d&rsquo;informations, veuillez consulter la page <a href=\"https:\/\/www.normattiva.it\/uri-res\/N2Ls?urn:nir:stato:legge:1992-02-05;91!vig\">Nationalit\u00e9 \u2013 Ambassade d&rsquo;Italie \u00e0 Tunis<\/a><\/p>\n<p>Afin de faire transcrire la naissance en Italie, le parent doit demander au service de l&rsquo;\u00e9tat civil de l&rsquo;Ambassade d&rsquo;Italie \u00e0 Tunis de remplir la demande de transcription de l&rsquo;acte de naissance, en pr\u00e9sentant les documents suivants :<br \/>\n1. l&rsquo;acte de naissance original d\u00e9livr\u00e9 par le service de l&rsquo;\u00e9tat civil tunisien, muni d&rsquo;une apostille ;<br \/>\n2. la traduction en italien de l&rsquo;acte de naissance original, munie d&rsquo;une apostille ;<br \/>\n3. d\u00e9claration sur l&rsquo;honneur attestant la nationalit\u00e9 italienne d&rsquo;au moins l&rsquo;un des parents (si celui-ci n&rsquo;est pas inscrit au registre consulaire) ;<br \/>\n4. photocopie de son passeport et de celui de l&rsquo;autre parent.<br \/>\nLes parents italiens peuvent, d&rsquo;un commun accord, transmettre \u00e0 leur enfant, au moment de la naissance, le nom de famille maternel en plus de celui du p\u00e8re. \u00c0 cette fin, les parents peuvent demander au bureau d&rsquo;\u00e9tat civil tunisien l&rsquo;inscription des deux noms de famille sur l&rsquo;acte de naissance original.<br \/>\nSinon, le ressortissant italien peut pr\u00e9senter l&rsquo;acte, d\u00fbment apostill\u00e9 et traduit, directement \u00e0 la commune italienne dont il rel\u00e8ve (voir art. 12, alin\u00e9a 11, DPR 396\/2000).<\/p>\n<p><a href=\"https:\/\/ambtunisi.esteri.it\/ambasciata_tunisi\/resource\/doc\/2020\/05\/trascrizione_divorzio_in_tunisia_fr.doc.pdf\">PROCEDURES POUR LA TRANSCRIPTION EN ITALIE DU DIVORCE AYANT EU LIEU EN TUNISIE<\/a><a href=\"https:\/\/ambtunisi.esteri.it\/ambasciata_tunisi\/resource\/doc\/2016\/08\/transcription_divorce.pdf\"><br \/>\n<\/a><\/p>\n<p>PROCEDURE<a href=\"https:\/\/ambtunisi.esteri.it\/ambasciata_tunisi\/resource\/doc\/2019\/06\/2019_fr_transcription_mariage_celebre.pdf\">S POUR LA TRANSCRIPTION EN ITALIE DU MARIAGE DEJA CELEBRE<\/a><\/p>\n<p><a href=\"https:\/\/ambtunisi.esteri.it\/ambasciata_tunisi\/resource\/doc\/2020\/01\/procdure_pour_la_transcription_en_italie_du_dcs_ayant_eu_lieu__ltranger_-_fra.pdf\">PROCEDURES POUR LA TRANSCRIPTION EN ITALIE DU DECES AYANT LIEU A L\u2019ETRANGER<\/a><\/p>\n","protected":false},"excerpt":{"rendered":"L\u2019Etat Civil concerne l\u2019ensemble des faits ou manifestations de volont\u00e9 inh\u00e9rents \u00e0 la vie du citoyen : naissance, mariage, d\u00e9c\u00e8s, divorce, nationalit\u00e9. L\u2019enregistrement de ces faits fait partie des comp\u00e9tences de l\u2019Agent de l\u2019Etat Civil, dont les fonctions sont exerc\u00e9es en Italie de la part des Communes et \u00e0 l\u2019\u00e9tranger par les Bureaux consulaires. Le [&hellip;]","protected":false},"author":1,"featured_media":0,"parent":180,"menu_order":4,"comment_status":"closed","ping_status":"closed","template":"","meta":{"footnotes":""},"class_list":["post-183","page","type-page","status-publish","hentry"],"_links":{"self":[{"href":"https:\/\/ambtunisi.esteri.it\/fr\/wp-json\/wp\/v2\/pages\/183","targetHints":{"allow":["GET"]}}],"collection":[{"href":"https:\/\/ambtunisi.esteri.it\/fr\/wp-json\/wp\/v2\/pages"}],"about":[{"href":"https:\/\/ambtunisi.esteri.it\/fr\/wp-json\/wp\/v2\/types\/page"}],"author":[{"embeddable":true,"href":"https:\/\/ambtunisi.esteri.it\/fr\/wp-json\/wp\/v2\/users\/1"}],"replies":[{"embeddable":true,"href":"https:\/\/ambtunisi.esteri.it\/fr\/wp-json\/wp\/v2\/comments?post=183"}],"version-history":[{"count":5,"href":"https:\/\/ambtunisi.esteri.it\/fr\/wp-json\/wp\/v2\/pages\/183\/revisions"}],"predecessor-version":[{"id":3234,"href":"https:\/\/ambtunisi.esteri.it\/fr\/wp-json\/wp\/v2\/pages\/183\/revisions\/3234"}],"up":[{"embeddable":true,"href":"https:\/\/ambtunisi.esteri.it\/fr\/wp-json\/wp\/v2\/pages\/180"}],"wp:attachment":[{"href":"https:\/\/ambtunisi.esteri.it\/fr\/wp-json\/wp\/v2\/media?parent=183"}],"curies":[{"name":"wp","href":"https:\/\/api.w.org\/{rel}","templated":true}]}}