{"id":185,"date":"2023-04-11T18:18:56","date_gmt":"2023-04-11T17:18:56","guid":{"rendered":"https:\/\/ambtunisi.esteri.it\/servizi-consolari-e-visti\/servizi-per-il-cittadino-italiano\/servizi-elettorali\/"},"modified":"2023-11-23T11:59:56","modified_gmt":"2023-11-23T10:59:56","slug":"servizi-elettorali","status":"publish","type":"page","link":"https:\/\/ambtunisi.esteri.it\/fr\/servizi-consolari-e-visti\/servizi-per-il-cittadino-italiano\/servizi-elettorali\/","title":{"rendered":"Services \u00e9lectoraux"},"content":{"rendered":"<p>L\u2019Ambassade d\u2019Italie \u00e0 Tunis s\u2019occupe de la gestion des \u00e9lections nationales auxquelles les ayants-droit au vote r\u00e9sidents en Tunisie sont appel\u00e9s \u00e0 participer (\u00e9lections parlementaires, r\u00e9f\u00e9rendums, Comites). Pour les \u00e9lections parlementaires et pour les r\u00e9f\u00e9rendums dans le cadre de la Circonscription Etranger, la Tunisie fait partie de la R\u00e9partition \u00e9lectorale Afrique, Asie, Oc\u00e9anie et Antarctique (Loi 459\/2001).<\/p>\n<p>&nbsp;<\/p>\n<p><strong>AVIS IMPORTANT<\/strong><\/p>\n<p>Les concitoyens r\u00e9sidents en Tunisie sont invit\u00e9s \u00e0\u00a0<strong>v\u00e9rifier toujours l\u2019exactitude de l\u2019adresse postale de leurs propres domiciles<\/strong>, en faisant particuli\u00e8rement attention au code postal, et \u00e0 communiquer rapidement \u00e0 l\u2019Ambassade d\u2019Italie \u00e0 Tunis d\u2019\u00e9ventuels changements d\u2019adresse. Dans le cas contraire, la remise du pli \u00e9lectoral ne pourra pas \u00eatre garantie au domicile de l\u2019int\u00e9ress\u00e9 \u00e0 l\u2019occasion des \u00e9lections pour lesquelles est pr\u00e9vu le droit de vote \u00e0 l\u2019\u00e9tranger.<\/p>\n<p>Voir la page \u00ab\u00a0<a href=\"https:\/\/www.esteri.it\/it\/servizi-consolari-e-visti\/italiani-all-estero\/votoestero\/\">vote \u00e0 l\u2019\u00e9tranger<\/a> \u00bb de la section \u00ab services consulaires \u00bb du site du Minist\u00e8re des Affaires Etrang\u00e8res et de la Coop\u00e9ration Internationale.<\/p>\n","protected":false},"excerpt":{"rendered":"L\u2019Ambassade d\u2019Italie \u00e0 Tunis s\u2019occupe de la gestion des \u00e9lections nationales auxquelles les ayants-droit au vote r\u00e9sidents en Tunisie sont appel\u00e9s \u00e0 participer (\u00e9lections parlementaires, r\u00e9f\u00e9rendums, Comites). Pour les \u00e9lections parlementaires et pour les r\u00e9f\u00e9rendums dans le cadre de la Circonscription Etranger, la Tunisie fait partie de la R\u00e9partition \u00e9lectorale Afrique, Asie, Oc\u00e9anie et Antarctique [&hellip;]","protected":false},"author":1,"featured_media":0,"parent":180,"menu_order":8,"comment_status":"closed","ping_status":"closed","template":"","meta":{"footnotes":""},"class_list":["post-185","page","type-page","status-publish","hentry"],"_links":{"self":[{"href":"https:\/\/ambtunisi.esteri.it\/fr\/wp-json\/wp\/v2\/pages\/185","targetHints":{"allow":["GET"]}}],"collection":[{"href":"https:\/\/ambtunisi.esteri.it\/fr\/wp-json\/wp\/v2\/pages"}],"about":[{"href":"https:\/\/ambtunisi.esteri.it\/fr\/wp-json\/wp\/v2\/types\/page"}],"author":[{"embeddable":true,"href":"https:\/\/ambtunisi.esteri.it\/fr\/wp-json\/wp\/v2\/users\/1"}],"replies":[{"embeddable":true,"href":"https:\/\/ambtunisi.esteri.it\/fr\/wp-json\/wp\/v2\/comments?post=185"}],"version-history":[{"count":2,"href":"https:\/\/ambtunisi.esteri.it\/fr\/wp-json\/wp\/v2\/pages\/185\/revisions"}],"predecessor-version":[{"id":466,"href":"https:\/\/ambtunisi.esteri.it\/fr\/wp-json\/wp\/v2\/pages\/185\/revisions\/466"}],"up":[{"embeddable":true,"href":"https:\/\/ambtunisi.esteri.it\/fr\/wp-json\/wp\/v2\/pages\/180"}],"wp:attachment":[{"href":"https:\/\/ambtunisi.esteri.it\/fr\/wp-json\/wp\/v2\/media?parent=185"}],"curies":[{"name":"wp","href":"https:\/\/api.w.org\/{rel}","templated":true}]}}