{"id":186,"date":"2023-04-11T18:19:16","date_gmt":"2023-04-11T17:19:16","guid":{"rendered":"https:\/\/ambtunisi.esteri.it\/servizi-consolari-e-visti\/servizi-per-il-cittadino-italiano\/servizi-notarili\/"},"modified":"2023-11-23T12:00:54","modified_gmt":"2023-11-23T11:00:54","slug":"servizi-notarili","status":"publish","type":"page","link":"https:\/\/ambtunisi.esteri.it\/fr\/servizi-consolari-e-visti\/servizi-per-il-cittadino-italiano\/servizi-notarili\/","title":{"rendered":"Services de notaire"},"content":{"rendered":"<p style=\"text-align: justify;\">Le Service Notarial est r\u00e9serv\u00e9 aux citoyens italiens qui se trouvent \u00e0 l\u2019\u00e9tranger d\u2019une mani\u00e8re permanente ou temporairement.<\/p>\n<p style=\"text-align: justify;\">Le Bureau Notarial de la Chancellerie Consulaire est charg\u00e9 de recevoir les actes entre personnes vivantes et ceux de derni\u00e8re volont\u00e9, de s\u2019occuper de leur d\u00e9p\u00f4t et d\u2019en d\u00e9livrer les copies et les extraits.<\/p>\n<p style=\"text-align: justify;\">Les services notariaux les plus demand\u00e9s sont :<\/p>\n<p style=\"text-align: justify;\">1) les procurations;<\/p>\n<p style=\"text-align: justify;\">2) le testament;<\/p>\n<p style=\"text-align: justify;\">3) les actes publics;<\/p>\n<p style=\"text-align: justify;\">4) les authentifications.<\/p>\n<p style=\"text-align: justify;\">N.B. il est n\u00e9cessaire de prendre un rendez-vous<\/p>\n<p style=\"text-align: justify;\">\n<p style=\"text-align: justify;\">1)\u00a0<strong>PROCURATIONS<\/strong><\/p>\n<p style=\"text-align: justify;\">La procuration est un acte avec lequel une personne donne la possibilit\u00e9 \u00e0 une autre d\u2019agir \u00e0 sa place, de la repr\u00e9senter et d\u2019accomplir les actes n\u00e9cessaires pour atteindre un objectif bien d\u00e9termin\u00e9 (ex. vendre, acheter, g\u00e9rer, faire un don, recevoir un don, construire ou dissoudre une soci\u00e9t\u00e9, demander la publication de mariage, etc\u2026).<\/p>\n<p style=\"text-align: justify;\">Les procurations se divisent en deux cat\u00e9gories :<\/p>\n<ul style=\"text-align: justify;\">\n<li>procurations g\u00e9n\u00e9rales : avec ces actes, l\u2019int\u00e9ress\u00e9 confie au repr\u00e9sentant la gestion de toutes ses affaires, aussi bien pr\u00e9sentes que futures. La procuration g\u00e9n\u00e9rale est d\u00e9livr\u00e9e \u00e0 temps ind\u00e9termin\u00e9.<\/li>\n<li>procurations sp\u00e9ciales : avec ces actes l\u2019int\u00e9ress\u00e9 confie au repr\u00e9sentant la gestion d\u2019une partie de ses affaires. La procuration sp\u00e9ciale n\u2019a plus effet du moment o\u00f9 la fonction particuli\u00e8re objet de la procuration arrive \u00e0 terme.<\/li>\n<\/ul>\n<p style=\"text-align: justify;\">\n<p style=\"text-align: justify;\">2)\u00a0<strong>TESTAMENT PUBLIC<\/strong><\/p>\n<p style=\"text-align: justify;\">Parmi les activit\u00e9s du Bureau Consulaire figure la r\u00e9daction d\u2019actes relatifs aux d\u00e9clarations de derni\u00e8res volont\u00e9s des personnes qui se trouvent \u00e0 l\u2019\u00e9tranger.<\/p>\n<p style=\"text-align: justify;\">Le testament public est la d\u00e9claration de volont\u00e9 du testateur rendue \u00e0 un fonctionnaire d\u00e9l\u00e9gu\u00e9 aux fonctions notariales en pr\u00e9sence de deux t\u00e9moins et r\u00e9dig\u00e9e sous forme \u00e9crite.<\/p>\n<p style=\"text-align: justify;\">Dans le testament secret, par contre, les fonctions du Bureau Notarial se limitent \u00e0 la r\u00e9ception formelle de l\u2019acte (dont le contenu reste secret) et \u00e0 son d\u00e9p\u00f4t aupr\u00e8s du Bureau.<\/p>\n<p style=\"text-align: justify;\">Le testament olographe, enfin, ne n\u00e9cessite pas la r\u00e9daction de la part d\u2019un fonctionnaire du Bureau Notarial et peut \u00eatre d\u00e9pos\u00e9 partout et aupr\u00e8s de quiconque. D\u2019habitude, il est d\u00e9pos\u00e9 aupr\u00e8s du Bureau Notarial afin d\u2019\u00e9viter sa perte et pour assurer sa publication imm\u00e9diate au d\u00e9c\u00e8s du testateur.<\/p>\n<p style=\"text-align: justify;\">\n<p style=\"text-align: justify;\">3)\u00a0<strong>ACTES PUBLICS<\/strong><\/p>\n<p style=\"text-align: justify;\">Il s\u2019agit d\u2019une typologie d\u2019actes juridiques (tel que l\u2019acte de donation) pour lesquels la loi pr\u00e9voit la forme de l\u2019acte public.<\/p>\n<p style=\"text-align: justify;\">\n<p style=\"text-align: justify;\">4)\u00a0<strong>ACTIVITES D\u2019AUTHENTIFICATION<\/strong><\/p>\n<p style=\"text-align: justify;\">L\u2019activit\u00e9 d\u2019authentification s\u2019effectue normalement par un fonctionnaire public de la Chancellerie Consulaire mais peut \u00eatre aussi effectu\u00e9e par un fonctionnaire d\u00e9l\u00e9gu\u00e9 aux fonctions notariales. Il s\u2019agit en particulier de :<\/p>\n<ul style=\"text-align: justify;\">\n<li>l\u2019authentification de signature : consiste en une attestation de la part du fonctionnaire public concernant la provenance d\u2019un acte de la part de son signataire. Pour proc\u00e9der \u00e0 l\u2019authentification de la signature, il est n\u00e9cessaire de se pr\u00e9senter personnellement aupr\u00e8s du Bureau Notarial muni d\u2019un document d\u2019identit\u00e9 et du Code Fiscal ;<\/li>\n<li>l\u2019authentification de la photographie : il est n\u00e9cessaire de se pr\u00e9senter personnellement aupr\u00e8s du Bureau Notarial muni d\u2019un document d\u2019identit\u00e9 et de trois photos d\u2019identit\u00e9 identiques.<\/li>\n<\/ul>\n<p style=\"text-align: justify;\">\n<p style=\"text-align: justify;\"><strong>L\u2019AUTO-CERTIFICATION<\/strong><\/p>\n<p style=\"text-align: justify;\">L\u2019auto-certification signifie la certification produite par l\u2019int\u00e9ress\u00e9 en remplacement de la certification normale (art.2, loi 15\/1968). Celle-ci permet au citoyen de fournir les m\u00eames donn\u00e9es mentionn\u00e9es sur un registre public d\u2019une mani\u00e8re plus simple et au moindre frais.<\/p>\n<p style=\"text-align: justify;\">Tout citoyen italien ou d\u2019un Pays europ\u00e9en peut faire l\u2019auto certification.<\/p>\n<p style=\"text-align: justify;\">La possibilit\u00e9 de faire des d\u00e9clarations substitutives a \u00e9t\u00e9 \u00e9tendue aussi pour les citoyens extracommunautaires r\u00e9sidents d\u2019une mani\u00e8re r\u00e9guli\u00e8re en Italie sur la base des donn\u00e9es v\u00e9rifiables ou pouvant \u00eatre certifi\u00e9s en Italie par des agents publics.<\/p>\n<p style=\"text-align: justify;\">La d\u00e9claration substitutive des certifications normales peut se faire sur papier simple et en sous signant sous sa seule responsabilit\u00e9 (pas obligatoirement devant l\u2019employ\u00e9) ou en remplissant des d\u00e9clarations substitutives.<\/p>\n<p style=\"text-align: justify;\">En outre, il est possible de transmettre les documents, actes et certificats par fax, par voie postale ou par courrier \u00e9lectronique et informatique aux Administrations Publiques.<\/p>\n<p style=\"text-align: justify;\">Les d\u00e9clarations substitutives ont la m\u00eame validit\u00e9 que les actes qu\u2019elles substituent.<\/p>\n<p style=\"text-align: justify;\">Normalement les certificats ont une validit\u00e9 de six mois \u00e0 partir de la date de d\u00e9livrance sauf si une disposition de loi ou une r\u00e9glementation pr\u00e9voit une validit\u00e9 sup\u00e9rieure. La validit\u00e9 des certifications d\u2019\u00e9tat civil est prolongeable si l\u2019int\u00e9ress\u00e9 d\u00e9clare que les donn\u00e9es mentionn\u00e9es dans le certificat n\u2019ont subi aucune modification en signant telle d\u00e9claration.<\/p>\n<p style=\"text-align: justify;\">Les certificats et les d\u00e9clarations substitutives attestant des \u00e9tats et faits personnels ne faisant pas objet de modifications ont quant \u00e0 eux une validit\u00e9 limit\u00e9e (certificats de naissance, de d\u00e9c\u00e8s, dipl\u00f4me, etc..).<\/p>\n<p style=\"text-align: justify;\">Au cas o\u00f9 il s\u2019agit des donn\u00e9es relatives aux nom, pr\u00e9nom, lieu et date de naissance, nationalit\u00e9, \u00e9tat civil et r\u00e9sidence, l\u2019Administration Publique n\u2019a plus \u00e0 demander une certification \u00e9tant suffisante la pr\u00e9sentation d\u2019un document d\u2019identit\u00e9.<\/p>\n<p style=\"text-align: justify;\">L\u2019enregistrement des donn\u00e9es se fait \u00e0 travers une simple copie du document d\u2019identit\u00e9.<\/p>\n<p style=\"text-align: justify;\">Si le document n\u2019est plus en cours de validit\u00e9, l\u2019int\u00e9ress\u00e9 doit d\u00e9clarer, en bas de la photocopie, que les donn\u00e9es mentionn\u00e9es sur le document n\u2019ont pas chang\u00e9 depuis la date de d\u00e9livrance.<\/p>\n","protected":false},"excerpt":{"rendered":"Le Service Notarial est r\u00e9serv\u00e9 aux citoyens italiens qui se trouvent \u00e0 l\u2019\u00e9tranger d\u2019une mani\u00e8re permanente ou temporairement. Le Bureau Notarial de la Chancellerie Consulaire est charg\u00e9 de recevoir les actes entre personnes vivantes et ceux de derni\u00e8re volont\u00e9, de s\u2019occuper de leur d\u00e9p\u00f4t et d\u2019en d\u00e9livrer les copies et les extraits. Les services notariaux [&hellip;]","protected":false},"author":1,"featured_media":0,"parent":180,"menu_order":10,"comment_status":"closed","ping_status":"closed","template":"","meta":{"footnotes":""},"class_list":["post-186","page","type-page","status-publish","hentry"],"_links":{"self":[{"href":"https:\/\/ambtunisi.esteri.it\/fr\/wp-json\/wp\/v2\/pages\/186","targetHints":{"allow":["GET"]}}],"collection":[{"href":"https:\/\/ambtunisi.esteri.it\/fr\/wp-json\/wp\/v2\/pages"}],"about":[{"href":"https:\/\/ambtunisi.esteri.it\/fr\/wp-json\/wp\/v2\/types\/page"}],"author":[{"embeddable":true,"href":"https:\/\/ambtunisi.esteri.it\/fr\/wp-json\/wp\/v2\/users\/1"}],"replies":[{"embeddable":true,"href":"https:\/\/ambtunisi.esteri.it\/fr\/wp-json\/wp\/v2\/comments?post=186"}],"version-history":[{"count":2,"href":"https:\/\/ambtunisi.esteri.it\/fr\/wp-json\/wp\/v2\/pages\/186\/revisions"}],"predecessor-version":[{"id":467,"href":"https:\/\/ambtunisi.esteri.it\/fr\/wp-json\/wp\/v2\/pages\/186\/revisions\/467"}],"up":[{"embeddable":true,"href":"https:\/\/ambtunisi.esteri.it\/fr\/wp-json\/wp\/v2\/pages\/180"}],"wp:attachment":[{"href":"https:\/\/ambtunisi.esteri.it\/fr\/wp-json\/wp\/v2\/media?parent=186"}],"curies":[{"name":"wp","href":"https:\/\/api.w.org\/{rel}","templated":true}]}}