{"id":189,"date":"2023-04-11T18:20:09","date_gmt":"2023-04-11T17:20:09","guid":{"rendered":"https:\/\/ambtunisi.esteri.it\/servizi-consolari-e-visti\/servizi-per-il-cittadino-italiano\/autoveicoli-e-patenti-di-guida\/"},"modified":"2025-07-08T14:06:55","modified_gmt":"2025-07-08T13:06:55","slug":"autoveicoli-e-patenti-di-guida","status":"publish","type":"page","link":"https:\/\/ambtunisi.esteri.it\/fr\/servizi-consolari-e-visti\/servizi-per-il-cittadino-italiano\/autoveicoli-e-patenti-di-guida\/","title":{"rendered":"V\u00e9hicules \u00e0 moteur et permis de conduire"},"content":{"rendered":"<p style=\"text-align: justify;\">Les citoyens italiens r\u00e9sidents en Tunisie et r\u00e9guli\u00e8rement inscrits au Registre des Italiens R\u00e9sidents \u00e0 l\u2019Etranger AIRE, peuvent demander le renouvellement du permis de conduire italien. Afin de pouvoir proc\u00e9der au renouvellement du Permis de Conduire, celui-ci ne doit pas \u00eatre expir\u00e9 depuis plus de 3 ans.<\/p>\n<p style=\"text-align: justify;\">Seuls les citoyens italiens inscrits \u00e0 l\u2019AIRE peuvent renouveler leur permis de\u00a0conduire (A et B seulement)\u00a0;<\/p>\n<p style=\"text-align: justify;\">Ils doivent :<\/p>\n<ul style=\"text-align: justify;\">\n<li>s\u2019adresser au m\u00e9decin de confiance de cette Ambassade, Dr.Imed LEJMI (T\u00e9l. 98 309 660) afin d\u2019obtenir une certification sanitaire suite \u00e0 une visite m\u00e9dicale ;<\/li>\n<li>effectuer une visite ophtalmologique aupr\u00e8s d\u2019un m\u00e9decin de son choix ;<\/li>\n<li>fixer un rendez-vous \u00e0 l\u2019Ambassade et se rendre aux bureaux munis de :<\/li>\n<\/ul>\n<ol style=\"text-align: justify;\">\n<li>\n<ol>\n<li>le permis de conduire<\/li>\n<li>la photocopie du permis de conduire ;<\/li>\n<li>une photo d\u2019identit\u00e9 ;<\/li>\n<li>deux certificats m\u00e9dicaux ;<\/li>\n<li>la somme de l&rsquo;\u00e9quivalent en dinars de 50 euros (ce montant varie selon le taux de change).<\/li>\n<\/ol>\n<\/li>\n<\/ol>\n<p style=\"text-align: justify;\">Une fois le permis renouvel\u00e9, \u00e0 l\u2019occasion du premier voyage en Italie, il est conseill\u00e9 de faire enregistrer le renouvellement en question aupr\u00e8s du service de motorisation comp\u00e9tent.<\/p>\n<p style=\"text-align: justify;\">Les permis de conduire italiens renouvel\u00e9s \u00e0 l\u2019\u00e9tranger aupr\u00e8s des Autorit\u00e9s diplomatiques et consulaires italiennes devront \u00eatre confirm\u00e9s de la part du ressortissant \u00e0 son retour en Italie, conform\u00e9ment \u00e0 l\u2019art.126 du Code de la Route, \u00e0 travers l\u2019enregistrement du susdit renouvellement aupr\u00e8s du service de motorisation comp\u00e9tent.<\/p>\n","protected":false},"excerpt":{"rendered":"Les citoyens italiens r\u00e9sidents en Tunisie et r\u00e9guli\u00e8rement inscrits au Registre des Italiens R\u00e9sidents \u00e0 l\u2019Etranger AIRE, peuvent demander le renouvellement du permis de conduire italien. Afin de pouvoir proc\u00e9der au renouvellement du Permis de Conduire, celui-ci ne doit pas \u00eatre expir\u00e9 depuis plus de 3 ans. Seuls les citoyens italiens inscrits \u00e0 l\u2019AIRE peuvent [&hellip;]","protected":false},"author":1,"featured_media":0,"parent":180,"menu_order":16,"comment_status":"closed","ping_status":"closed","template":"","meta":{"footnotes":""},"class_list":["post-189","page","type-page","status-publish","hentry"],"_links":{"self":[{"href":"https:\/\/ambtunisi.esteri.it\/fr\/wp-json\/wp\/v2\/pages\/189","targetHints":{"allow":["GET"]}}],"collection":[{"href":"https:\/\/ambtunisi.esteri.it\/fr\/wp-json\/wp\/v2\/pages"}],"about":[{"href":"https:\/\/ambtunisi.esteri.it\/fr\/wp-json\/wp\/v2\/types\/page"}],"author":[{"embeddable":true,"href":"https:\/\/ambtunisi.esteri.it\/fr\/wp-json\/wp\/v2\/users\/1"}],"replies":[{"embeddable":true,"href":"https:\/\/ambtunisi.esteri.it\/fr\/wp-json\/wp\/v2\/comments?post=189"}],"version-history":[{"count":3,"href":"https:\/\/ambtunisi.esteri.it\/fr\/wp-json\/wp\/v2\/pages\/189\/revisions"}],"predecessor-version":[{"id":2527,"href":"https:\/\/ambtunisi.esteri.it\/fr\/wp-json\/wp\/v2\/pages\/189\/revisions\/2527"}],"up":[{"embeddable":true,"href":"https:\/\/ambtunisi.esteri.it\/fr\/wp-json\/wp\/v2\/pages\/180"}],"wp:attachment":[{"href":"https:\/\/ambtunisi.esteri.it\/fr\/wp-json\/wp\/v2\/media?parent=189"}],"curies":[{"name":"wp","href":"https:\/\/api.w.org\/{rel}","templated":true}]}}