{"id":190,"date":"2023-04-11T18:20:20","date_gmt":"2023-04-11T17:20:20","guid":{"rendered":"https:\/\/ambtunisi.esteri.it\/servizi-consolari-e-visti\/servizi-per-il-cittadino-italiano\/codice-fiscale\/"},"modified":"2026-02-12T18:54:42","modified_gmt":"2026-02-12T17:54:42","slug":"codice-fiscale","status":"publish","type":"page","link":"https:\/\/ambtunisi.esteri.it\/fr\/servizi-consolari-e-visti\/servizi-per-il-cittadino-italiano\/codice-fiscale\/","title":{"rendered":"Codice fiscale"},"content":{"rendered":"<p>Le code fiscal est le code alphanum\u00e9rique attribu\u00e9 par l\u2019<em>Agenzia delle Entrate<\/em> pour identifier les citoyens (italiens ou \u00e9trangers) dans leurs relations avec les administrations publiques, les particuliers et les organismes italiens. Pour les personnes physiques, le code fiscal est d\u00e9termin\u00e9 sur la base des donn\u00e9es d&rsquo;\u00e9tat civil.<\/p>\n<p>Toute obligation administrative (paiement de taxes, imp\u00f4ts, redevances, etc.) ou activit\u00e9 contractuelle (acceptation d&rsquo;un h\u00e9ritage, contrats avec des entit\u00e9s publiques ou priv\u00e9es, demande de financement, parrainages, locations ou pr\u00eats \u00e0 usage de biens immobiliers, etc.) n\u00e9cessite l&rsquo;indication du code fiscal de la personne qui l&rsquo;effectue.<\/p>\n<p><strong>CITOYENS ITALIENS R\u00c9SIDANT \u00c0 L&rsquo;\u00c9TRANGER INSCRITS \u00c0 L&rsquo;AIRE<\/strong><\/p>\n<p>Les citoyens italiens majeurs inscrits \u00e0 l&rsquo;AIRE peuvent demander un code fiscal, pour eux-m\u00eames et pour leurs enfants mineurs, via le portail \u00e9lectronique Fast It en acc\u00e9dant au service correspondant et en suivant les instructions. Une fois la demande trait\u00e9e, il sera \u00e9galement possible de t\u00e9l\u00e9charger le certificat attestant du code fiscal via le <a href=\"https:\/\/serviziconsolari.esteri.it\/#_blank\">portail Fast It<\/a>.<\/p>\n<p><strong><em>Comment ?<\/em><\/strong><\/p>\n<ol>\n<li>Acc\u00e9dez au <a href=\"https:\/\/serviziconsolari.esteri.it\/#_blank\">portail Fast It<\/a> ;<\/li>\n<li>Cliquez sur \u00ab Anagrafe Consolare e AIRE \u00bb (Registre consulaire et AIRE), puis sur \u00ab Attribuzione Codice fiscale \u00bb (Attribution du code fiscal) ;<\/li>\n<li>Confirmez les donn\u00e9es et lancez la demande ;<\/li>\n<li>Une fois la demande trait\u00e9e par le consulat, vous pourrez t\u00e9l\u00e9charger vous-m\u00eame le certificat d&rsquo;attribution du code fiscal.<\/li>\n<\/ol>\n<p><strong><em>Si vous ne parvenez pas \u00e0 t\u00e9l\u00e9charger le certificat d&rsquo;attribution du code fiscal :<\/em><\/strong><\/p>\n<ol>\n<li>Inscrivez-vous sur le <a href=\"https:\/\/serviziconsolari.esteri.it\/#_blank\">portail FAST IT<\/a> ou connectez-vous si vous disposez d\u00e9j\u00e0 d&rsquo;un compte actif ;<\/li>\n<li>Demandez l&rsquo;\u00ab Association en ligne \u00bb en cliquant sur \u00ab Registre consulaire et AIRE \u00bb, puis sur \u00ab Afficher votre fiche d&rsquo;\u00e9tat civil \u00bb ;<\/li>\n<li>Vous recevrez un message dans votre bo\u00eete mail vous informant que l&rsquo;association a \u00e9t\u00e9 effectu\u00e9e.<\/li>\n<li>Connectez-vous \u00e0 nouveau au portail et t\u00e9l\u00e9chargez le certificat.<\/li>\n<\/ol>\n<p>Les citoyens majeurs inscrits \u00e0 l&rsquo;AIRE qui poss\u00e8dent d\u00e9j\u00e0 un code fiscal peuvent t\u00e9l\u00e9charger directement le certificat attestant leur code fiscal via le portail \u00e9lectronique Fast It en acc\u00e9dant au service correspondant et en suivant les instructions fournies pour demander le code fiscal ; dans ce cas, l&rsquo;intervention du consulat ne sera pas n\u00e9cessaire pour la d\u00e9livrance du certificat.<\/p>\n<p>Les personnes qui souhaitent \u00e9galement recevoir la carte fiscale doivent demander le code fiscal et la carte en pr\u00e9sentant le formulaire appropri\u00e9 accompagn\u00e9 d&rsquo;une copie d&rsquo;une pi\u00e8ce d&rsquo;identit\u00e9.<\/p>\n<p>En cas de perte ou de destruction du certificat papier ou de la carte plastifi\u00e9e, un duplicata peut \u00eatre demand\u00e9 selon les m\u00eames modalit\u00e9s que celles pr\u00e9vues pour l&rsquo;attribution.<\/p>\n<p><strong>CITOYENS \u00c9TRANGERS NON R\u00c9SIDENTS EN ITALIE<\/strong><\/p>\n<p>Les citoyens \u00e9trangers peuvent demander un code fiscal de la mani\u00e8re suivante :<\/p>\n<p>&#8211;\u00a0\u00a0\u00a0 Aupr\u00e8s du consulat italien comp\u00e9tent pour leur lieu de r\u00e9sidence.<\/p>\n<p>La demande de code fiscal, \u00e0 effectuer en remplissant le formulaire pr\u00e9vu \u00e0 cet effet, doit \u00eatre pr\u00e9sent\u00e9e accompagn\u00e9e d&rsquo;une copie d&rsquo;une pi\u00e8ce d&rsquo;identit\u00e9 et d&rsquo;une justification.<\/p>\n<p>Pour plus d&rsquo;informations, il est recommand\u00e9 de consulter le site web du consulat comp\u00e9tent.<\/p>\n<p>&#8211;\u00a0\u00a0\u00a0 Par le biais d&rsquo;une procuration sp\u00e9ciale d\u00e9l\u00e9guant une personne pour pr\u00e9senter le formulaire de demande de code fiscal directement aux bureaux de l\u2019<em>Agenzia delle Entrate<\/em> situ\u00e9s sur le territoire italien, conform\u00e9ment \u00e0 l&rsquo;article 1 du d\u00e9cret minist\u00e9riel d&rsquo;application n\u00b0 281 du 17 mai 2001.<\/p>\n<p>Les adresses des bureaux de l\u2019<em>Agenzia delle Entrate<\/em> sont disponibles sur le site Internet <a href=\"www.agenziaentrate.it\">www.agenziaentrate.it<\/a><\/p>\n<p>Pour la l\u00e9galisation des documents \u00e9trangers : <a href=\"https:\/\/www.esteri.it\/it\/servizi-consolari-e-visti\/italiani-all-estero\/traduzione-e-legalizzazione-documenti\/legalizzazione-documenti\/\">L\u00e9galisation des documents \u2013 Minist\u00e8re des Affaires \u00e9trang\u00e8res et de la Coop\u00e9ration internationale<\/a><\/p>\n<p>&#8211;\u00a0\u00a0\u00a0 Directement aupr\u00e8s des bureaux de l\u2019<em>Agenzia delle Entrate<\/em> situ\u00e9s sur le territoire italien, une fois entr\u00e9 dans le pays.<\/p>\n<p>Pour plus d&rsquo;informations, nous vous recommandons de consulter le <a href=\"https:\/\/www.agenziaentrate.gov.it\/portale\/documents\/20143\/233505\/Folder_CodiceFiscaleStranieri_08+03+23.pdf\/218dc638-ced1-3b2d-f5f2-912686b1f7fe?t=1682082253716\">Mini-guide du code fiscal pour les \u00e9trangers<\/a> de l\u2019<em>Agenzia delle Entrate<\/em>, disponible en plusieurs langues sur le site : <a href=\"https:\/\/www.agenziaentrate.gov.it\/portale\/mini-guida-codice-fiscale-per-stranieri\">L&rsquo;Agence &#8211; Mini-guide du code fiscal pour les \u00e9trangers &#8211; <em>Agenzia delle Entrate<\/em><\/a><\/p>\n<p>En particulier :<\/p>\n<p>Les citoyens des pays de l&rsquo;UE qui souhaitent s\u00e9journer en Italie peuvent demander un code fiscal en pr\u00e9sentant le formulaire AA4\/8 \u00e0 un bureau territorial de l\u2019<em>Agenzia delle Entrate<\/em>. La demande doit \u00eatre motiv\u00e9e et accompagn\u00e9e d&rsquo;un document en cours de validit\u00e9 (passeport ou carte d&rsquo;identit\u00e9 valable pour l&rsquo;expatriation).<\/p>\n<p>Les <strong>ressortissants de pays hors UE<\/strong> qui souhaitent s\u00e9journer en Italie se voient attribuer un code fiscal :<\/p>\n<p>\u2013 par le <em>Sportello Unico per l\u2019Immigrazione<\/em>, pr\u00e9sent dans chaque pr\u00e9fecture et comp\u00e9tent pour d\u00e9livrer l&rsquo;autorisation d&rsquo;entr\u00e9e aux ressortissants \u00e9trangers qui demandent un permis de s\u00e9jour pour travail salari\u00e9 ou regroupement familial ;<\/p>\n<p>\u2013 par la <em>Questura<\/em>, bureau de la police d&rsquo;\u00c9tat, pour les ressortissants \u00e9trangers qui demandent d&rsquo;autres types de permis de s\u00e9jour.<\/p>\n<p><strong><u>Motifs d&rsquo;\u00e9tudes<\/u><\/strong><\/p>\n<p>Le ressortissant \u00e9tranger qui arrive en Italie pour des raisons d&rsquo;\u00e9tudes et doit s\u00e9journer moins de 90 jours peut demander un code fiscal \u00e0 n&rsquo;importe quel <strong>bureau de l\u2019<em>Agenzia delle Entrate<\/em><\/strong>.<\/p>\n<p>Le ressortissant \u00e9tranger qui arrive en Italie pour des raisons d&rsquo;\u00e9tudes et doit s\u00e9journer plus de 90 jours doit demander au pr\u00e9alable un permis de s\u00e9jour \u00e0 la <strong><em>Questura<\/em><\/strong> et, \u00e0 ce stade, il recevra son code fiscal.<\/p>\n","protected":false},"excerpt":{"rendered":"Le code fiscal est le code alphanum\u00e9rique attribu\u00e9 par l\u2019Agenzia delle Entrate pour identifier les citoyens (italiens ou \u00e9trangers) dans leurs relations avec les administrations publiques, les particuliers et les organismes italiens. Pour les personnes physiques, le code fiscal est d\u00e9termin\u00e9 sur la base des donn\u00e9es d&rsquo;\u00e9tat civil. Toute obligation administrative (paiement de taxes, imp\u00f4ts, [&hellip;]","protected":false},"author":1,"featured_media":0,"parent":180,"menu_order":18,"comment_status":"closed","ping_status":"closed","template":"","meta":{"footnotes":""},"class_list":["post-190","page","type-page","status-publish","hentry"],"_links":{"self":[{"href":"https:\/\/ambtunisi.esteri.it\/fr\/wp-json\/wp\/v2\/pages\/190","targetHints":{"allow":["GET"]}}],"collection":[{"href":"https:\/\/ambtunisi.esteri.it\/fr\/wp-json\/wp\/v2\/pages"}],"about":[{"href":"https:\/\/ambtunisi.esteri.it\/fr\/wp-json\/wp\/v2\/types\/page"}],"author":[{"embeddable":true,"href":"https:\/\/ambtunisi.esteri.it\/fr\/wp-json\/wp\/v2\/users\/1"}],"replies":[{"embeddable":true,"href":"https:\/\/ambtunisi.esteri.it\/fr\/wp-json\/wp\/v2\/comments?post=190"}],"version-history":[{"count":6,"href":"https:\/\/ambtunisi.esteri.it\/fr\/wp-json\/wp\/v2\/pages\/190\/revisions"}],"predecessor-version":[{"id":3100,"href":"https:\/\/ambtunisi.esteri.it\/fr\/wp-json\/wp\/v2\/pages\/190\/revisions\/3100"}],"up":[{"embeddable":true,"href":"https:\/\/ambtunisi.esteri.it\/fr\/wp-json\/wp\/v2\/pages\/180"}],"wp:attachment":[{"href":"https:\/\/ambtunisi.esteri.it\/fr\/wp-json\/wp\/v2\/media?parent=190"}],"curies":[{"name":"wp","href":"https:\/\/api.w.org\/{rel}","templated":true}]}}