{"id":194,"date":"2023-04-11T18:22:07","date_gmt":"2023-04-11T17:22:07","guid":{"rendered":"https:\/\/ambtunisi.esteri.it\/servizi-consolari-e-visti\/servizi-per-il-cittadino-straniero\/visti\/"},"modified":"2026-04-21T15:46:21","modified_gmt":"2026-04-21T14:46:21","slug":"visti","status":"publish","type":"page","link":"https:\/\/ambtunisi.esteri.it\/fr\/servizi-consolari-e-visti\/servizi-per-il-cittadino-straniero\/visti\/","title":{"rendered":"Visas"},"content":{"rendered":"<p>L&rsquo;Italie fait partie du\u00a0<strong><a href=\"http:\/\/www.esteri.it\/mae\/en\/ministero\/servizi\/stranieri\/ingressosoggiornoinitalia\/vis.html\">Syst\u00e8me d&rsquo;Information Visas (VIS)<\/a><\/strong>, un syst\u00e8me d&rsquo;\u00e9change de donn\u00e9es relatives aux visas d&rsquo;entr\u00e9e dans l&rsquo;Espace Schengen. L&rsquo;institution du VIS constitue l&rsquo;une des principales initiatives dans le cadre des politiques de l&rsquo;Union Europ\u00e9enne visant \u00e0 cr\u00e9er un espace de libert\u00e9, de s\u00e9curit\u00e9 et de justice sans fronti\u00e8res internes.<\/p>\n<p>Afin d&rsquo;obtenir toutes les informations utiles pour savoir quand il est n\u00e9cessaire d&rsquo;avoir un visa d&rsquo;entr\u00e9e pour se rendre en Italie, le type de visa dont on a besoin et ce qu&rsquo;il faut faire pour le demander,\u00a0<strong><a href=\"http:\/\/vistoperitalia.esteri.it\/home\/en\">cliquer ici: visa pour l&rsquo;Italie.<\/a><\/strong><\/p>\n<p class=\"boxLevel03\">Pour pr\u00e9senter \u00e0 l&rsquo;Ambassade d&rsquo;Italie \u00e0 Tunis une demande de visa d&rsquo;entr\u00e9e en Italie,\u00a0<strong><a href=\"https:\/\/ambtunisi.esteri.it\/fr\/servizi-consolari-e-visti\/servizi-per-il-cittadino-straniero\/visti\/chiedere-un-visto\/\">cliquer ici<\/a>.\u00a0<\/strong><\/p>\n","protected":false},"excerpt":{"rendered":"L&rsquo;Italie fait partie du\u00a0Syst\u00e8me d&rsquo;Information Visas (VIS), un syst\u00e8me d&rsquo;\u00e9change de donn\u00e9es relatives aux visas d&rsquo;entr\u00e9e dans l&rsquo;Espace Schengen. L&rsquo;institution du VIS constitue l&rsquo;une des principales initiatives dans le cadre des politiques de l&rsquo;Union Europ\u00e9enne visant \u00e0 cr\u00e9er un espace de libert\u00e9, de s\u00e9curit\u00e9 et de justice sans fronti\u00e8res internes. Afin d&rsquo;obtenir toutes les informations [&hellip;]","protected":false},"author":1,"featured_media":0,"parent":193,"menu_order":0,"comment_status":"closed","ping_status":"closed","template":"","meta":{"footnotes":""},"class_list":["post-194","page","type-page","status-publish","hentry"],"_links":{"self":[{"href":"https:\/\/ambtunisi.esteri.it\/fr\/wp-json\/wp\/v2\/pages\/194","targetHints":{"allow":["GET"]}}],"collection":[{"href":"https:\/\/ambtunisi.esteri.it\/fr\/wp-json\/wp\/v2\/pages"}],"about":[{"href":"https:\/\/ambtunisi.esteri.it\/fr\/wp-json\/wp\/v2\/types\/page"}],"author":[{"embeddable":true,"href":"https:\/\/ambtunisi.esteri.it\/fr\/wp-json\/wp\/v2\/users\/1"}],"replies":[{"embeddable":true,"href":"https:\/\/ambtunisi.esteri.it\/fr\/wp-json\/wp\/v2\/comments?post=194"}],"version-history":[{"count":3,"href":"https:\/\/ambtunisi.esteri.it\/fr\/wp-json\/wp\/v2\/pages\/194\/revisions"}],"predecessor-version":[{"id":245,"href":"https:\/\/ambtunisi.esteri.it\/fr\/wp-json\/wp\/v2\/pages\/194\/revisions\/245"}],"up":[{"embeddable":true,"href":"https:\/\/ambtunisi.esteri.it\/fr\/wp-json\/wp\/v2\/pages\/193"}],"wp:attachment":[{"href":"https:\/\/ambtunisi.esteri.it\/fr\/wp-json\/wp\/v2\/media?parent=194"}],"curies":[{"name":"wp","href":"https:\/\/api.w.org\/{rel}","templated":true}]}}