{"id":242,"date":"2023-10-26T14:25:54","date_gmt":"2023-10-26T13:25:54","guid":{"rendered":"https:\/\/ambtunisi.esteri.it\/chiedere-un-visto\/"},"modified":"2026-02-05T11:21:00","modified_gmt":"2026-02-05T10:21:00","slug":"chiedere-un-visto","status":"publish","type":"page","link":"https:\/\/ambtunisi.esteri.it\/fr\/servizi-consolari-e-visti\/servizi-per-il-cittadino-straniero\/visti\/chiedere-un-visto\/","title":{"rendered":"Demander un visa"},"content":{"rendered":"<p style=\"font-weight: 400;\">Tous les citoyens \u00e9trangers (qui n\u2019en sont pas exempt\u00e9s) sont autoris\u00e9s \u00e0 franchir la fronti\u00e8re italienne seulement s\u2019ils sont munis d\u2019un visa en cours de validit\u00e9 appos\u00e9 sur son propre passeport.<\/p>\n<p style=\"font-weight: 400;\">Les citoyens d\u2019un Etat Membre de l\u2019Union Europ\u00e9enne ou de l\u2019Espace Economique Europ\u00e9en n\u2019on pas besoin d\u2019un visa, ind\u00e9pendamment de la dur\u00e9e du s\u00e9jour.<\/p>\n<p>Il est port\u00e9 \u00e0 la connaissance des citoyens \u00e9trangers souhaitant demander un visa qu&rsquo;en vertu de la <strong>D\u00e9cision UE 2024\/1231 du 12.04.2024<\/strong>, le tarif consulaire pour le d\u00e9p\u00f4t d&rsquo;une demande de visa Schengen est de : <strong>90 \u20ac<\/strong> pour les demandeurs de plus de 12 ans ; <strong>45 \u20ac <\/strong>pour les demandeurs \u00e2g\u00e9s de 6 \u00e0 12 ans ; <strong>gratuit<\/strong> pour les demandeurs de moins de 6 ans.<\/p>\n<p style=\"font-weight: 400;\">Pour toute information compl\u00e9mentaire, il est possible de consulter le nouveau R\u00e8glement sur le lien suivant :<\/p>\n<p style=\"font-weight: 400;\"><a href=\"https:\/\/eur-lex.europa.eu\/legal-content\/IT\/TXT\/?uri=CELEX:32019R1155\">https:\/\/eur-lex.europa.eu\/legal-content\/IT\/TXT\/?uri=CELEX:32019R1155<\/a><\/p>\n<p style=\"font-weight: 400;\"><a href=\"https:\/\/ambtunisi.esteri.it\/ambasciata_tunisi\/it\/ambasciata\/news\/dall_ambasciata\/2020\/02\/aggiornamenti-sul-coronavirus-covid.html#ITALIA\">COVID-19: MESURES EN VIGUEUR POUR ENTRER EN ITALIE<\/a><\/p>\n<p style=\"font-weight: 400;\"><b><strong>INFORMATIONS:<\/strong><\/b><\/p>\n<p style=\"font-weight: 400;\">LE VISA POUR L&rsquo;ITALIE, meme en langue arabe:\u00a0<a href=\"https:\/\/vistoperitalia.esteri.it\/home\/ar\">https:\/\/vistoperitalia.esteri.it\/home\/ar<\/a><\/p>\n<p style=\"font-weight: 400;\"><b><strong>QUI CONTACTER<\/strong><\/b><\/p>\n<p style=\"font-weight: 400;\">Il est possible de pr\u00e9senter une demande de visa pour l\u2019Italie \u00e0 travers un rendez-vous en s\u2019adressant \u00e0 la\u00a0<b><strong>Soci\u00e9t\u00e9 Almaviva Visa Services (AVS)<\/strong><\/b>\u00a0online sur le site\u00a0<b><strong><a href=\"http:\/\/avs.com.tn\/\">http:\/\/avs.com.tn\/<\/a><\/strong><\/b>\u00a0\u00a0ou aux num\u00e9ros de t\u00e9l\u00e9phone suivants (du lundi au vendredi, de 08:00 \u00e0 19:00):<\/p>\n<p style=\"font-weight: 400;\">A partir de la Tunisie : pr\u00e9fixe 00216<\/p>\n<p style=\"font-weight: 400;\">70 103 710 (visas de tourisme et autres typologies)<\/p>\n<p style=\"font-weight: 400;\">70 103 714 (visas affaires)<\/p>\n<p style=\"font-weight: 400;\">70 103 712 (num\u00e9ro actif seulement dans les p\u00e9riodes des pr\u00e9-inscriptions universitaires)<\/p>\n<p style=\"font-weight: 400;\">70 103 715 (visas pour conjoints de citoyens de l\u2019Union Europ\u00e9enne)<\/p>\n<p style=\"font-weight: 400;\">A partir de l\u2019Italie : 0039 091 768 24 24<\/p>\n<p style=\"font-weight: 400;\">Le si\u00e8ge de la Soci\u00e9t\u00e9 AVS se trouve \u00e0 l&rsquo;adresse suivante :\u00a0<b><strong>Rue Alphonse Laveran n, 8 &#8211; 1002, Tunis.<\/strong><\/b><\/p>\n<p style=\"font-weight: 400;\">Horaires d\u2019ouverture au public : du lundi au vendredi, de 08:30 \u00e0 19:00.<\/p>\n<p style=\"font-weight: 400;\">Autrement, pour toute demande le Bureau des Visas de l&rsquo;Ambassade d&rsquo;Italie est disponible aux usagers et il est joignable par e-mail\u00a0<a href=\"mailto:visti1.tunisi@esteri.it\">visti1.tunisi@esteri.it<\/a>.<\/p>\n<p style=\"font-weight: 400;\"><b><strong>QUELS DOCUMENTS PRESENTER<\/strong><\/b><\/p>\n<p style=\"font-weight: 400;\">La demande doit \u00eatre pr\u00e9sent\u00e9e personnellement par le demandeur, en joignant un document de voyage valable, d\u2019une validit\u00e9 sup\u00e9rieure \u00e0 3 mois au-del\u00e0 de la date d\u2019\u00e9ch\u00e9ance du visa et sur lequel il est mat\u00e9riellement possible de l\u2019apposer.<\/p>\n<p style=\"font-weight: 400;\">Il est obligatoirement demand\u00e9 \u00e0 l\u2019\u00e9tranger d\u2019attester :<\/p>\n<ul style=\"font-weight: 400;\">\n<li>le but du voyage;<\/li>\n<li>les moyens de transport de l\u2019aller et du retour;<\/li>\n<li>la documentation relative aux revenus;<\/li>\n<li>les moyens de subsistance pendant le voyage et le s\u00e9jour;<\/li>\n<li>les conditions d\u2019h\u00e9bergement;<\/li>\n<li>l\u2019assurance m\u00e9dicale;<\/li>\n<\/ul>\n<p style=\"font-weight: 400;\"><a href=\"https:\/\/ambtunisi.esteri.it\/wp-content\/uploads\/2023\/10\/ue_armonizzata.pdf\">Liste des documents justificatifs devant \u00eatre produits par les demandeurs de visa de court s\u00e9jour &#8211; COMMISSION EUROPEENNE 06\/05\/2019<\/a><\/p>\n<p style=\"font-weight: 400;\"><b><strong>COMMENT ET QUAND PRESENTER LA DEMANDE DE VISA<\/strong><\/b><\/p>\n<p style=\"font-weight: 400;\">La demande de visa doit \u00eatre pr\u00e9sent\u00e9e par \u00e9crit sur un formulaire appropri\u00e9 en exemplaire unique, rempli dans toutes ses parties, souscrit par l\u2019\u00e9tranger et accompagn\u00e9 d\u2019une photo d\u2019identit\u00e9. Pour chaque typologie de visa, il peut \u00eatre demand\u00e9 la pr\u00e9sentation de documents sp\u00e9cifiques. Tous les documents requis doivent \u00eatre pr\u00e9sent\u00e9s en original et en photocopie.<\/p>\n<p style=\"font-weight: 400;\">Le Bureau se r\u00e9serve le droit d\u2019effectuer d\u2019ult\u00e9rieurs approfondissements et de demander d\u2019\u00e9ventuels documents \u00e0 int\u00e9grer.<\/p>\n<p style=\"font-weight: 400;\">La pr\u00e9sentation de tous les documents\u00a0ne comporte pas\u00a0l\u2019octroi automatique du visa.<\/p>\n<p style=\"font-weight: 400;\">Les demandes de visa seront trait\u00e9es avec la plus grande sollicitude. Cependant, surtout pendant les p\u00e9riodes de haute saison touristique, il est recommand\u00e9 de d\u00e9poser la demande de visa\u00a0<b><strong>largement \u00e0 l\u2019avance<\/strong><\/b>\u00a0par rapport \u00e0 la date de d\u00e9part pr\u00e9vue.<\/p>\n<p style=\"font-weight: 400;\"><b><strong>FRAIS ET TARIFS<\/strong><\/b><\/p>\n<p><strong>Visa de type C \u2013 Schengen jusqu&rsquo;\u00e0 90 jours<\/strong><\/p>\n<p><strong>Adultes : Euro 90,00<\/strong><\/p>\n<p><strong>De 6 \u00e0 12 ans : Euro 45,00<\/strong><\/p>\n<p><strong>De 0 \u00e0 6 ans : Euro 0<\/strong><\/p>\n<p style=\"font-weight: 400;\">Visa de type D \u2013 longue dur\u00e9e<\/p>\n<p style=\"font-weight: 400;\">Co\u00fbt unique Euro 116<\/p>\n<p style=\"font-weight: 400;\"><b><strong><em>ATTENTION:\u00a0Seul les droits de visa et les frais de service agr\u00e9es par l\u2019Ambassade d\u2019Italie \u00e0 Tunis doivent \u00eatre r\u00e8gles au moment du d\u00e9p\u00f4t du dossier directement aupr\u00e8s du Centre Almaviva.\u00a0Accepter les services payants d\u2019un interm\u00e9diaire pour l\u2019obtention d\u2019un rendez-vous ou le changement de sa date, est susceptible de porter pr\u00e9judice \u00e0 votre dossier lors de son instruction au Consulat.<\/em><\/strong><\/b><br \/>\n<b><strong><em>Nous d\u00e9clinons toute responsabilit\u00e9 sur les cons\u00e9quences encourues par les demandeurs usant de ces pratiques frauduleuses. Si vous \u00eates confront\u00e9s \u00e0 de tels agissements vous \u00eates pri\u00e9s de le signaler imm\u00e9diatement au Service Visas en envoyant un message \u00e0 l\u2019adresse\u00a0<a href=\"mailto:visti1.tunisi@esteri.it\">visti1.tunisi@esteri.it<\/a>, en indiquant toutes les informations utiles en votre possession.<\/em><\/strong><\/b><\/p>\n<p style=\"font-weight: 400;\">Voici \u00e0 t\u00e9l\u00e9charger<\/p>\n<ul style=\"font-weight: 400;\">\n<li><a href=\"https:\/\/ambtunisi.esteri.it\/wp-content\/uploads\/2024\/07\/Formulaire_Schengen_Visa_NOUVEAU_V2.pdf\">Formulaire de demande de visa<\/a><\/li>\n<li><a href=\"https:\/\/ambtunisi.esteri.it\/wp-content\/uploads\/2023\/10\/lettera_di_invito_per_visto_affari.pdf\">Lettre d\u2019invitation pour l&rsquo;obtention du visa pour affaires<\/a><\/li>\n<li><a href=\"https:\/\/ambtunisi.esteri.it\/wp-content\/uploads\/2023\/10\/dichiarazione_garanzia_o_alloggio.pdf\">D\u00e9claration de garantie et\/ou d\u2019h\u00e9bergement<\/a><\/li>\n<\/ul>\n<p style=\"font-weight: 400;\"><b><strong>FICHES INFORMATIVES SUR LES VISAS\u00a0<\/strong><\/b><\/p>\n<p style=\"font-weight: 400;\"><a href=\"https:\/\/ambtunisi.esteri.it\/wp-content\/uploads\/2023\/10\/visa_adoption.pdf\">Visa pour adoption<\/a><\/p>\n<p style=\"font-weight: 400;\"><a href=\"https:\/\/ambtunisi.esteri.it\/wp-content\/uploads\/2023\/10\/visa_affaires.pdf\">Visa pour affaires<\/a><\/p>\n<p style=\"font-weight: 400;\"><a href=\"https:\/\/ambtunisi.esteri.it\/wp-content\/uploads\/2023\/10\/visa_soins_medicaux.pdf\">Visa pour soins m\u00e9dicaux<\/a><\/p>\n<p style=\"font-weight: 400;\"><a href=\"https:\/\/ambtunisi.esteri.it\/wp-content\/uploads\/2023\/10\/visa_diplomatique.pdf\">Visa diplomatique<\/a><\/p>\n<p style=\"font-weight: 400;\"><a href=\"https:\/\/ambtunisi.esteri.it\/wp-content\/uploads\/2023\/10\/visa_competition_sportive.pdf\">Visa pour comp\u00e9tition sportive<\/a><\/p>\n<p style=\"font-weight: 400;\"><a href=\"https:\/\/ambtunisi.esteri.it\/wp-content\/uploads\/2023\/10\/visa_travail_autonome.pdf\">Visa pour travail autonome<\/a><\/p>\n<p style=\"font-weight: 400;\"><a href=\"https:\/\/ambtunisi.esteri.it\/wp-content\/uploads\/2023\/10\/visa_travail_subordonn.pdf\">Visa de travail subordonn\u00e9<\/a><\/p>\n<p><a href=\"https:\/\/ambtunisi.esteri.it\/wp-content\/uploads\/2026\/02\/Visto-Lavoro-Subordinato-CARTA-BLU-FR.pdf\">Visa de travail subordonn\u00e9 \u2013 Carte bleue UE<\/a><\/p>\n<p style=\"font-weight: 400;\"><a href=\"https:\/\/ambtunisi.esteri.it\/wp-content\/uploads\/2023\/10\/visa_mission.pdf\">Visa pour mission<\/a><\/p>\n<p style=\"font-weight: 400;\"><a href=\"https:\/\/ambtunisi.esteri.it\/wp-content\/uploads\/2023\/10\/visa_regroupement_familial.pdf\">Visa de regroupement familial<\/a><\/p>\n<p style=\"font-weight: 400;\"><a href=\"https:\/\/ambtunisi.esteri.it\/wp-content\/uploads\/2023\/10\/visa_motifs_religieux.pdf\">Visa pour motifs religieux<\/a><\/p>\n<p style=\"font-weight: 400;\"><a href=\"https:\/\/ambtunisi.esteri.it\/wp-content\/uploads\/2023\/10\/visa_retour.pdf\">Visa de retour<\/a><\/p>\n<p style=\"font-weight: 400;\"><a href=\"https:\/\/ambtunisi.esteri.it\/wp-content\/uploads\/2023\/10\/visa_rsidence_elective.pdf\">Visa pour r\u00e9sidence \u00e9lective<\/a><\/p>\n<p><a href=\"https:\/\/ambtunisi.esteri.it\/wp-content\/uploads\/2025\/07\/NOMADI-DIGITALI-E-LAVORATORI-DA-REMOTO.pdf\">Visa d\u2019entr\u00e9e pour les nomades num\u00e9riques et les travailleurs \u00e0 distance<\/a><\/p>\n<p style=\"font-weight: 400;\"><a href=\"https:\/\/ambtunisi.esteri.it\/wp-content\/uploads\/2023\/10\/visa_etudes.pdf\">Visa d&rsquo;\u00e9tudes<\/a><\/p>\n<p><a href=\"https:\/\/ambtunisi.esteri.it\/wp-content\/uploads\/2025\/07\/VISTO-STUDIO-IMMATRICOLAZIONE-VERSIONE-FRANCESE-2025-2026-rev.pdf\">Visa d\u2019\u00e9tude pr\u00e9-inscription universitaire\u201d<\/a><\/p>\n<p style=\"font-weight: 400;\"><a href=\"https:\/\/ambtunisi.esteri.it\/wp-content\/uploads\/2023\/10\/visa_transit.pdf\">Visa pour transit<\/a><\/p>\n<p style=\"font-weight: 400;\"><a href=\"https:\/\/ambtunisi.esteri.it\/wp-content\/uploads\/2023\/10\/visa_transport.pdf\">Visa pour transport<\/a><\/p>\n<p style=\"font-weight: 400;\"><a href=\"https:\/\/ambtunisi.esteri.it\/wp-content\/uploads\/2023\/10\/visa_tourisme.pdf\">Visa pour tourisme<\/a><\/p>\n<p style=\"font-weight: 400;\"><a href=\"https:\/\/ambtunisi.esteri.it\/wp-content\/uploads\/2023\/10\/informativa_sulla_protezione_delle_persone_fisiche__visti-1.pdf\"><b><strong>NOTE D\u2019INFORMATION SUR LA PROTECTION DES PERSONNES PHYSIQUES A L\u2019EGARD DU TRAITEMENT DES DONNEES PERSONNELLES AUX FINS DE LA DELIVRANCE D\u2019UN VISA D\u2019ENTREE EN ITALIE ET DANS L\u2019ESPACE SCHENGEN (REGLEMENT GENERAL SUR LA PROTECTION DES DONNEES (UE) 2016\/679, ART. 13)<\/strong><\/b><\/a><\/p>\n","protected":false},"excerpt":{"rendered":"Tous les citoyens \u00e9trangers (qui n\u2019en sont pas exempt\u00e9s) sont autoris\u00e9s \u00e0 franchir la fronti\u00e8re italienne seulement s\u2019ils sont munis d\u2019un visa en cours de validit\u00e9 appos\u00e9 sur son propre passeport. Les citoyens d\u2019un Etat Membre de l\u2019Union Europ\u00e9enne ou de l\u2019Espace Economique Europ\u00e9en n\u2019on pas besoin d\u2019un visa, ind\u00e9pendamment de la dur\u00e9e du s\u00e9jour. [&hellip;]","protected":false},"author":1,"featured_media":0,"parent":194,"menu_order":0,"comment_status":"closed","ping_status":"closed","template":"","meta":{"footnotes":""},"class_list":["post-242","page","type-page","status-publish","hentry"],"_links":{"self":[{"href":"https:\/\/ambtunisi.esteri.it\/fr\/wp-json\/wp\/v2\/pages\/242","targetHints":{"allow":["GET"]}}],"collection":[{"href":"https:\/\/ambtunisi.esteri.it\/fr\/wp-json\/wp\/v2\/pages"}],"about":[{"href":"https:\/\/ambtunisi.esteri.it\/fr\/wp-json\/wp\/v2\/types\/page"}],"author":[{"embeddable":true,"href":"https:\/\/ambtunisi.esteri.it\/fr\/wp-json\/wp\/v2\/users\/1"}],"replies":[{"embeddable":true,"href":"https:\/\/ambtunisi.esteri.it\/fr\/wp-json\/wp\/v2\/comments?post=242"}],"version-history":[{"count":7,"href":"https:\/\/ambtunisi.esteri.it\/fr\/wp-json\/wp\/v2\/pages\/242\/revisions"}],"predecessor-version":[{"id":3035,"href":"https:\/\/ambtunisi.esteri.it\/fr\/wp-json\/wp\/v2\/pages\/242\/revisions\/3035"}],"up":[{"embeddable":true,"href":"https:\/\/ambtunisi.esteri.it\/fr\/wp-json\/wp\/v2\/pages\/194"}],"wp:attachment":[{"href":"https:\/\/ambtunisi.esteri.it\/fr\/wp-json\/wp\/v2\/media?parent=242"}],"curies":[{"name":"wp","href":"https:\/\/api.w.org\/{rel}","templated":true}]}}