{"id":421,"date":"2023-11-23T11:22:24","date_gmt":"2023-11-23T10:22:24","guid":{"rendered":"https:\/\/ambtunisi.esteri.it\/?page_id=421"},"modified":"2024-06-26T14:37:50","modified_gmt":"2024-06-26T13:37:50","slug":"bienvenue-de-lambassadeur-ditalie-a-tunis","status":"publish","type":"page","link":"https:\/\/ambtunisi.esteri.it\/fr\/chi-siamo\/lambasciatore\/bienvenue-de-lambassadeur-ditalie-a-tunis\/","title":{"rendered":"Bienvenue de l\u2019Ambassadeur d\u2019Italie \u00e0 Tunis"},"content":{"rendered":"<p>Chers compatriotes, chers amis tunisiens,<\/p>\n<p>C&rsquo;est avec enthousiasme que j&rsquo;assume aujourd&rsquo;hui la fonction d&rsquo;Ambassadeur d&rsquo;Italie aupr\u00e8s de la R\u00e9publique tunisienne, un pays ami avec lequel nous partageons une histoire commune gr\u00e2ce \u00e0 des si\u00e8cles d&rsquo;\u00e9changes qui ont rapproch\u00e9 nos peuples.<\/p>\n<p>Le partenariat solide et concret entre nos pays couvre tous les domaines principaux : du dialogue politique au commerce, sans n\u00e9gliger des aspects fondamentaux tels que la collaboration dans le domaine culturel. Le Plan Mattei, pr\u00e9sent\u00e9 lors du Sommet Italie-Afrique en janvier dernier, a ouvert de nouvelles perspectives qui permettront de renforcer davantage nos relations.<\/p>\n<p>L&rsquo;Ambassade continuera \u00e0 travailler pour consolider les relations bilat\u00e9rales d\u00e9j\u00e0 excellentes et pour fournir des services \u00e0 la communaut\u00e9 italienne nombreuse et qualifi\u00e9e, ainsi qu&rsquo;aux plus de 950 entreprises italiennes qui contribuent quotidiennement aux \u00e9changes entre les deux rives de la m\u00eame mer.<\/p>\n<p>Ce site repr\u00e9sente une premi\u00e8re forme de contact afin d\u2019approfondir la richesse du partenariat italo-tunisien. Je vous invite donc \u00e0 le consulter, ainsi que nos r\u00e9seaux sociaux <a href=\"https:\/\/www.facebook.com\/ItalyinTunisia\">Facebook<\/a>,\u00a0<a href=\"https:\/\/www.instagram.com\/italyintunisia\/\">Instagram<\/a>\u00a0et\u00a0<a href=\"https:\/\/twitter.com\/ItalyinTunisia\">Twitter<\/a>, pour rester au courant des activit\u00e9s et des services offerts par l&rsquo;Ambassade.<\/p>\n<p>Alessandro Prunas<\/p>\n<p>Ambassadeur d&rsquo;Italie aupr\u00e8s de la R\u00e9publique tunisienne<\/p>\n<p>Tunis, 6 f\u00e9vrier 2024<\/p>\n","protected":false},"excerpt":{"rendered":"Chers compatriotes, chers amis tunisiens, C&rsquo;est avec enthousiasme que j&rsquo;assume aujourd&rsquo;hui la fonction d&rsquo;Ambassadeur d&rsquo;Italie aupr\u00e8s de la R\u00e9publique tunisienne, un pays ami avec lequel nous partageons une histoire commune gr\u00e2ce \u00e0 des si\u00e8cles d&rsquo;\u00e9changes qui ont rapproch\u00e9 nos peuples. Le partenariat solide et concret entre nos pays couvre tous les domaines principaux : du [&hellip;]","protected":false},"author":4,"featured_media":0,"parent":173,"menu_order":0,"comment_status":"closed","ping_status":"closed","template":"","meta":{"footnotes":""},"class_list":["post-421","page","type-page","status-publish","hentry"],"_links":{"self":[{"href":"https:\/\/ambtunisi.esteri.it\/fr\/wp-json\/wp\/v2\/pages\/421","targetHints":{"allow":["GET"]}}],"collection":[{"href":"https:\/\/ambtunisi.esteri.it\/fr\/wp-json\/wp\/v2\/pages"}],"about":[{"href":"https:\/\/ambtunisi.esteri.it\/fr\/wp-json\/wp\/v2\/types\/page"}],"author":[{"embeddable":true,"href":"https:\/\/ambtunisi.esteri.it\/fr\/wp-json\/wp\/v2\/users\/4"}],"replies":[{"embeddable":true,"href":"https:\/\/ambtunisi.esteri.it\/fr\/wp-json\/wp\/v2\/comments?post=421"}],"version-history":[{"count":4,"href":"https:\/\/ambtunisi.esteri.it\/fr\/wp-json\/wp\/v2\/pages\/421\/revisions"}],"predecessor-version":[{"id":1789,"href":"https:\/\/ambtunisi.esteri.it\/fr\/wp-json\/wp\/v2\/pages\/421\/revisions\/1789"}],"up":[{"embeddable":true,"href":"https:\/\/ambtunisi.esteri.it\/fr\/wp-json\/wp\/v2\/pages\/173"}],"wp:attachment":[{"href":"https:\/\/ambtunisi.esteri.it\/fr\/wp-json\/wp\/v2\/media?parent=421"}],"curies":[{"name":"wp","href":"https:\/\/api.w.org\/{rel}","templated":true}]}}