{"id":488,"date":"2023-11-23T12:41:03","date_gmt":"2023-11-23T11:41:03","guid":{"rendered":"https:\/\/ambtunisi.esteri.it\/?page_id=488"},"modified":"2023-11-23T12:41:03","modified_gmt":"2023-11-23T11:41:03","slug":"formulaires-consulaires","status":"publish","type":"page","link":"https:\/\/ambtunisi.esteri.it\/fr\/chi-siamo\/la-rete-consolare\/formulaires-consulaires\/","title":{"rendered":"Formulaires Consulaires"},"content":{"rendered":"<p class=\"boxLevel03\" style=\"text-align: justify;\">AIRE<\/p>\n<p class=\"boxLevel03\" style=\"text-align: justify;\"><a href=\"https:\/\/ambtunisi.esteri.it\/resource\/2007\/12\/18935_f_amb61Iscrizioneanagrafeconsolare.doc\">Iscrizione Anagrafe Consolare<\/a><\/p>\n<p class=\"boxLevel03\" style=\"text-align: justify;\"><em>Inscription au Registre Consulaire des Italiens r\u00e9sidents \u00e0 l\u2019\u00e9tranger<\/em><\/p>\n<p style=\"text-align: justify;\"><a href=\"https:\/\/ambtunisi.esteri.it\/resource\/2007\/12\/18930_f_amb61cambioINDIRIZZO.doc\">Cambio indirizzo<\/a><\/p>\n<p style=\"text-align: justify;\"><em>Changement d\u2019adresse<\/em><\/p>\n<p style=\"text-align: justify;\">\n<p style=\"text-align: justify;\">PASSEPORT<\/p>\n<p style=\"text-align: justify;\"><a href=\"https:\/\/ambtunisi.esteri.it\/resource\/2015\/10\/93107_f_amb61Dichiarazionediassenso.pdf\">Atto di assenso per rilascio passaporto<\/a><\/p>\n<p style=\"text-align: justify;\"><em>Accord pour l\u2019octroi d\u2019un passeport<\/em><\/p>\n<p style=\"text-align: justify;\">\n<p style=\"text-align: justify;\">ETAT CIVIL<\/p>\n<p style=\"text-align: justify;\"><a href=\"https:\/\/ambtunisi.esteri.it\/resource\/2007\/12\/18941_f_amb61Richiestacertificatodicittadinanza.doc\">Richiesta certificato di cittadinanza<\/a><\/p>\n<p style=\"text-align: justify;\"><em>Demande certificat de nationalit\u00e9\u00a0\u00a0<\/em><\/p>\n<p style=\"text-align: justify;\"><a href=\"https:\/\/ambtunisi.esteri.it\/ambasciata_tunisi\/resource\/doc\/2019\/12\/richiesta_nulla_osta_al_matrimonio.doc\">Richiesta Nulla Osta matrimonio<\/a><\/p>\n<p style=\"text-align: justify;\">Demande certificat de capacit\u00e9 matrimoniale<\/p>\n<p style=\"text-align: justify;\"><a href=\"https:\/\/ambtunisi.esteri.it\/resource\/2007\/12\/18940_f_amb61Modulorichiestatrascrizionecertificatodinascita.doc\">Modulo richiesta trascrizione certificato nascita<\/a><\/p>\n<p style=\"text-align: justify;\"><em>Formulaire pour demande de transcription de certificat de naissance<\/em><\/p>\n<p style=\"text-align: justify;\"><a href=\"https:\/\/ambtunisi.esteri.it\/resource\/2007\/12\/18939_f_amb61Modulorichiestatrascrizionecertificatodimorte.doc\">Modulo richiesta trascrizione certificato morte<\/a><\/p>\n<p style=\"text-align: justify;\"><em>Formulaire pour demande de transcription de certificat de d\u00e9c\u00e8s<\/em><\/p>\n<p style=\"text-align: justify;\"><a href=\"https:\/\/ambtunisi.esteri.it\/resource\/2007\/12\/18938_f_amb61Modulorichiestatrascrizionecertificatodimatrimonio.doc\">Modulo richiesta trascrizione certificato matrimonio<\/a><\/p>\n<p style=\"text-align: justify;\"><em>Formulaire pour demande de transcription de certificat de mariage\u00a0\u00a0\u00a0<\/em><\/p>\n<p style=\"text-align: justify;\"><a href=\"https:\/\/ambtunisi.esteri.it\/resource\/2007\/12\/18945_f_amb61RichiestatrascrizionesentenzadidivorziononUE.doc\">Richiesta trascrizione sentenza di divorzio non UE<\/a><\/p>\n<p style=\"text-align: justify;\"><em>Requ\u00eate de transcription de sentence de divorce non UE<\/em><\/p>\n<p style=\"text-align: justify;\"><a href=\"https:\/\/ambtunisi.esteri.it\/resource\/2007\/12\/18936_f_amb61MODULODIRICHIESTADELTURNOPERLACITTADINANZAinword.doc\">Modulo di richiesta turno per cittadinanza<\/a><\/p>\n<p style=\"text-align: justify;\"><em>Formulaire pour demande de rendez-vous pour la nationalit\u00e9<\/em><\/p>\n<p style=\"text-align: justify;\">\n<p style=\"text-align: justify;\">ASSISTANCE<\/p>\n<p style=\"text-align: justify;\"><a href=\"https:\/\/ambtunisi.esteri.it\/resource\/2007\/12\/18937_f_amb61Modulorichiestadiassistenza.doc\">Modulo richiesta assistenza<\/a><\/p>\n<p style=\"text-align: justify;\"><em>Formulaire pour demande d\u2019assistance<\/em><\/p>\n<p style=\"text-align: justify;\"><a href=\"https:\/\/ambtunisi.esteri.it\/resource\/2007\/12\/18944_f_amb61Richiestadicertificazionepensione.doc\">Richesta certificazione pensione<\/a><\/p>\n<p style=\"text-align: justify;\"><em>Demande de certification de retraite<\/em><\/p>\n<p style=\"text-align: justify;\"><a href=\"https:\/\/ambtunisi.esteri.it\/ambasciata_tunisi\/resource\/doc\/2021\/01\/richiesta_codice_fiscale_tunisi.pdf\">Attribuzione Codice fiscale<\/a><\/p>\n<p style=\"text-align: justify;\"><em>Attribution de code fiscal<\/em><\/p>\n<p style=\"text-align: justify;\"><a href=\"https:\/\/ambtunisi.esteri.it\/resource\/2007\/12\/18932_f_amb61Deleganotarile.doc\">Delega notarile<\/a><\/p>\n<p style=\"text-align: justify;\"><em>Procuration Notari\u00e9e\u00a0\u00a0<\/em><\/p>\n<p style=\"text-align: justify;\">\n<p style=\"text-align: justify;\">ETUDES<\/p>\n<p style=\"text-align: justify;\"><a href=\"https:\/\/ambtunisi.esteri.it\/ambasciata_tunisi\/resource\/doc\/2021\/09\/modulo_dichiarazione_valore_it_fr.pdf\">Documentazione di studio<\/a><\/p>\n<p style=\"text-align: justify;\"><em>Documentation pour \u00e9tude<\/em><\/p>\n<p style=\"text-align: justify;\"><a href=\"https:\/\/ambtunisi.esteri.it\/resource\/2005\/06\/1445_f_amb61FormularioperrichiestaSoggiornoStudioRicerca1.rtf\">Formulario per richiesta Soggiorno Studio-Ricerca 1<\/a><\/p>\n<p style=\"text-align: justify;\"><em>Formulaire pour demande de S\u00e9jour Etude-Recherches 1<\/em><\/p>\n<p style=\"text-align: justify;\"><a title=\"Scarica il Formulario\" href=\"https:\/\/ambtunisi.esteri.it\/resource\/2005\/06\/1446_f_amb61FormularioperrichiestaSoggiornoStudioRicerca2.rtf\">Formulario per richiesta Soggiorno Studio-Ricerca 2<\/a><\/p>\n<p style=\"text-align: justify;\"><em>Formulaire pour demande de S\u00e9jour Etude-Recherches 2<\/em><\/p>\n<p style=\"text-align: justify;\">\n<p style=\"text-align: justify;\"><strong><a href=\"https:\/\/ambtunisi.esteri.it\/ambasciata_tunisi\/resource\/doc\/2021\/02\/informativa_sulla_protezione_delle_persone_fisiche_con_riguardo_al_trattamento_dei_dati_personali_servizi_consolari_fr.pdf\">Note d\u2019information sur la protection des personnes physiques \u00e0 l\u2019\u00e9gard du traitement des donn\u00e9es personnelles requises pour la prestation des services consulaires (\u00e0 l\u2019exception de la d\u00e9livrance des visas et des demandes de nationalit\u00e9) R\u00e8glement G\u00e9n\u00e9ral sur la Protection des Donn\u00e9es (UE) 2016\/679, art. 13<\/a><\/strong><\/p>\n<p style=\"text-align: justify;\">\n<p style=\"text-align: justify;\">VISA<\/p>\n<p style=\"text-align: justify;\"><a href=\"https:\/\/ambtunisi.esteri.it\/ambasciata_tunisi\/resource\/doc\/2016\/08\/formulario_richiesta_visto.doc\">Modulo di richiesta Visto<\/a><\/p>\n<p style=\"text-align: justify;\"><em>Formulaire de demande visa<\/em><\/p>\n<p style=\"text-align: justify;\"><strong><a href=\"https:\/\/ambtunisi.esteri.it\/ambasciata_tunisi\/resource\/doc\/2021\/02\/informativa_sulla_protezione_delle_persone_fisiche_con_riguardo_al_trattamento_dei_dati_personali___visti.pdf\">Note d\u2019information sur la protection des personnes physiques \u00e0 l\u2019\u00e9gard du traitement des donn\u00e9es personnelles aux fins de la d\u00e9livrance d\u2019un visa d\u2019entr\u00e9e en Italie et dans l\u2019espace Schengen (R\u00e8glement g\u00e9n\u00e9ral sur la protection des donn\u00e9es (UE) 2016\/679, art. 13)<\/a><\/strong><\/p>\n","protected":false},"excerpt":{"rendered":"AIRE Iscrizione Anagrafe Consolare Inscription au Registre Consulaire des Italiens r\u00e9sidents \u00e0 l\u2019\u00e9tranger Cambio indirizzo Changement d\u2019adresse PASSEPORT Atto di assenso per rilascio passaporto Accord pour l\u2019octroi d\u2019un passeport ETAT CIVIL Richiesta certificato di cittadinanza Demande certificat de nationalit\u00e9\u00a0\u00a0 Richiesta Nulla Osta matrimonio Demande certificat de capacit\u00e9 matrimoniale Modulo richiesta trascrizione certificato nascita Formulaire pour [&hellip;]","protected":false},"author":4,"featured_media":0,"parent":177,"menu_order":0,"comment_status":"closed","ping_status":"closed","template":"","meta":{"footnotes":""},"class_list":["post-488","page","type-page","status-publish","hentry"],"_links":{"self":[{"href":"https:\/\/ambtunisi.esteri.it\/fr\/wp-json\/wp\/v2\/pages\/488","targetHints":{"allow":["GET"]}}],"collection":[{"href":"https:\/\/ambtunisi.esteri.it\/fr\/wp-json\/wp\/v2\/pages"}],"about":[{"href":"https:\/\/ambtunisi.esteri.it\/fr\/wp-json\/wp\/v2\/types\/page"}],"author":[{"embeddable":true,"href":"https:\/\/ambtunisi.esteri.it\/fr\/wp-json\/wp\/v2\/users\/4"}],"replies":[{"embeddable":true,"href":"https:\/\/ambtunisi.esteri.it\/fr\/wp-json\/wp\/v2\/comments?post=488"}],"version-history":[{"count":1,"href":"https:\/\/ambtunisi.esteri.it\/fr\/wp-json\/wp\/v2\/pages\/488\/revisions"}],"predecessor-version":[{"id":491,"href":"https:\/\/ambtunisi.esteri.it\/fr\/wp-json\/wp\/v2\/pages\/488\/revisions\/491"}],"up":[{"embeddable":true,"href":"https:\/\/ambtunisi.esteri.it\/fr\/wp-json\/wp\/v2\/pages\/177"}],"wp:attachment":[{"href":"https:\/\/ambtunisi.esteri.it\/fr\/wp-json\/wp\/v2\/media?parent=488"}],"curies":[{"name":"wp","href":"https:\/\/api.w.org\/{rel}","templated":true}]}}