{"id":123,"date":"2023-09-25T15:18:30","date_gmt":"2023-09-25T13:18:30","guid":{"rendered":"https:\/\/ambasciatatirana.esteri.it\/?page_id=123"},"modified":"2023-11-24T16:10:34","modified_gmt":"2023-11-24T15:10:34","slug":"contatti","status":"publish","type":"page","link":"https:\/\/ambtunisi.esteri.it\/it\/chi-siamo\/contatti\/","title":{"rendered":"Contatti"},"content":{"rendered":"<p class=\"boxLevel03\"><strong>AMBASCIATA D&#8217;ITALIA A TUNISI<\/strong><\/p>\n<p>1, Rue de Florence (ex Rue de l&#8217; Alhambra) &#8211; Mutuelleville, 1002 Tunisi<br \/>\nTel.\u00a000216\/71892231 &#8211; 00216\/71892811<br \/>\nFax 00216\/71892150<br \/>\n<a href=\"mailto:ambitalia.tunisi@esteri.it\">ambitalia.tunisi@esteri.it<\/a><\/p>\n<p><strong>Posta certificata (PEC) :\u00a0<a href=\"mailto:amb.tunisi@cert.esteri.it\">amb.tunisi@cert.esteri.it<\/a>\u00a0 \u00a0<\/strong><\/p>\n<p>Orario di apertura:<br \/>\ndal luned\u00ec al venerd\u00ec, dalle ore 08:00 alle ore 18:00<\/p>\n<p>Al di fuori dell\u2019orario di apertura dell&#8217;Ambasciata e\u00a0<strong>solamente in caso di emergenza<\/strong>, si segnala che \u00e8 operativo un numero di emergenza ad esclusivo uso dei connazionali in difficolt\u00e0:\u00a0<strong>00216\/98301496<\/strong>.<\/p>\n<p>&nbsp;<\/p>\n<p><strong>CANCELLERIA CONSOLARE<\/strong><\/p>\n<p>113, Avenue Jugurtha &#8211; Mutuelleville, 1002 Tunisi<\/p>\n<p><strong>ATTENZIONE: VARIAZIONE ORARI E APERTURA PER EMERGENZA COVID-19<\/strong><\/p>\n<p>A seguito delle misure sanitarie disposte dalle autorita&#8217; tunisine e per garantire il rispetto delle misure di igiene e un adeguato distanziamento sociale,\u00a0<strong>si riceve l&#8217;utenza solo su appuntamento<\/strong>. Gli orari della cancelleria consolare\u00a0<strong>sono ridotti<\/strong>\u00a0e gli accessi sono contingentati. Si invitano gli utenti a contattare preliminarmente via mail\/telefono l&#8217;ufficio del servizio richiesto per informazioni e per\u00a0<strong>fissare un appuntamento<\/strong>. Si informa che vige l&#8217;obbligo di<strong>\u00a0indossare la mascherina protettiva per accedere ai locali<\/strong>\u00a0e di rispettare le norme di\u00a0<strong>distanziamento sociale<\/strong>\u00a0in base alla segnaletica disposta all&#8217;ingresso della cancelleria consolare.<\/p>\n<p>Orario di apertura al pubblico SOLO SU APPUNTAMENTO:<\/p>\n<p><strong>luned\u00ec, marted\u00ec, mercoled\u00ec, gioved\u00ec, venerd\u00ec: dalle ore 9.00 alle ore 12.00<\/strong><\/p>\n<p>Per informazioni e recapiti e-mail dei Servizi Consolari, visitate la Sezione &#8220;Servizi Consolari&#8221;.<\/p>\n<p>Per fissare un appuntamento, si prega di contattare il centralino dell\u2019Ambasciata ai numeri 00216\/71892231 &#8211; 00216\/71892811 o di scrivere a uno degli indirizzi e-mail elencati nella Sezione &#8220;Servizi consolari&#8221;. Senza previo appuntamento, non si garantisce l&#8217;accesso ai servizi consolari nella stessa giornata.<\/p>\n<p>Per ottenere informazioni che non siano gi\u00e0 presenti su questo sito internet, gli Uffici Consolari prestano\u00a0<strong>attenzione telefonica<\/strong>\u00a0agli utenti\u00a0<strong>dal luned\u00ec al venerd\u00ec, dalle ore 14:00 alle ore 15:00<\/strong>; ad eccezione dell&#8217;Ufficio Assistenza, che presta attenzione telefonica dalle ore 9:00 alle ore 15:00.<\/p>\n<p>&nbsp;<\/p>\n<p><strong>UFFICIO VISTI<\/strong><\/p>\n<p>113, Avenue Jugurtha &#8211; Mutuelleville, 1002 Tunisi<\/p>\n<p>Orario di apertura al pubblico<br \/>\ndal luned\u00ec al venerd\u00ec, dalle ore 9:00 alle ore 12:00<br \/>\nper la consegna dei passaporti: dal luned\u00ec al venerd\u00ec, dalle ore 14:30 alle ore 15:00<\/p>\n<p>Per eventuali informazioni non presenti su questo sito, l&#8217;Ufficio Visti \u00e8 contattabile all&#8217;e-mail\u00a0<a href=\"mailto:visti1.tunisi@esteri.it\">visti1.tunisi@esteri.it<\/a>.<\/p>\n<p>I servizi di prenotazione di un appuntamento per domanda di visto sono gestiti dalla\u00a0<strong>Societ\u00e0 AlmavivA Visa Services\u00a0<\/strong>(8, rue du Dr. Alphonse Laveran &#8211; Mutuelleville, 1002 Tunisi). Per fissare un appuntamento, consultare il sito della Societ\u00e0 Almaviva Visa Services (AVS)\u00a0<a href=\"http:\/\/www.avs.com.tn\/\">www.avs.com.tn<\/a>\u00a0o contattare il numero 00216\/71103710.<\/p>\n<p>&nbsp;<\/p>\n<p><strong>AVVISO AL PUBBLICO: CHIUSURA DEGLI UFFICI PER FESTIVITA&#8217;<\/strong><\/p>\n<p>Nel 2023 la Cancelleria Consolare sar\u00e0 chiusa nei seguenti giorni o festivit\u00e0: 1 gennaio, 20 marzo, 10 aprile, 25 aprile, 1 maggio, Aid El Fitr, 2 giugno, Aid El Idha, 17 dicembre, 25-26 dicembre.<\/p>\n","protected":false},"excerpt":{"rendered":"AMBASCIATA D&#8217;ITALIA A TUNISI 1, Rue de Florence (ex Rue de l&#8217; Alhambra) &#8211; Mutuelleville, 1002 Tunisi Tel.\u00a000216\/71892231 &#8211; 00216\/71892811 Fax 00216\/71892150 ambitalia.tunisi@esteri.it Posta certificata (PEC) :\u00a0amb.tunisi@cert.esteri.it\u00a0 \u00a0 Orario di apertura: dal luned\u00ec al venerd\u00ec, dalle ore 08:00 alle ore 18:00 Al di fuori dell\u2019orario di apertura dell&#8217;Ambasciata e\u00a0solamente in caso di emergenza, si segnala [&hellip;]","protected":false},"author":1,"featured_media":0,"parent":13,"menu_order":4,"comment_status":"closed","ping_status":"closed","template":"","meta":{"footnotes":""},"class_list":["post-123","page","type-page","status-publish","hentry"],"_links":{"self":[{"href":"https:\/\/ambtunisi.esteri.it\/it\/wp-json\/wp\/v2\/pages\/123","targetHints":{"allow":["GET"]}}],"collection":[{"href":"https:\/\/ambtunisi.esteri.it\/it\/wp-json\/wp\/v2\/pages"}],"about":[{"href":"https:\/\/ambtunisi.esteri.it\/it\/wp-json\/wp\/v2\/types\/page"}],"author":[{"embeddable":true,"href":"https:\/\/ambtunisi.esteri.it\/it\/wp-json\/wp\/v2\/users\/1"}],"replies":[{"embeddable":true,"href":"https:\/\/ambtunisi.esteri.it\/it\/wp-json\/wp\/v2\/comments?post=123"}],"version-history":[{"count":3,"href":"https:\/\/ambtunisi.esteri.it\/it\/wp-json\/wp\/v2\/pages\/123\/revisions"}],"predecessor-version":[{"id":515,"href":"https:\/\/ambtunisi.esteri.it\/it\/wp-json\/wp\/v2\/pages\/123\/revisions\/515"}],"up":[{"embeddable":true,"href":"https:\/\/ambtunisi.esteri.it\/it\/wp-json\/wp\/v2\/pages\/13"}],"wp:attachment":[{"href":"https:\/\/ambtunisi.esteri.it\/it\/wp-json\/wp\/v2\/media?parent=123"}],"curies":[{"name":"wp","href":"https:\/\/api.w.org\/{rel}","templated":true}]}}