{"id":15,"date":"2023-04-11T17:08:57","date_gmt":"2023-04-11T15:08:57","guid":{"rendered":"https:\/\/ambasciatapraga.esteri.it\/?page_id=15"},"modified":"2026-02-10T13:35:32","modified_gmt":"2026-02-10T12:35:32","slug":"servizi-consolari-e-visti","status":"publish","type":"page","link":"https:\/\/ambtunisi.esteri.it\/it\/servizi-consolari-e-visti\/","title":{"rendered":"Servizi Consolari e Visti"},"content":{"rendered":"<p>Consulta le pagine del MAECI con\u00a0<b><strong><a href=\"https:\/\/www.esteri.it\/mae\/it\/servizi\/italiani-all-estero\">le informazioni generali relative ai servizi consolari<\/a><\/strong><\/b> cui possono accedere gli italiani che si trovano o risiedono all&#8217;estero.\u00a0I servizi consolari ordinari sono a pagamento in contanti, secondo un tariffario il cui importo \u00e8 fissato ogni trimestre sulla base del tasso di cambio ufficiale dell\u2019Euro con il Dinaro Tunisino.<\/p>\n<ol>\n<li><b><strong>COME FISSARE UN APPUNTAMENTO<\/strong><\/b><\/li>\n<\/ol>\n<p>La prenotazione degli appuntamenti per i servizi consolari \u00e8 gratuita e si effettua attraverso la piattaforma digitale <a href=\"https:\/\/prenotami.esteri.it\/\">\u00a0PRENOT@MI<\/a>. Gli sportelli consolari ricevono il pubblico rispettando l&#8217;ordine cronologico degli appuntamenti risultanti dalla stessa piattaforma.<\/p>\n<p>I servizi consolari interessati dal sistema di prenotazioni appuntamenti online sono:<\/p>\n<ul>\n<li>Passaporti;<\/li>\n<li>Stato civile;<\/li>\n<li>AIRE \u2013 Anagrafe degli Italiani Residenti all\u2019Estero;<\/li>\n<li>Cittadinanza e servizi notarili;<\/li>\n<li>Legalizzazioni e dichiarazioni di valore;<\/li>\n<li>Carta di Identit\u00e0 Elettronica.<\/li>\n<\/ul>\n<p>Per informazioni si prega di contattare il centralino dell\u2019Ambasciata ai numeri <strong>00216\/71892231 &#8211; 00216\/71892811<\/strong> o di scrivere ai seguenti indirizzi:<\/p>\n<ul>\n<li><strong>Passaporti<\/strong>: passaporti.tunisi@esteri.it<\/li>\n<li><strong>Stato civile<\/strong>: statocivile.tunisi@esteri.it<\/li>\n<li><strong>AIRE<\/strong> \u2013 Anagrafe degli Italiani Residenti all\u2019Estero: aire.tunisi@esteri.it<\/li>\n<li><strong>Cittadinanza e servizi notarili<\/strong>: tunisi.cittadinanza@esteri.it<\/li>\n<li><strong>Legalizzazioni e dichiarazioni di valore<\/strong>: legalizza.tunisi@esteri.it<\/li>\n<li><strong>Carta d&#8217;identit\u00e0 elettronica<\/strong>: tunisi.cie@esteri.it<\/li>\n<li><strong>Navigazione<\/strong>: navigazione.tunisi@esteri.it<\/li>\n<\/ul>\n<p style=\"margin: 0cm; margin-bottom: .0001pt;\">Per eventuali altre informazioni e\/o comunicazioni: consolare.tunisi@esteri.it<\/p>\n<p><strong>E&#8217; possibile iscriversi all&#8217;AIRE online sul portale <\/strong><em><b><strong><a href=\"https:\/\/serviziconsolari.esteri.it\/ScoFE\/index.sco\">FAST-IT<\/a><\/strong><\/b><\/em><a href=\"https:\/\/serviziconsolari.esteri.it\/ScoFE\/index.sco\"> dei servizi consolari.<\/a><\/p>\n<p>Invitiamo tutti i connazionali a diffidare di chiunque millanti di poter far avere appuntamenti in tempi pi\u00f9 brevi a fronte della corresponsione di una somma di denaro e raccomandiamo di non pagare alcun servizio di questo tipo. L&#8217;Ambasciata\u00a0 si dissocia in modo totale e inequivocabile da qualsiasi sito web, agenzia, associazione o persona fisica che affermi di svolgere una simile attivit\u00e0 e continuer\u00e0 ad operare sempre pi\u00f9 stringenti controlli sulla fissazione degli appuntamenti, riservandosi di prendere i necessari provvedimenti nelle sedi opportune.<\/p>\n<p>Le persone che accedono alla Cancelleria consolare sono invitate ad usare un <strong>abbigliamento consono e rispettoso dell\u2019Istituzione<\/strong>. In particolare, non sar\u00e0 consentito l\u2019ingresso con abbigliamento da mare, succinto o comunque non adeguato agli spazi di questa Cancelleria.<\/p>\n<p><b><strong>2. CALENDARIO DELLE FESTIVITA&#8217; &#8211; 2026<\/strong><\/b><\/p>\n<p>Nel 2026 la Cancelleria Consolare sar\u00e0 chiusa nei seguenti giorni o festivit\u00e0: 1 gennaio, 20 marzo, Aid El Fitr, 6 aprile, 25 aprile, 1 maggio, Aid El Idha, 2 giugno, 4 ottobre, 8 dicembre, 25-26 dicembre.<\/p>\n<p><b><strong>3. ORARIO DI ATTENZIONE TELEFONICA<\/strong><\/b><\/p>\n<p>Tutte le informazioni di carattere generale sono presenti sul sito. Solo per esigenze specifiche, gli Uffici Consolari sono raggiungibili dal luned\u00ec al gioved\u00ec, dalle ore 14:00 alle ore 15:00, ad eccezione dell&#8217;Ufficio Assistenza, che presta attenzione telefonica dalle ore 9:00 alle ore 15:00. Qualora non fosse possibile raggiungere telefonicamente gli uffici, si prega di inviare una mail all&#8217;ufficio preposto .<\/p>\n<p><b><strong>4. EMERGENZE<\/strong><\/b><\/p>\n<p>Nei giorni e negli orari di chiusura degli Uffici \u00e8 in funzione un servizio di reperibilit\u00e0 <strong>per i soli casi di reale emergenza\u00a0<\/strong>e non per richieste di informazioni sulle attivit\u00e0 ordinarie dell\u2019Ambasciata, come ad esempio la prenotazione degli appuntamenti o le procedure di concessione dei visti.<\/p>\n<p>Per emergenze, si intendono incidenti gravi, decessi o qualsiasi questione comportante rischi o situazioni di pericolo per la salute o l\u2019incolumit\u00e0 personale di cittadini italiani all\u2019estero e che richiedano l\u2019intervento urgente delle autorit\u00e0 consolari.<\/p>\n<p><strong>Il numero da contattare unicamente per le emergenze \u00e8: +216 98 301 496.<\/strong><\/p>\n<p><strong>Si segnala che il servizio di emergenza dell\u2019Ambasciata d\u2019Italia \u00e8 disponibile dopo le ore 18.00 nei feriali, e 24 ore su 24 nei festivi.<\/strong><\/p>\n<p>&nbsp;<\/p>\n<p><span style=\"text-decoration: underline;\"><strong>LISTA DEGLI AVVOCATI NOTI A QUESTA AMBASCIATA<\/strong><\/span> : <a href=\"https:\/\/ambtunisi.esteri.it\/wp-content\/uploads\/2026\/02\/ELENCO-AVVOCATI.-Ambasciata-Tunisi.-02.2026-1.pdf\">scarica il pdf<\/a><\/p>\n<p><span style=\"text-decoration: underline;\"><strong>LISTA DELLE POMPE FUNEBRI NOTE A QUESTA AMBASCIATA<\/strong><\/span>: <a href=\"https:\/\/ambtunisi.esteri.it\/wp-content\/uploads\/2024\/07\/lista-POMPE-FUNEBRI.pdf\">scarica il pdf<\/a><\/p>\n<p><span style=\"text-decoration: underline;\"><strong>LISTA DEI TRADUTTORI NOTI A QUESTA AMBASCIATA<\/strong><\/span>: <a href=\"https:\/\/ambtunisi.esteri.it\/wp-content\/uploads\/2024\/10\/Lista-traduttori-25-10-2024.pdf\">scari<\/a><a href=\"https:\/\/ambtunisi.esteri.it\/wp-content\/uploads\/2024\/10\/Lista-traduttori-25-10-2024.pdf\">ca il <\/a><a href=\"https:\/\/ambtunisi.esteri.it\/wp-content\/uploads\/2024\/09\/Lista-traduttori-2024.pdf\">pdf<\/a><\/p>\n<p>&nbsp;<\/p>\n<p>&nbsp;<\/p>\n<p><a href=\"https:\/\/ambtunisi.esteri.it\/ambasciata_tunisi\/resource\/doc\/2021\/02\/informativa_sulla_protezione_delle_persone_fisiche_con_riguardo_al_trattamento_dei_dati_personali_ai_fini_dellerogazione_dei_servizi_consolari.pdf\"><b><strong>INFORMATIVA SULLA PROTEZIONE DELLE PERSONE FISICHE CON RIGUARDO AL TRATTAMENTO DEI DATI PERSONALI AI FINI DELL\u2019EROGAZIONE DEI SERVIZI CONSOLARI, ad esclusione del rilascio dei visti e delle pratiche di cittadinanza (REGOLAMENTO GENERALE SULLA PROTEZIONE DEI DATI (UE) 2016\/679, ART. 13)<\/strong><\/b><\/a><\/p>\n","protected":false},"excerpt":{"rendered":"Consulta le pagine del MAECI con\u00a0le informazioni generali relative ai servizi consolari cui possono accedere gli italiani che si trovano o risiedono all&#8217;estero.\u00a0I servizi consolari ordinari sono a pagamento in contanti, secondo un tariffario il cui importo \u00e8 fissato ogni trimestre sulla base del tasso di cambio ufficiale dell\u2019Euro con il Dinaro Tunisino. COME FISSARE [&hellip;]","protected":false},"author":1,"featured_media":0,"parent":0,"menu_order":6,"comment_status":"closed","ping_status":"closed","template":"","meta":{"footnotes":""},"class_list":["post-15","page","type-page","status-publish","hentry"],"_links":{"self":[{"href":"https:\/\/ambtunisi.esteri.it\/it\/wp-json\/wp\/v2\/pages\/15","targetHints":{"allow":["GET"]}}],"collection":[{"href":"https:\/\/ambtunisi.esteri.it\/it\/wp-json\/wp\/v2\/pages"}],"about":[{"href":"https:\/\/ambtunisi.esteri.it\/it\/wp-json\/wp\/v2\/types\/page"}],"author":[{"embeddable":true,"href":"https:\/\/ambtunisi.esteri.it\/it\/wp-json\/wp\/v2\/users\/1"}],"replies":[{"embeddable":true,"href":"https:\/\/ambtunisi.esteri.it\/it\/wp-json\/wp\/v2\/comments?post=15"}],"version-history":[{"count":8,"href":"https:\/\/ambtunisi.esteri.it\/it\/wp-json\/wp\/v2\/pages\/15\/revisions"}],"predecessor-version":[{"id":3077,"href":"https:\/\/ambtunisi.esteri.it\/it\/wp-json\/wp\/v2\/pages\/15\/revisions\/3077"}],"wp:attachment":[{"href":"https:\/\/ambtunisi.esteri.it\/it\/wp-json\/wp\/v2\/media?parent=15"}],"curies":[{"name":"wp","href":"https:\/\/api.w.org\/{rel}","templated":true}]}}