{"id":416,"date":"2023-11-23T11:20:41","date_gmt":"2023-11-23T10:20:41","guid":{"rendered":"https:\/\/ambtunisi.esteri.it\/?page_id=416"},"modified":"2024-06-26T13:31:59","modified_gmt":"2024-06-26T12:31:59","slug":"benvenuto-dellambasciatore-ditalia-a-tunisi","status":"publish","type":"page","link":"https:\/\/ambtunisi.esteri.it\/it\/chi-siamo\/lambasciatore\/benvenuto-dellambasciatore-ditalia-a-tunisi\/","title":{"rendered":"Benvenuto dell&#8217;Ambasciatore d&#8217;Italia a Tunisi"},"content":{"rendered":"<p>Cari connazionali, cari amici tunisini,<\/p>\n<p>assumo oggi con entusiasmo come Ambasciatore d\u2019Italia presso la Repubblica tunisina, un Paese amico con cui condividiamo una storia comune grazie a secoli di scambi che hanno avvicinato i nostri popoli.<\/p>\n<p>Il partenariato tra i nostri Paesi, solido e concreto, riguarda tutti i principali settori: dal dialogo politico al commercio, senza tralasciare aspetti fondamentali come la collaborazione in campo culturale. Il Piano Mattei, presentato in occasione del Vertice Italia-Africa del gennaio di quest\u2019anno, ha dischiuso nuove opportunit\u00e0 che consentiranno alle nostre relazioni di rafforzarsi ulteriormente.<\/p>\n<p>L\u2019Ambasciata continuer\u00e0 a lavorare per consolidare le gi\u00e0 eccellenti relazioni bilaterali e per fornire servizi alla numerosa e qualificata collettivit\u00e0 italiana, nonch\u00e9 alle oltre 950 imprese italiane che contribuiscono ogni giorno agli scambi tra le due sponde dello stesso mare.<\/p>\n<p>Questo sito rappresenta una prima forma di contatto per approfondire la ricchezza del partenariato italo-tunisino. Vi invito pertanto a consultarlo, unitamente ai nostri profili social\u00a0<a href=\"https:\/\/www.facebook.com\/ItalyinTunisia\">Facebook<\/a>,\u00a0<a href=\"https:\/\/www.instagram.com\/italyintunisia\/\">Instagram<\/a>\u00a0e\u00a0<a href=\"https:\/\/twitter.com\/ItalyinTunisia\">Twitter<\/a>, per rimanere aggiornati sulle attivit\u00e0 e i servizi offerti dall\u2019Ambasciata.<\/p>\n<p>Alessandro Prunas<\/p>\n<p>Ambasciatore d\u2019Italia presso la Repubblica tunisina<\/p>\n<p>Tunisi, 6 febbraio 2024<\/p>\n<p>&nbsp;<\/p>\n","protected":false},"excerpt":{"rendered":"Cari connazionali, cari amici tunisini, assumo oggi con entusiasmo come Ambasciatore d\u2019Italia presso la Repubblica tunisina, un Paese amico con cui condividiamo una storia comune grazie a secoli di scambi che hanno avvicinato i nostri popoli. Il partenariato tra i nostri Paesi, solido e concreto, riguarda tutti i principali settori: dal dialogo politico al commercio, [&hellip;]","protected":false},"author":4,"featured_media":0,"parent":38,"menu_order":0,"comment_status":"closed","ping_status":"closed","template":"","meta":{"footnotes":""},"class_list":["post-416","page","type-page","status-publish","hentry"],"_links":{"self":[{"href":"https:\/\/ambtunisi.esteri.it\/it\/wp-json\/wp\/v2\/pages\/416","targetHints":{"allow":["GET"]}}],"collection":[{"href":"https:\/\/ambtunisi.esteri.it\/it\/wp-json\/wp\/v2\/pages"}],"about":[{"href":"https:\/\/ambtunisi.esteri.it\/it\/wp-json\/wp\/v2\/types\/page"}],"author":[{"embeddable":true,"href":"https:\/\/ambtunisi.esteri.it\/it\/wp-json\/wp\/v2\/users\/4"}],"replies":[{"embeddable":true,"href":"https:\/\/ambtunisi.esteri.it\/it\/wp-json\/wp\/v2\/comments?post=416"}],"version-history":[{"count":4,"href":"https:\/\/ambtunisi.esteri.it\/it\/wp-json\/wp\/v2\/pages\/416\/revisions"}],"predecessor-version":[{"id":1778,"href":"https:\/\/ambtunisi.esteri.it\/it\/wp-json\/wp\/v2\/pages\/416\/revisions\/1778"}],"up":[{"embeddable":true,"href":"https:\/\/ambtunisi.esteri.it\/it\/wp-json\/wp\/v2\/pages\/38"}],"wp:attachment":[{"href":"https:\/\/ambtunisi.esteri.it\/it\/wp-json\/wp\/v2\/media?parent=416"}],"curies":[{"name":"wp","href":"https:\/\/api.w.org\/{rel}","templated":true}]}}