{"id":43,"date":"2023-04-11T18:10:30","date_gmt":"2023-04-11T16:10:30","guid":{"rendered":"https:\/\/ambasciatapraga.esteri.it\/?page_id=43"},"modified":"2025-12-09T14:17:27","modified_gmt":"2025-12-09T13:17:27","slug":"diplomazia-economica","status":"publish","type":"page","link":"https:\/\/ambtunisi.esteri.it\/it\/italia-e-tunisia\/diplomazia-economica\/","title":{"rendered":"Diplomazia economica"},"content":{"rendered":"<p><strong>Cooperazione economica<\/strong><\/p>\n<p>L\u2019Italia \u00e8 il secondo partner commerciale della Tunisia, con un interscambio bilaterale nel 2024 di circa 6,7 miliardi di euro (dati ISTAT). L\u2019Italia \u00e8, inoltre, il primo fornitore della Tunisia e il secondo cliente.<\/p>\n<p><strong>\u00a0<\/strong><\/p>\n<p><strong>Operativit\u00e0 delle aziende<\/strong><\/p>\n<p>In Tunisia, la presenza delle aziende italiane \u00e8 forte e ben radicata. Secondo le statistiche dell\u2019Agenzia per la promozione degli investimenti esteri tunisina (FIPA), risultano attive nel Paese oltre 1.000 imprese (la maggior parte delle quali sono societ\u00e0 totalmente esportatrici, off-shore), che rappresentano oltre un quarto delle aziende a partecipazione estera presenti.<\/p>\n<p>La maggior parte di esse \u00e8 concentrata nella Grande Tunisi e nelle regioni costiere. Tuttavia, grazie ad una manodopera qualificata presente sull\u2019intero territorio, le imprese italiane si stanno situando sempre pi\u00f9 anche nelle regioni interne.<\/p>\n<p>Secondo i dati FIPA nel 2024 l\u2019Italia \u00e8 risultato il terzo Paese in termini di flussi di investimento.<\/p>\n<p>Complessivamente sono pi\u00f9 di 85.000 i posti di lavoro diretti creati dalle aziende italiane.<\/p>\n<p>&nbsp;<\/p>\n<p><strong>Settori di mercato<\/strong><\/p>\n<p>L\u2019Italia \u00e8 presente nel settore manifatturiero, dei materiali da costruzione, componentistica automotive, trasporti, meccanico, elettrico, agro-alimentare, farmaceutico. Sempre pi\u00f9 rilevante \u00e8 anche il settore energetico. Il settore merceologico con maggiore presenza di imprese italiane \u00e8 quello del tessile\/abbigliamento.<\/p>\n<p style=\"text-align: justify;\">Per saperne di pi\u00f9: <a href=\"https:\/\/www.annuarioimpreseitaliatunisia.com\/\">Annuario Digitale delle Imprese Italiane in Tunisia<\/a><\/p>\n<p><a href=\"https:\/\/www.ice.it\/it\/mercati\/tunisia\/tunisi\"><img loading=\"lazy\" decoding=\"async\" class=\"size-medium wp-image-502 img-fluid alignleft\" src=\"https:\/\/ambtunisi.esteri.it\/wp-content\/uploads\/2023\/11\/ICE-TUNISI-300x300.jpg\" alt=\"\" width=\"300\" height=\"300\" srcset=\"https:\/\/ambtunisi.esteri.it\/wp-content\/uploads\/2023\/11\/ICE-TUNISI-300x300.jpg 300w, https:\/\/ambtunisi.esteri.it\/wp-content\/uploads\/2023\/11\/ICE-TUNISI-150x150.jpg 150w, https:\/\/ambtunisi.esteri.it\/wp-content\/uploads\/2023\/11\/ICE-TUNISI.jpg 667w\" sizes=\"auto, (max-width: 300px) 100vw, 300px\" \/><\/a><\/p>\n<p><a href=\"https:\/\/ctici.org.tn\/\"><img loading=\"lazy\" decoding=\"async\" class=\"img-fluid wp-image-498 size-medium alignleft\" src=\"https:\/\/ambtunisi.esteri.it\/wp-content\/uploads\/2023\/11\/logo-ctici-300x196.jpg\" alt=\"\" width=\"300\" height=\"196\" srcset=\"https:\/\/ambtunisi.esteri.it\/wp-content\/uploads\/2023\/11\/logo-ctici-300x196.jpg 300w, https:\/\/ambtunisi.esteri.it\/wp-content\/uploads\/2023\/11\/logo-ctici.jpg 533w\" sizes=\"auto, (max-width: 300px) 100vw, 300px\" \/><\/a><\/p>\n<p>&nbsp;<\/p>\n","protected":false},"excerpt":{"rendered":"Cooperazione economica L\u2019Italia \u00e8 il secondo partner commerciale della Tunisia, con un interscambio bilaterale nel 2024 di circa 6,7 miliardi di euro (dati ISTAT). L\u2019Italia \u00e8, inoltre, il primo fornitore della Tunisia e il secondo cliente. \u00a0 Operativit\u00e0 delle aziende In Tunisia, la presenza delle aziende italiane \u00e8 forte e ben radicata. Secondo le statistiche [&hellip;]","protected":false},"author":1,"featured_media":0,"parent":14,"menu_order":0,"comment_status":"closed","ping_status":"closed","template":"","meta":{"footnotes":""},"class_list":["post-43","page","type-page","status-publish","hentry"],"_links":{"self":[{"href":"https:\/\/ambtunisi.esteri.it\/it\/wp-json\/wp\/v2\/pages\/43","targetHints":{"allow":["GET"]}}],"collection":[{"href":"https:\/\/ambtunisi.esteri.it\/it\/wp-json\/wp\/v2\/pages"}],"about":[{"href":"https:\/\/ambtunisi.esteri.it\/it\/wp-json\/wp\/v2\/types\/page"}],"author":[{"embeddable":true,"href":"https:\/\/ambtunisi.esteri.it\/it\/wp-json\/wp\/v2\/users\/1"}],"replies":[{"embeddable":true,"href":"https:\/\/ambtunisi.esteri.it\/it\/wp-json\/wp\/v2\/comments?post=43"}],"version-history":[{"count":8,"href":"https:\/\/ambtunisi.esteri.it\/it\/wp-json\/wp\/v2\/pages\/43\/revisions"}],"predecessor-version":[{"id":2886,"href":"https:\/\/ambtunisi.esteri.it\/it\/wp-json\/wp\/v2\/pages\/43\/revisions\/2886"}],"up":[{"embeddable":true,"href":"https:\/\/ambtunisi.esteri.it\/it\/wp-json\/wp\/v2\/pages\/14"}],"wp:attachment":[{"href":"https:\/\/ambtunisi.esteri.it\/it\/wp-json\/wp\/v2\/media?parent=43"}],"curies":[{"name":"wp","href":"https:\/\/api.w.org\/{rel}","templated":true}]}}