{"id":46,"date":"2023-04-11T18:11:52","date_gmt":"2023-04-11T16:11:52","guid":{"rendered":"https:\/\/ambasciatapraga.esteri.it\/?page_id=46"},"modified":"2023-11-23T10:09:05","modified_gmt":"2023-11-23T09:09:05","slug":"cooperazione-allo-sviluppo","status":"publish","type":"page","link":"https:\/\/ambtunisi.esteri.it\/it\/italia-e-tunisia\/cooperazione-allo-sviluppo\/","title":{"rendered":"Cooperazione allo sviluppo"},"content":{"rendered":"<p><img loading=\"lazy\" decoding=\"async\" class=\"alignnone size-medium wp-image-347 img-fluid\" src=\"https:\/\/ambtunisi.esteri.it\/wp-content\/uploads\/2023\/11\/LOGO_AICS_TUNISI_ITA_star-300x49.jpg\" alt=\"\" width=\"300\" height=\"49\" srcset=\"https:\/\/ambtunisi.esteri.it\/wp-content\/uploads\/2023\/11\/LOGO_AICS_TUNISI_ITA_star-300x49.jpg 300w, https:\/\/ambtunisi.esteri.it\/wp-content\/uploads\/2023\/11\/LOGO_AICS_TUNISI_ITA_star-768x125.jpg 768w, https:\/\/ambtunisi.esteri.it\/wp-content\/uploads\/2023\/11\/LOGO_AICS_TUNISI_ITA_star.jpg 800w\" sizes=\"auto, (max-width: 300px) 100vw, 300px\" \/><\/p>\n<p style=\"text-align: justify;\">L\u2019Italia \u00e8 uno dei principali\u00a0partner\u00a0bilaterali della Tunisia in materia di cooperazione allo sviluppo.\u00a0La Cooperazione Italiana \u00e8 stata ininterrottamente presente nel Paese sin dalla sua istituzione alla fine degli anni ottanta. Si \u00e8 storicamente concentrata sul sostegno al settore privato, sul rafforzamento degli investimenti pubblici, nonch\u00e9 sul supporto allo sviluppo rurale, in particolare nelle regioni meridionali del Paese.<\/p>\n<p style=\"text-align: justify;\">L\u2019Agenzia Italiana per la Cooperazione allo Sviluppo (AICS) ha rafforzato l\u2019impegno della Cooperazione italiana attraverso il nuovo\u00a0<a href=\"https:\/\/tunisi.aics.gov.it\/wp-content\/uploads\/2022\/04\/MOU-2021-23-Tunisia-firmato.pdf\">Memorandum d\u2019intesa (MoU)<\/a>\u00a0per il periodo 2021-2023, firmato il 16 giugno 2021 a Roma durante la visita ufficiale del Ministro degli Esteri tunisino in Italia ed entrato in vigore l\u20191 febbraio 2022. Con un importo totale di\u00a0200 milioni di euro (di cui 150 a credito e 50 a dono), la Cooperazione italiana ha cos\u00ec confermato il suo impegno a sostenere il Governo tunisino nella lotta contro la povert\u00e0 e nella creazione di un modello di sviluppo inclusivo, equo e sostenibile che metta al centro delle priorit\u00e0 la valorizzazione del capitale umano e delle risorse naturali.<\/p>\n<p>Per maggiori informazioni consulta il sito\u00a0<a href=\"https:\/\/tunisi.aics.gov.it\/\">https:\/\/tunisi.aics.gov.it<\/a><\/p>\n<p>&nbsp;<\/p>\n","protected":false},"excerpt":{"rendered":"L\u2019Italia \u00e8 uno dei principali\u00a0partner\u00a0bilaterali della Tunisia in materia di cooperazione allo sviluppo.\u00a0La Cooperazione Italiana \u00e8 stata ininterrottamente presente nel Paese sin dalla sua istituzione alla fine degli anni ottanta. Si \u00e8 storicamente concentrata sul sostegno al settore privato, sul rafforzamento degli investimenti pubblici, nonch\u00e9 sul supporto allo sviluppo rurale, in particolare nelle regioni meridionali [&hellip;]","protected":false},"author":1,"featured_media":0,"parent":14,"menu_order":6,"comment_status":"closed","ping_status":"closed","template":"","meta":{"footnotes":""},"class_list":["post-46","page","type-page","status-publish","hentry"],"_links":{"self":[{"href":"https:\/\/ambtunisi.esteri.it\/it\/wp-json\/wp\/v2\/pages\/46","targetHints":{"allow":["GET"]}}],"collection":[{"href":"https:\/\/ambtunisi.esteri.it\/it\/wp-json\/wp\/v2\/pages"}],"about":[{"href":"https:\/\/ambtunisi.esteri.it\/it\/wp-json\/wp\/v2\/types\/page"}],"author":[{"embeddable":true,"href":"https:\/\/ambtunisi.esteri.it\/it\/wp-json\/wp\/v2\/users\/1"}],"replies":[{"embeddable":true,"href":"https:\/\/ambtunisi.esteri.it\/it\/wp-json\/wp\/v2\/comments?post=46"}],"version-history":[{"count":3,"href":"https:\/\/ambtunisi.esteri.it\/it\/wp-json\/wp\/v2\/pages\/46\/revisions"}],"predecessor-version":[{"id":353,"href":"https:\/\/ambtunisi.esteri.it\/it\/wp-json\/wp\/v2\/pages\/46\/revisions\/353"}],"up":[{"embeddable":true,"href":"https:\/\/ambtunisi.esteri.it\/it\/wp-json\/wp\/v2\/pages\/14"}],"wp:attachment":[{"href":"https:\/\/ambtunisi.esteri.it\/it\/wp-json\/wp\/v2\/media?parent=46"}],"curies":[{"name":"wp","href":"https:\/\/api.w.org\/{rel}","templated":true}]}}