{"id":49,"date":"2023-04-11T18:13:11","date_gmt":"2023-04-11T16:13:11","guid":{"rendered":"https:\/\/ambasciatapraga.esteri.it\/?page_id=49"},"modified":"2026-02-24T16:56:28","modified_gmt":"2026-02-24T15:56:28","slug":"passaporti-e-carte-didentita","status":"publish","type":"page","link":"https:\/\/ambtunisi.esteri.it\/it\/servizi-consolari-e-visti\/servizi-per-il-cittadino-italiano\/passaporti-e-carte-didentita\/","title":{"rendered":"Passaporti e documenti"},"content":{"rendered":"<p><strong>PASSAPORTI E DOCUMENTI<\/strong><\/p>\n<p><strong><u>PASSAPORTI<\/u><\/strong><\/p>\n<p>Si informa che il servizio<strong>\u00a0\u00e8 riservato solo ed esclusivamente<\/strong>:<\/p>\n<ul>\n<li>ai cittadini italiani iscritti all\u2019AIRE presso la circoscrizione dell\u2019Ambasciata d\u2019Italia a Tunisi<\/li>\n<li>per i connazionali nati all\u2019estero (il rilascio del passaporto \u00e8 subordinato alla trascrizione dell\u2019atto di nascita da parte del Comune italiano di iscrizione AIRE).<\/li>\n<\/ul>\n<p>Per richiedere il passaporto presso la Cancelleria Consolare dell\u2019Ambasciata a Tunisi \u00e8 necessario\u00a0<strong>essere in regola con l\u2019iscrizione all\u2019AIRE<\/strong>. Chi non \u00e8 ancora iscritto, perch\u00e9 precedentemente residente in Italia, oppure chi \u00e8 iscritto presso un altro Ufficio consolare, perch\u00e9 gi\u00e0 residente all\u2019estero ma in altra circoscrizione consolare,\u00a0<strong>deve iscriversi\/aggiornare la propria posizione anagrafica <span style=\"text-decoration: underline;\">con anticipo<\/span> rispetto al giorno dell&#8217;appuntamento<\/strong>\u00a0per l\u2019emissione del passaporto,\u00a0<strong>tramite il portale FAST-IT<\/strong>\u00a0raggiungibile al link\u00a0<a href=\"https:\/\/serviziconsolarionline.esteri.it\/\"><strong>https:\/\/serviziconsolarionline.esteri.it<\/strong><\/a>. Il portale FAST-IT segnaler\u00e0 all\u2019utente quando la richiesta di iscrizione\/aggiornamento \u00e8 stata accettata: lo stato della pratica passer\u00e0 a \u201ctrasmessa al Comune\/definita\u201d.<\/p>\n<p>Anche in caso di\u00a0<strong>variazione del proprio indirizzo di residenza<\/strong>, si dovr\u00e0 effettuare l\u2019aggiornamento dell\u2019indirizzo <span style=\"text-decoration: underline;\">con anticipo<\/span> rispetto al giorno dell&#8217;appuntamento per l\u2019emissione del passaporto tramite il portale FAST IT.<\/p>\n<p><strong>Dopo aver letto attentamente questa pagina, \u00e8 possibile prendere un appuntamento solo attraverso il portale\u00a0<\/strong><a href=\"https:\/\/prenotami.esteri.it\/\"><strong>Prenot@mi<\/strong><\/a><strong>.<\/strong><\/p>\n<p>I cittadini italiani non residenti in Tunisia possono eccezionalmente richiedere il rilascio del passaporto per giustificati e documentati motivi. In questo caso la Cancelleria Consolare deve richiedere le necessarie autorizzazioni all\u2019emissione del documento (delega e nulla osta) all\u2019Ufficio territorialmente competente (Questura o Ambasciata\/Consolato italiano competente per il luogo di residenza dell\u2019interessato) .<\/p>\n<p>Per passaporto ordinario si intende il passaporto elettronico costituito da un libretto di 48 pagine a modello unificato. La validit\u00e0 temporale del passaporto varia in base all\u2019et\u00e0 del titolare:<\/p>\n<ul>\n<li>per i minori di 3 anni la validit\u00e0 \u00e8 di 3 anni;<\/li>\n<li>per i minori dai 3 ai 18 anni la validit\u00e0 \u00e8 di 5 anni;<\/li>\n<li>per i maggiorenni la validit\u00e0 \u00e8 di 10 anni.<\/li>\n<\/ul>\n<p>Alla scadenza della validit\u00e0, riportata all\u2019interno del documento, si deve richiedere l\u2019emissione di un nuovo passaporto (non \u00e8 possibile un rinnovo). \u00c8 possibile presentare domanda di passaporto a partire da sei mesi prima della scadenza prevista del documento.<\/p>\n<p>&nbsp;<\/p>\n<p><strong>DOCUMENTAZIONE RICHIESTA PER IL RILASCIO DI PASSAPORTO A CITTADINI MAGGIORENNI<\/strong><\/p>\n<p>Per il rilascio di un nuovo passaporto (il rinnovo non \u00e8 pi\u00f9 possibile) in favore di cittadini italiani maggiorenni occorre presentarsi di persona negli uffici della Cancelleria Consolare dell\u2019Ambasciata\u00a0<strong>previo appuntamento attraverso il portale\u00a0<\/strong><a href=\"https:\/\/prenotami.esteri.it\/\"><strong>Prenot@mi<\/strong><\/a>.<\/p>\n<p>La documentazione da presentare <strong>in formato cartaceo<\/strong> il giorno dell\u2019appuntamento \u00e8 la seguente:<\/p>\n<ul>\n<li>una fotografia recente, frontale e a colori su sfondo chiaro, formato 35 x 40 mm, acquisita da non oltre sei mesi;<\/li>\n<li>corrispettivo in moneta locale pari a 116 euro;<\/li>\n<li>documento di identit\u00e0: passaporto scaduto o in scadenza. Nel caso in cui il passaporto fosse gi\u00e0 scaduto, occorrer\u00e0 presentare un altro documento di identit\u00e0 in corso di validit\u00e0;<\/li>\n<li>in caso di primo passaporto italiano presentarsi con un documento d\u2019identit\u00e0 italiano (<strong>carta di identit\u00e0<\/strong>) oppure con documento straniero (<strong>passaporto<\/strong>);<\/li>\n<\/ul>\n<p>Per i cittadini iscritti AIRE in assenza di motivi ostativi (quali segnalazioni amministrative, ecc) e se la documentazione presentata allo sportello \u00e8 completa, il passaporto verr\u00e0 rilasciato al richiedente il giorno dell\u2019appuntamento.<\/p>\n<p><span style=\"text-decoration: underline;\"><strong>AVVERTENZA<\/strong><\/span><\/p>\n<p>In occasione del rilascio del passaporto, il Consolato verificher\u00e0 che i dati riguardanti il richiedente e il suo nucleo familiare siano aggiornati e non siano intervenute variazioni relative all\u2019indirizzo, allo stato civile (matrimonio, divorzio), alla nascita di figli, ecc. Ove necessario, il Consolato provveder\u00e0 a richiedere ulteriore documentazione al fine di regolarizzare la posizione anagrafica del richiedente e\/o dei suoi familiari conviventi.<\/p>\n<p><strong>DOCUMENTAZIONE PER RILASCIO PASSAPORTO A CITTADINI MINORI<\/strong><\/p>\n<p>Per richiedere un passaporto per un minore \u00e8 necessario che:<\/p>\n<ul>\n<li>il suo atto di nascita sia stato trascritto in Italia o almeno che la documentazione idonea alla registrazione della sua nascita in Italia sia stata presentata all\u2019Ufficio Stato Civile della Cancelleria Consolare per la successiva trasmissione al Comune (per maggiori informazioni sulla trascrizione della nascita di bambini nati in Tunisia, si prega di visitare la sezione Stato Civile);<\/li>\n<li>sia in regola con l\u2019iscrizione all\u2019AIRE e l\u2019indirizzo di residenza sia aggiornato. La richiesta di iscrizione all\u2019AIRE e le variazioni di residenza (cambio di indirizzo all\u2019interno della stessa circoscrizione consolare o cambio di circoscrizione consolare) si effettuano collegandosi al portale FAST-IT <a href=\"https:\/\/serviziconsolarionline.esteri.it\/\">https:\/\/serviziconsolarionline.esteri.it<\/a>\u00a0.<\/li>\n<\/ul>\n<p><strong>RICHIESTA PASSAPORTO PER MINORENNI<\/strong><\/p>\n<p>In caso di richiesta di passaporto per un minore, \u00e8 necessaria la presenza del minore in Cancelleria Consolare, accompagnato da entrambi o da uno dei genitori.<\/p>\n<p>La documentazione da presentare <strong>in formato cartaceo<\/strong> il giorno dell\u2019appuntamento \u00e8 la seguente:<\/p>\n<ul>\n<li>formulario di domanda di rilascio del passaporto compilato in tutti i campi (<a href=\"https:\/\/ambtunisi.esteri.it\/wp-content\/uploads\/2025\/03\/DOMANDA-PASSAPORTO-MINORENNI-25-03-2025.pdf\">DOMANDA PASSAPORTO MINORENNI<\/a>);<\/li>\n<li>due fotografie recenti, uguali, frontali e a colori su sfondo chiaro acquisite da non oltre sei mesi;<\/li>\n<li>corrispettivo in moneta locale pari a 116 euro;<\/li>\n<li>documento di identit\u00e0: passaporto scaduto o in scadenza. Nel caso in cui il passaporto fosse gi\u00e0 scaduto, occorrer\u00e0 presentare un altro documento di identit\u00e0 in corso di validit\u00e0;<\/li>\n<li>in caso di primo passaporto italiano presentarsi con un documento d\u2019identit\u00e0 italiano (carta di identit\u00e0) o un documento straniero (passaporto);<\/li>\n<li>domanda di rilascio di passaporto per minori debitamente compilata e\u00a0<strong>firmata dai <span style=\"text-decoration: underline;\">due genitori<\/span> oppure <\/strong>domanda di rilascio di passaporto per minori firmata da uno solo dei genitori\u00a0<strong>accompagnata da separato atto di assenso\u00a0 (<\/strong><a href=\"https:\/\/ambtunisi.esteri.it\/wp-content\/uploads\/2024\/04\/ATTO-ASSENSO-MINORI.pdf\"><strong>ATTO ASSENSO MINORI<\/strong><\/a><strong>)<\/strong>\u00a0dell\u2019altro genitore. L\u2019atto di assenso debitamente compilato e firmato e la fotocopia del documento di riconoscimento in corso di validit\u00e0 vanno anticipati via mail all\u2019indirizzo\u00a0<u>passaporti.tunisi@esteri.it<\/u>.<\/li>\n<\/ul>\n<p><span style=\"text-decoration: underline;\"><strong>ATTENZIONE<\/strong><\/span>:<\/p>\n<ul>\n<li><strong><u>in caso di domanda firmata dai due genitori:<\/u><\/strong>\u00a0se l\u2019altro genitore \u00e9:<\/li>\n<\/ul>\n<p>\u2013\u00a0<strong>cittadino UE<\/strong>, la domanda \u00e8 accompagnata dalla fotocopia dei loro documenti di riconoscimento in corso di validit\u00e0, dove siano visibili firma, generalit\u00e0 e fotografia del titolare (la firma dovr\u00e0 essere uguale a quella apposta sul modulo);<\/p>\n<p>\u2013\u00a0<strong>cittadino di un Paese extra-europeo<\/strong>, la firma sul formulario di richiesta del passaporto dovr\u00e0 essere apposta davanti all\u2019operatore dell\u2019Ufficio Passaporti della cancelleria Consolare che provveder\u00e0 ad autenticarla.<\/p>\n<ul>\n<li><strong><u>in caso di domanda firmata da un solo genitore con separato atto di assenso<\/u><\/strong>: Se l\u2019altro genitore \u00e9:<\/li>\n<\/ul>\n<p>\u2013\u00a0<strong>cittadino UE<\/strong>, insieme all\u2019atto di assenso firmato \u00e8 sufficiente presentare la fotocopia di un documenti di riconoscimento in corso di validit\u00e0, dove siano visibili firma, generalit\u00e0 e fotografia del titolare (la firma dovr\u00e0 essere uguale a quella apposta sul modulo);<\/p>\n<p>\u2013\u00a0<strong>cittadino di un Paese extra-europeo<\/strong>, la firma sull\u2019atto di assenso deve essere fatta autenticare. L\u2019autentica della firma pu\u00f2 essere effettuata in Consolato oppure presso una Questura se l\u2019altro genitore si trova in Italia o presso una Rappresentanza diplomatico-consolare italiana se l\u2019altro genitore si trova all\u2019estero in un\u2019altra circoscrizione consolare.<\/p>\n<p>In caso di decesso di uno dei genitori, sar\u00e0 richiesto di presentarne l\u2019atto di morte.<\/p>\n<p>In mancanza dell\u2019assenso dell\u2019altro genitore, il Capo della cancelleria consolare \u2013 nella sua veste di Giudice Tutelare dei minori residenti nella circoscrizione consolare di sua competenza \u2013 pu\u00f2 autorizzare il rilascio del passaporto al richiedente con apposito decreto consolare, dopo aver effettuato gli accertamenti di rito.<\/p>\n<p>&nbsp;<\/p>\n<p><strong>RESTITUZIONE DEI PASSAPORTI RINVENUTI ALL\u2019ESTERO E RESTITUITI ALLA CANCELLERIA CONSOLARE<\/strong><\/p>\n<p>Si rende noto che i passaporti oggetto di furto o smarrimento all\u2019estero e successivamente rinvenuti da parte delle locali Autorit\u00e0 devono essere restituiti all\u2019Ufficio consolare nella cui circoscrizione \u00e8 avvenuto il furto o lo smarrimento.<br \/>\nSi invitano pertanto coloro che abbiano subito un furto\/smarrimento in Tunisia e vogliano verificare se i propri documenti siano stati rinvenuti a contattare la Cancelleria Consolare dell\u2019Ambasciata all\u2019indirizzo mail\u00a0<a href=\"mailto:consolare.tunisi@esteri.it\">consolare.tunisi@esteri.it<\/a>.<\/p>\n<p>Si segnala che l\u2019eventuale ritiro del passaporto potr\u00e0 avvenire esclusivamente presso l\u2019Ufficio Consolare.<\/p>\n<p>Si ricorda che trascorso il periodo massimo di un anno di giacenza presso l\u2019Ufficio consolare, a decorrere dalla data in cui le Autorit\u00e0 locali restituiscono i passaporti rubati o smarriti, senza che i documenti siano stati reclamati dai legittimi proprietari, si proceder\u00e0 alla loro distruzione senza ulteriori comunicazioni.<\/p>\n<p>&nbsp;<\/p>\n<p><strong><u>CARTA D\u2019IDENTITA\u2019 ELETTRONICA<\/u><\/strong><strong>\u00a0(CIE)<\/strong><\/p>\n<p><strong>Che cos\u2019\u00e8 la carta d\u2019identit\u00e0 elettronica (CIE)?<\/strong><\/p>\n<p>La carta d\u2019identit\u00e0 \u00e8 un documento personale di riconoscimento valido per identificarsi e circolare nell\u2019Unione Europea, in alcuni Stati aderenti all\u2019accordo di Schengen (ad es. Islanda, Norvegia e Svizzera) e in altri Stati con cui sono stati raggiunti accordi bilaterali (vedasi le singole \u201cschede Paese\u201d sul sito\u00a0<a href=\"http:\/\/www.viaggiaresicuri.it)\/\">www.viaggiaresicuri.it)<\/a>.<\/p>\n<p><strong>A chi pu\u00f2 essere rilasciata la carta d\u2019identit\u00e0 elettronica (CIE)?<\/strong><br \/>\nLa Cancelleria Consolare di Tunisi pu\u00f2 rilasciare la carta d\u2019identit\u00e0 esclusivamente ai cittadini italiani regolarmente residenti in questa circoscrizione consolare con iscrizione AIRE completa, atto di nascita trascritto e codice fiscale validato. I connazionali sono quindi invitati ad accertarsi della propria situazione prima dell\u2019appuntamento.<\/p>\n<p>A partire dal <span style=\"text-decoration: underline;\"><strong>1 giugno 2026<\/strong><\/span>, i cittadini iscritti all&#8217;AIRE potranno presentare domanda per il rilascio della CIE anche presso qualsiasi Comune italiano. La CIE sar\u00e0 consegnata con le medesime modalit\u00e0 previste in caso di domanda presentata tramite l&#8217;Ufficio consolare, con facolt\u00e0 per l&#8217;interessato di ritirarla personalmente presso il Comune ovvero di richiederne la spedizione all&#8217;estero.<\/p>\n<p>I connazionali che non siano in possesso del codice fiscale \u2013 indispensabile per emettere le CIE \u2013 potranno formularne richiesta compilando il relativo<a href=\"https:\/\/conslione.esteri.it\/wp-content\/uploads\/2023\/08\/codice_fiscale.pdf\">\u00a0il modulo<\/a>\u00a0da inviare per mail all\u2019indirizzo\u00a0<a href=\"mailto:legalizza.tunisi@esteri.it\">legalizza.tunisi@esteri.it<\/a>, insieme a un documento d\u2019identit\u00e0.<\/p>\n<p>Nel caso di variazione d\u2019indirizzo di residenza (rispetto a quello comunicato in precedenza all\u2019Ufficio consolare), \u00e8 necessario chiedere la variazione di indirizzo tramite il portale FAST IT\u00a0<strong><u>prima<\/u><\/strong>\u00a0di procedere alla prenotazione.<\/p>\n<p><strong>Ricordiamo che senza i requisiti sopramenzionati NON sar\u00e0 possibile procedere al\u00a0 rilascio della CIE.<\/strong><\/p>\n<p><strong>Quando si pu\u00f2 richiedere la carta d\u2019identit\u00e0 elettronica CIE?<\/strong><\/p>\n<p>La CIE pu\u00f2 essere richiesta:<\/p>\n<ul>\n<li>in sostituzione di una carta di identit\u00e0 cartacea valida;<\/li>\n<li>da chi non sia in possesso di un\u2019altra carta d\u2019identit\u00e0 valida;<\/li>\n<li>in caso di furto o smarrimento di una carta di identit\u00e0 cartacea valida presentando la relativa denuncia (tradotta e con apostille).<\/li>\n<\/ul>\n<p><strong>Come si richiede la carta d\u2019identit\u00e0 elettronica (CIE)?<\/strong><\/p>\n<p>La richiesta della carta d\u2019identit\u00e0 elettronica deve essere presentata utilizzando\u00a0<strong><u>esclusivamente<\/u><\/strong>\u00a0la piattaforma Prenot@MI \u2013 selezionando il servizio CIE \u2013 e da pc o laptop (non da cellulare) con uno dei seguenti browser:<\/p>\n<ul>\n<li>Edge<\/li>\n<li>Chrome<\/li>\n<\/ul>\n<p><strong>\u00c8 possibile chiedere l\u2019appuntamento per i miei figli minori<\/strong><\/p>\n<p>S\u00ec. In fase di prenotazione dell\u2019appuntamento occorre compilare una scheda per ciascuna persona che ha bisogno della nuova carta CIE (richiedenti).<\/p>\n<p><strong>Qual \u00e8 la documentazione necessaria da portare con s\u00e9 al momento dell\u2019appuntamento per richiedere la carta d\u2019identit\u00e0 elettronica (CIE)?<\/strong><\/p>\n<p>Il richiedente deve presentarsi munito di:<\/p>\n<ol>\n<li><a href=\"https:\/\/ambtunisi.esteri.it\/wp-content\/uploads\/2024\/05\/Modello-_richiesta-CIE-maggiorenne_-2024.pdf\">Modulo di richiesta della CIE per maggiorenni<\/a><\/li>\n<li>Una fototessera a norma biometrica (recente, frontale, a sfondo bianco, a colori formato 35 x 45 mm);<\/li>\n<li>Carta di identit\u00e0 \/ passaporto in corso di validit\u00e0 o dichiarazione di smarrimento\/furto di carta identit\u00e0 se del caso;<\/li>\n<li><a href=\"https:\/\/ambtunisi.esteri.it\/wp-content\/uploads\/2024\/05\/Modello_richiesta_CIE_minori_-2024.pdf\">Modulo di richiesta della CIE<\/a>\u00a0e\u00a0<a href=\"https:\/\/ambtunisi.esteri.it\/wp-content\/uploads\/2024\/05\/Atto-di-Assenso.pdf\">atto di assenso di entrambi genitori<\/a>\u00a0nel caso in cui il richiedente sia un minore di 18 anni (v. punto 10);<\/li>\n<li>La ricevuta di conferma dell\u2019appuntamento.<\/li>\n<\/ol>\n<p><strong>Quali operazioni sono effettuate il giorno dell\u2019appuntamento?<\/strong><br \/>\nIl giorno dell\u2019appuntamento, l\u2019operatore consolare acquisisce la documentazione indicata al punto precedente, effettua il riconoscimento e la verifica della foto ed acquisisce le impronte digitali e la firma (salvo per i minori di anni 12).<\/p>\n<p><strong>Come si riceve la carta d\u2019identit\u00e0 elettronica (CIE)?<\/strong><\/p>\n<p><strong>La CIE \u00e8 emessa dal Ministero dell\u2019Interno e prodotta dall\u2019Istituto Poligrafico e Zecca dello Stato.\u00a0<\/strong><\/p>\n<p>La Carta d\u2019Identit\u00e0 Elettronica\u00a0<strong>NON<\/strong>\u00a0viene rilasciata a vista, bens\u00ec viene spedita\u00a0<strong>a mezzo posta raccomandata,\u00a0<\/strong>presso gli uffici della Cancelleria Consolare di Tunisi.<\/p>\n<p>Al momento dell\u2019appuntamento i connazionali dovranno fornire un contatto telefonico al quale essi siano raggiungibili e una mail valida.<\/p>\n<p><strong>\u00a0Quanto tempo vale la carta d\u2019identit\u00e0 elettronica (CIE)?<\/strong><\/p>\n<p>La validit\u00e0 della carta d\u2019identit\u00e0 varia a seconda dell\u2019et\u00e0 del titolare ed \u00e8 di:<br \/>\n\u2013 3 anni di validit\u00e0 per i minori di et\u00e0 compresa tra 0 e 3 anni;<\/p>\n<p>\u2013 5 anni di validit\u00e0 per i minori di et\u00e0 compresa tra 4 e 17 anni;<\/p>\n<p>\u2013 10 anni di validit\u00e0 per maggiorenni.<\/p>\n<p><strong>Cos\u2019\u00e8 l\u2019atto di assenso?<\/strong><\/p>\n<p>L\u2019assenso per il rilascio della carta di identit\u00e0 per minorenni \u00e8 necessario anche in caso di genitori non sposati, separati o divorziati.<\/p>\n<p>Se l\u2019altro genitore \u00e8 un cittadino comunitario, non \u00e8 necessaria la presenza in Consolato dello stesso. Sar\u00e0 sufficiente il modulo\u00a0<a href=\"https:\/\/consdubai.esteri.it\/wp-content\/uploads\/2023\/10\/cie2.pdf\">CIE2<\/a>\u00a0compilato e firmato insieme ad una fotocopia del passaporto o carta d\u2019identit\u00e0 di chi concede l\u2019assenso, per il confronto delle firme.<\/p>\n<p>Se il genitore che concede l\u2019assenso \u00e8 un cittadino extracomunitario la firma della dichiarazione d\u2019assenso potr\u00e0 avvenire :<\/p>\n<ul>\n<li>presso gli uffici della Cancelleria Consolare di Tunisi il giorno dell\u2019appuntamento, munito di documento di identit\u00e0;<\/li>\n<li>presso un funzionario della Pubblica Amministrazione in Italia;<\/li>\n<li>presso gli Uffici delle Cancellerie Consolari di una qualsiasi Ambasciata o Consolato italiano nel mondo.<\/li>\n<\/ul>\n<p>In caso di decesso di uno dei genitori occorre presentare una copia del certificato di morte.<\/p>\n<p>Nel caso in cui non fosse possibile ottenere l\u2019assenso dell\u2019altro genitore, sar\u00e0 necessario chiedere l\u2019intervento del Giudice Tutelare .<\/p>\n<p><strong>Devo chiedere una nuova carta d\u2019identit\u00e0 elettronica (CIE) se cambio indirizzo?<\/strong><\/p>\n<p>No. La carta d\u2019identit\u00e0 \u00e8 un documento di identit\u00e0 e non di residenza.<\/p>\n<p><strong>\u00c8 possibile per le donne sposate inserire nella carta d\u2019identit\u00e0 elettronica (CIE) il cognome del marito?<\/strong><\/p>\n<p>No. La carta d\u2019identit\u00e0 \u00e8 un documento di identit\u00e0 e non di stato civile.<\/p>\n<p><strong>Posso richiedere la carta d\u2019identit\u00e0 elettronica (CIE) presso il mio Comune in Italia, anche se residente all\u2019estero?<\/strong><\/p>\n<p>Il connazionale dovr\u00e0 verificare con il Comune in Italia.<\/p>\n<p><strong>Quali sono i costi per il rilascio della carta d\u2019identit\u00e0 elettronica (CIE)?<\/strong><\/p>\n<p>Il pagamento si effettuer\u00e0 in contati e in TND (valuta locale). Il costo delle CIE \u00e8 pari:<\/p>\n<ul>\n<li>al corrispettivo in dinari dell\u2019importo di 21,95 \u20ac in caso di rilascio;<\/li>\n<li>al corrispettivo in dinari dell\u2019importo di 27,11 \u20ac in caso di duplicato per furto, smarrimento o deterioramento.<\/li>\n<\/ul>\n<p>&nbsp;<\/p>\n<p><strong><u>DICHIARAZIONE DI ACCOMPAGNAMENTO<\/u><\/strong><\/p>\n<p>Nel caso in cui un\u00a0<strong>minore italiano che non ha compiuto quattordici anni viaggi fuori dal Paese di residenza non accompagnato da almeno uno dei genitori (o da chi ne fa le veci) \u00e8 necessario richiedere una dichiarazione di accompagnamento<\/strong>.\u00a0Oltre alla dichiarazione di accompagnamento, il minore dovr\u00e0 essere in possesso di un passaporto in corso di validit\u00e0.<\/p>\n<p>COME EFFETTUARE LA RICHIESTA DELLA DICHIARAZIONE DI ACCOMPAGNAMENTO<\/p>\n<p>Per la richiesta della dichiarazione di accompagnamento devono essere presentati i seguenti documenti:<\/p>\n<ul>\n<li>Modulo di dichiarazione accompagnamento compilato e firmato (<a href=\"https:\/\/ambtunisi.esteri.it\/wp-content\/uploads\/2024\/04\/DICHIARAZIONE-DI-ACCOMPAGNAMENTO-PER-MINORI.rtf\">DICHIARAZIONE DI ACCOMPAGNAMENTO PER MINORI<\/a>) ;<\/li>\n<li>Copia del passaporto in corso di validit\u00e0 che il minore utilizzer\u00e0 per il viaggio;<\/li>\n<li>Copia dei documenti d\u2019identit\u00e0 dei genitori (o degli esercenti la responsabilit\u00e0 genitoriale o tutoriale);<\/li>\n<li>Copia del documento d\u2019identit\u00e0 dell\u2019accompagnatore (Si possono indicare fino ad un massimo di due accompagnatori alternativi fra loro).<\/li>\n<li>Copia del biglietto aereo<\/li>\n<\/ul>\n<p>La richiesta della dichiarazione deve essere presentata, allegando la documentazione sopra indicata:<\/p>\n<p>IMPORTANTE: nel caso in cui uno dei genitori non sia cittadino dell\u2019UE, la sua firma sul formulario di richiesta dovr\u00e0 essere fatta autenticare presso l\u2019Ufficio Passaporti del Consolato<\/p>\n<p>La dichiarazione di accompagnamento \u00e8 gratuita ed \u00e8 <strong><u>valida per un solo viaggio (da intendersi come viaggio di \u201candata e ritorno\u201d<\/u><\/strong>) fuori dal Paese di residenza del minore e con una destinazione programmata. Si consiglia comunque di inserire nella dichiarazione un periodo pi\u00f9 ampio della stretta durata del viaggio, in modo da non dover richiedere una nuova attestazione in caso di spostamenti\/cancellazioni dei voli\/treni.<\/p>\n<p>Il termine massimo di validit\u00e0 della dichiarazione, entro cui devono essere comprese la data di partenza e di rientro, \u00e8 di 6 mesi. La validit\u00e0 non pu\u00f2 comunque superare la data di scadenza del passaporto del minore.<\/p>\n<p>Nel caso di viaggi che prevedono l\u2019attraversamento di diversi Stati, spetta ai genitori (o a chi ne fa le veci) indicare \u2013 ove necessario in considerazione delle modalit\u00e0 del viaggio stesso \u2013 eventuali Paesi di transito, oltre al Paese di destinazione finale.<\/p>\n<p>Nel caso di affidamento ad un ente o compagnia di trasporto \u00e8 rilasciata unicamente l\u2019attestazione (e non la menzione sul passaporto). Si suggerisce \u2013 prima di acquistare il biglietto della compagnia di trasporto \u2013 di verificare che il vettore accetti che il minore sia ad esso affidato.<\/p>\n<p>Si raccomanda di presentare la richiesta con congruo anticipo rispetto alla data di partenza del minore.<\/p>\n<p>&nbsp;<\/p>\n<p>Per ulteriori informazioni, visita la pagina \u201c<a href=\"https:\/\/www.esteri.it\/it\/servizi-consolari-e-visti\/italiani-all-estero\/documenti_di_viaggio\/\">Documenti di viaggio<\/a>\u201d della sezione \u201cservizi consolari\u201d del sito del Ministero degli Affari Esteri e della Cooperazione Internazionale.<\/p>\n<p>&nbsp;<\/p>\n","protected":false},"excerpt":{"rendered":"PASSAPORTI E DOCUMENTI PASSAPORTI Si informa che il servizio\u00a0\u00e8 riservato solo ed esclusivamente: ai cittadini italiani iscritti all\u2019AIRE presso la circoscrizione dell\u2019Ambasciata d\u2019Italia a Tunisi per i connazionali nati all\u2019estero (il rilascio del passaporto \u00e8 subordinato alla trascrizione dell\u2019atto di nascita da parte del Comune italiano di iscrizione AIRE). Per richiedere il passaporto presso la [&hellip;]","protected":false},"author":1,"featured_media":0,"parent":47,"menu_order":0,"comment_status":"closed","ping_status":"closed","template":"","meta":{"footnotes":""},"class_list":["post-49","page","type-page","status-publish","hentry"],"_links":{"self":[{"href":"https:\/\/ambtunisi.esteri.it\/it\/wp-json\/wp\/v2\/pages\/49","targetHints":{"allow":["GET"]}}],"collection":[{"href":"https:\/\/ambtunisi.esteri.it\/it\/wp-json\/wp\/v2\/pages"}],"about":[{"href":"https:\/\/ambtunisi.esteri.it\/it\/wp-json\/wp\/v2\/types\/page"}],"author":[{"embeddable":true,"href":"https:\/\/ambtunisi.esteri.it\/it\/wp-json\/wp\/v2\/users\/1"}],"replies":[{"embeddable":true,"href":"https:\/\/ambtunisi.esteri.it\/it\/wp-json\/wp\/v2\/comments?post=49"}],"version-history":[{"count":7,"href":"https:\/\/ambtunisi.esteri.it\/it\/wp-json\/wp\/v2\/pages\/49\/revisions"}],"predecessor-version":[{"id":3128,"href":"https:\/\/ambtunisi.esteri.it\/it\/wp-json\/wp\/v2\/pages\/49\/revisions\/3128"}],"up":[{"embeddable":true,"href":"https:\/\/ambtunisi.esteri.it\/it\/wp-json\/wp\/v2\/pages\/47"}],"wp:attachment":[{"href":"https:\/\/ambtunisi.esteri.it\/it\/wp-json\/wp\/v2\/media?parent=49"}],"curies":[{"name":"wp","href":"https:\/\/api.w.org\/{rel}","templated":true}]}}