{"id":71,"date":"2023-04-11T18:19:16","date_gmt":"2023-04-11T16:19:16","guid":{"rendered":"https:\/\/ambasciatapraga.esteri.it\/?page_id=71"},"modified":"2024-10-04T16:03:48","modified_gmt":"2024-10-04T15:03:48","slug":"servizi-notarili","status":"publish","type":"page","link":"https:\/\/ambtunisi.esteri.it\/it\/servizi-consolari-e-visti\/servizi-per-il-cittadino-italiano\/servizi-notarili\/","title":{"rendered":"Servizi notarili"},"content":{"rendered":"<p style=\"text-align: justify;\">Il servizio notarile \u00e8 dovuto ai cittadini italiani che si trovino all&#8217;estero in via permanente o temporanea.<\/p>\n<p style=\"text-align: justify;\">L\u2019Ufficio Notarile della Cancelleria Consolare \u00e8 deputato a ricevere gli atti tra vivi e quelli di ultima volont\u00e0, a curare il loro deposito ed a rilasciarne copie ed estratti.<br \/>\nI servizi notarili pi\u00f9 frequentemente richiesti ad un Ufficio consolare sono:<\/p>\n<p style=\"text-align: justify;\">1. Procure<br \/>\n2. Testamento Pubblico<br \/>\n3. Atti Pubblici<br \/>\n4. Attivit\u00e0 di Autenticazione<\/p>\n<p><strong>NB: Prima di prendere appuntamento tramite il portale Prenot@mi, l\u2019utenza \u00e8 pregata di contattare l\u2019Ufficio Notarile all\u2019indirizzo di posta elettronica <a href=\"mailto:tunisi.cittadinanza@esteri.it\">tunisi.cittadinanza@esteri.it<\/a> <\/strong><\/p>\n<p style=\"text-align: justify;\">1.\u00a0<strong>PROCURE<\/strong><\/p>\n<p style=\"text-align: justify;\">La procura \u00e8 un atto con il quale si d\u00e0 la facolt\u00e0 ad un\u2019altra persona di agire in propria vece e rappresentanza ed a compiere gli atti necessari per raggiungere un determinato scopo (es. vendere, acquistare, amministrare, fare donazione, accettare donazione, costituire o sciogliere societ\u00e0, richiedere pubblicazioni di matrimonio, ecc.).<br \/>\nLe procure si dividono in due categorie:<\/p>\n<ul style=\"text-align: justify;\">\n<li>procure generali: con questi atti l&#8217;interessato affida al rappresentante la gestione di tutti i suoi affari, sia presenti sia futuri. La procura generale \u00e8 rilasciata a tempo indeterminato;<\/li>\n<li>procure speciali: con questi atti l&#8217;interessato affida al rappresentante la gestione di una parte dei suoi affari. La procura speciale cessa di avere efficacia nel momento in cui l\u2019incarico particolare per il quale \u00e8 stata rilasciata si conclude.<\/li>\n<\/ul>\n<p style=\"text-align: justify;\">2.\u00a0<strong>TESTAMENTO PUBBLICO<\/strong><\/p>\n<p style=\"text-align: justify;\">Tra le attivit\u00e0 proprie dell&#8217;Ufficio consolare rientra la redazione di alcuni atti concernenti le dichiarazioni di ultima volont\u00e0 di soggetti che si trovano all&#8217;estero.<br \/>\nIl testamento pubblico \u00e8 la dichiarazione di volont\u00e0 del testatore resa ad un funzionario delegato alle funzioni notarili in presenza di due testimoni e redatta in forma scritta.<br \/>\nNel testamento segreto, invece, le funzioni dell\u2019Ufficio notarile si limitano al ricevimento formale dell&#8217;atto (il cui contenuto rimane segreto) ed al suo deposito nell&#8217;Ufficio.<br \/>\nIl testamento olografo, infine, non necessita della stesura da parte di un funzionario dell&#8217;Ufficio notarile e pu\u00f2 essere depositato in ogni luogo e presso chiunque. Solitamente esso viene depositato presso l&#8217;Ufficio notarile al fine di evitare la possibilit\u00e0 di un suo smarrimento e per assicurarne l&#8217;immediata pubblicazione alla morte del testatore.<\/p>\n<p style=\"text-align: justify;\">3.\u00a0<strong>ATTI PUBBLICI<\/strong><\/p>\n<p style=\"text-align: justify;\">Si tratta di una tipologia di atti giuridici (come ad esempio l&#8217;atto di donazione) per i quali la legge prevede la forma dell&#8217;atto pubblico.<\/p>\n<p style=\"text-align: justify;\">4.\u00a0<strong>ATTIVIT\u00c0 DI AUTENTICAZIONE<\/strong><\/p>\n<p style=\"text-align: justify;\">L&#8217;attivit\u00e0 di autenticazione \u00e8 normalmente svolta da un pubblico funzionario della Cancelleria Consolare, ma pu\u00f2 anche essere svolta da un funzionario delegato alle funzioni notarili. Trattasi in particolare di:<\/p>\n<ul style=\"text-align: justify;\">\n<li>Autentica di firma: consiste nell&#8217;attestazione da parte del pubblico funzionario della provenienza di un atto da parte del soggetto che lo ha firmato. Per procedere all&#8217;autenticazione della firma, \u00e8 necessario presentarsi personalmente presso l\u2019Ufficio Notarile con un documento di riconoscimento ed il proprio codice fiscale;<\/li>\n<li>Autentica di fotografia: a tal fine \u00e8 necessario presentarsi personalmente presso l\u2019Ufficio Notarile con un documento di riconoscimento e tre fotografie uguali.<\/li>\n<\/ul>\n<p style=\"text-align: justify;\"><strong>L\u2019AUTOCERTIFICAZIONE<\/strong><\/p>\n<p style=\"text-align: justify;\">Per &#8220;autocertificazione&#8221; si intende &#8220;la certificazione prodotta dall\u2019interessato in sostituzione della normale certificazione&#8221; (art.2, legge 15\/1968). Essa rappresenta cio\u00e8 la possibilit\u00e0 per il cittadino di fornire le stesse notizie presenti in un registro pubblico in modo pi\u00f9 semplice e con meno oneri.<\/p>\n<p style=\"text-align: justify;\">La possibilit\u00e0 di avvalersi dell\u2019autocertificazione \u00e8 concessa a tutti i cittadini italiani e dei Paesi europei.<\/p>\n<p style=\"text-align: justify;\">La facolt\u00e0 di avvalersi di dichiarazioni sostitutive \u00e8 stata estesa anche ai cittadini extracomunitari regolarmente soggiornanti in Italia limitatamente ai dati verificabili o certificabili in Italia da soggetti pubblici.<\/p>\n<p style=\"text-align: justify;\">La dichiarazione sostitutiva delle normali certificazioni si pu\u00f2 fare scrivendo su carta semplice e firmando sotto la propria ed esclusiva responsabilit\u00e0 (non \u00e8 necessario firmare davanti all\u2019impiegato) o compilando dichiarazioni sostitutive.<br \/>\nInoltre, \u00e8 possibile trasmettere documenti, atti e certificati per fax, per posta o mezzo telematico e informatico alle Amministrazioni Pubbliche.<\/p>\n<p style=\"text-align: justify;\">Le dichiarazioni sostitutive hanno la stessa validit\u00e0 degli atti che sostituiscono.<br \/>\nNormalmente i certificati hanno validit\u00e0 per sei mesi dalla data in cui sono stati rilasciati, salvo che norme di legge o regolamentari non dispongano una validit\u00e0 superiore. La validit\u00e0 delle certificazioni anagrafiche e quelle relative allo stato civile \u00e8 prolungabile se l\u2019interessato dichiara che i dati contenuti nel certificato non hanno subito modifiche e sottoscrive tale dichiarazione.<br \/>\nHanno validit\u00e0 illimitata, invece, i certificati e le dichiarazioni sostitutive che attestano stati e fatti personali che non sono soggetti a modificazioni (certificati di nascita, di morte, titoli di studio, ecc.).<\/p>\n<p style=\"text-align: justify;\">Nel caso in cui si debbano certificare i dati relativi a cognome, nome, luogo e data di nascita, cittadinanza, stato civile e residenza, la Pubblica Amministrazione non pu\u00f2 pi\u00f9 chiedere certificazioni ma \u00e8 sufficiente l\u2019esibizione di un documento di riconoscimento.<br \/>\nLa registrazione dei dati avviene attraverso la fotocopia non autenticata del documento stesso.<br \/>\nSe il documento non \u00e8 pi\u00f9 valido, l\u2019interessato deve dichiarare, in margine alla fotocopia, che i dati contenuti nel documento non sono variati dalla data del rilascio.<\/p>\n","protected":false},"excerpt":{"rendered":"Il servizio notarile \u00e8 dovuto ai cittadini italiani che si trovino all&#8217;estero in via permanente o temporanea. L\u2019Ufficio Notarile della Cancelleria Consolare \u00e8 deputato a ricevere gli atti tra vivi e quelli di ultima volont\u00e0, a curare il loro deposito ed a rilasciarne copie ed estratti. I servizi notarili pi\u00f9 frequentemente richiesti ad un Ufficio [&hellip;]","protected":false},"author":1,"featured_media":0,"parent":47,"menu_order":10,"comment_status":"closed","ping_status":"closed","template":"","meta":{"footnotes":""},"class_list":["post-71","page","type-page","status-publish","hentry"],"_links":{"self":[{"href":"https:\/\/ambtunisi.esteri.it\/it\/wp-json\/wp\/v2\/pages\/71","targetHints":{"allow":["GET"]}}],"collection":[{"href":"https:\/\/ambtunisi.esteri.it\/it\/wp-json\/wp\/v2\/pages"}],"about":[{"href":"https:\/\/ambtunisi.esteri.it\/it\/wp-json\/wp\/v2\/types\/page"}],"author":[{"embeddable":true,"href":"https:\/\/ambtunisi.esteri.it\/it\/wp-json\/wp\/v2\/users\/1"}],"replies":[{"embeddable":true,"href":"https:\/\/ambtunisi.esteri.it\/it\/wp-json\/wp\/v2\/comments?post=71"}],"version-history":[{"count":3,"href":"https:\/\/ambtunisi.esteri.it\/it\/wp-json\/wp\/v2\/pages\/71\/revisions"}],"predecessor-version":[{"id":1985,"href":"https:\/\/ambtunisi.esteri.it\/it\/wp-json\/wp\/v2\/pages\/71\/revisions\/1985"}],"up":[{"embeddable":true,"href":"https:\/\/ambtunisi.esteri.it\/it\/wp-json\/wp\/v2\/pages\/47"}],"wp:attachment":[{"href":"https:\/\/ambtunisi.esteri.it\/it\/wp-json\/wp\/v2\/media?parent=71"}],"curies":[{"name":"wp","href":"https:\/\/api.w.org\/{rel}","templated":true}]}}