{"id":73,"date":"2023-04-11T18:19:45","date_gmt":"2023-04-11T16:19:45","guid":{"rendered":"https:\/\/ambasciatapraga.esteri.it\/?page_id=73"},"modified":"2023-11-23T10:32:45","modified_gmt":"2023-11-23T09:32:45","slug":"traduzione-e-legalizzazione-dei-documenti","status":"publish","type":"page","link":"https:\/\/ambtunisi.esteri.it\/it\/servizi-consolari-e-visti\/servizi-per-il-cittadino-italiano\/traduzione-e-legalizzazione-dei-documenti\/","title":{"rendered":"Traduzione e legalizzazione dei documenti"},"content":{"rendered":"<p style=\"text-align: justify;\"><strong>L\u2019apostille<\/strong><\/p>\n<p style=\"text-align: justify;\">Nei Paesi che hanno sottoscritto la Convenzione de L\u2019Aja del 5 ottobre 1961 relativa all\u2019abolizione della legalizzazione di atti pubblici stranieri, la necessit\u00e0 di legalizzare gli atti e i documenti rilasciati da autorit\u00e0 straniere \u00e8 sostituita da un\u2019altra formalit\u00e0: l\u2019apposizione della \u201cpostilla\u201d (o apostille).<br \/>\nPertanto, una persona proveniente da un Paese che ha aderito a questa Convenzione non ha bisogno di recarsi presso la Rappresentanza consolare e chiedere la legalizzazione, ma pu\u00f2 recarsi presso la competente autorit\u00e0 interna designata da ciascuno Stato &#8211; e indicata per ciascun Paese nell\u2019atto di adesione alla Convenzione stessa (normalmente si tratta del Ministero degli Esteri) &#8211; per ottenere l\u2019apposizione dell\u2019Apostille sul documento. Cos\u00ec perfezionato, il documento viene riconosciuto in Italia.<\/p>\n<p style=\"text-align: justify;\">La Repubblica Tunisina ha aderito alla Convezione de L\u2019Aja del 5 Ottobre 1961 relativa all\u2019abolizione della legalizzazione di atti pubblici stranieri.\u00a0<strong>A partire dal 1 marzo 2019<\/strong>, le Rappresentanze Consolari italiane in Tunisia non sono piu\u2019 autorizzate a legalizzare gli atti pubblici tunisini destinati a essere prodotti in Italia. Tali documenti, comprese le traduzioni effettuate dai traduttori giurati, dovranno essere muniti dell\u2019Apostille prevista dalla Convenzione e rilasciata dai notai, Autorit\u00e0 locali designate dal Ministero della Giustizia e dal Ministero degli affari Esteri tunisini.<\/p>\n<p style=\"text-align: justify;\">Si suggerisce di consultare il\u00a0<a href=\"https:\/\/www.diplomatie.gov.tn\/\">sito web del Ministero degli Affari Esteri della Tunisia<\/a>\u00a0per maggiori informazioni.<\/p>\n<p style=\"text-align: justify;\">L\u2019elenco aggiornato dei Paesi che hanno ratificato la Convenzione de L\u2019Aja e delle autorit\u00e0 competenti all\u2019apposizione dell\u2019apostille per ciascuno degli Stati \u00e8 disponibile sul\u00a0<a href=\"http:\/\/www.hcch.net\/\">sito web della Conferenza de L\u2019Aja di diritto internazionale privato<\/a>.<\/p>\n","protected":false},"excerpt":{"rendered":"L\u2019apostille Nei Paesi che hanno sottoscritto la Convenzione de L\u2019Aja del 5 ottobre 1961 relativa all\u2019abolizione della legalizzazione di atti pubblici stranieri, la necessit\u00e0 di legalizzare gli atti e i documenti rilasciati da autorit\u00e0 straniere \u00e8 sostituita da un\u2019altra formalit\u00e0: l\u2019apposizione della \u201cpostilla\u201d (o apostille). Pertanto, una persona proveniente da un Paese che ha aderito [&hellip;]","protected":false},"author":1,"featured_media":0,"parent":47,"menu_order":14,"comment_status":"closed","ping_status":"closed","template":"","meta":{"footnotes":""},"class_list":["post-73","page","type-page","status-publish","hentry"],"_links":{"self":[{"href":"https:\/\/ambtunisi.esteri.it\/it\/wp-json\/wp\/v2\/pages\/73","targetHints":{"allow":["GET"]}}],"collection":[{"href":"https:\/\/ambtunisi.esteri.it\/it\/wp-json\/wp\/v2\/pages"}],"about":[{"href":"https:\/\/ambtunisi.esteri.it\/it\/wp-json\/wp\/v2\/types\/page"}],"author":[{"embeddable":true,"href":"https:\/\/ambtunisi.esteri.it\/it\/wp-json\/wp\/v2\/users\/1"}],"replies":[{"embeddable":true,"href":"https:\/\/ambtunisi.esteri.it\/it\/wp-json\/wp\/v2\/comments?post=73"}],"version-history":[{"count":3,"href":"https:\/\/ambtunisi.esteri.it\/it\/wp-json\/wp\/v2\/pages\/73\/revisions"}],"predecessor-version":[{"id":385,"href":"https:\/\/ambtunisi.esteri.it\/it\/wp-json\/wp\/v2\/pages\/73\/revisions\/385"}],"up":[{"embeddable":true,"href":"https:\/\/ambtunisi.esteri.it\/it\/wp-json\/wp\/v2\/pages\/47"}],"wp:attachment":[{"href":"https:\/\/ambtunisi.esteri.it\/it\/wp-json\/wp\/v2\/media?parent=73"}],"curies":[{"name":"wp","href":"https:\/\/api.w.org\/{rel}","templated":true}]}}